{"id":52510,"date":"2022-05-05T15:48:41","date_gmt":"2022-05-05T13:48:41","guid":{"rendered":"https:\/\/kleinmetals.kreativloft.ch\/ueber-uns\/"},"modified":"2023-02-10T09:05:03","modified_gmt":"2023-02-10T08:05:03","slug":"about-us","status":"publish","type":"page","link":"https:\/\/kleinmetals.kreativloft.ch\/en\/about-us\/","title":{"rendered":"About us"},"content":{"rendered":"<div class=\"fusion-fullwidth fullwidth-box fusion-builder-row-1 fusion-flex-container nonhundred-percent-fullwidth non-hundred-percent-height-scrolling\" style=\"--awb-border-radius-top-left:0px;--awb-border-radius-top-right:0px;--awb-border-radius-bottom-right:0px;--awb-border-radius-bottom-left:0px;--awb-flex-wrap:wrap;\" ><div class=\"fusion-builder-row fusion-row fusion-flex-align-items-flex-start fusion-flex-content-wrap\" style=\"max-width:1456px;margin-left: calc(-4% \/ 2 );margin-right: calc(-4% \/ 2 );\"><div class=\"fusion-layout-column fusion_builder_column fusion-builder-column-0 fusion_builder_column_1_1 1_1 fusion-flex-column\" style=\"--awb-bg-size:cover;--awb-width-large:100%;--awb-margin-top-large:0px;--awb-spacing-right-large:1.92%;--awb-margin-bottom-large:0px;--awb-spacing-left-large:1.92%;--awb-width-medium:100%;--awb-spacing-right-medium:1.92%;--awb-spacing-left-medium:1.92%;--awb-width-small:100%;--awb-spacing-right-small:1.92%;--awb-spacing-left-small:1.92%;\"><div class=\"fusion-column-wrapper fusion-flex-justify-content-flex-start fusion-content-layout-column\"><div class=\"fusion-text fusion-text-1\"><p>EN<\/p>\n<p><strong>L. Klein AG<\/strong> in Biel\/Bienne ist ein 1946 gegr\u00fcndetes Familienunternehmen, welches zur Schiess Holding AG geh\u00f6rt. Die Firma ist eine Aktiengesellschaft und wird geleitet von Olivier und Philippe Schiess. Das Unternehmen besch\u00e4ftigt 16 Personen.<\/p>\n<p><strong>L. Klein AG<\/strong> ist Lagerhalter und H\u00e4ndler von Edelst\u00e4hlen und Metallen.<\/p>\n<p>Spezialit\u00e4ten sind:<\/p>\n<ul>\n<li>Rund 50 verschiedene Materialqualit\u00e4ten werden lagerbewirtschaftet<\/li>\n<li>\u00dcber 3700 Artikel am Lager<\/li>\n<li>Kleine Abmessungen, runder Querschnitt, in Ringen oder St\u00e4ben<\/li>\n<li>Viele Zwischenabmessungen<\/li>\n<li>Enge Toleranzen<\/li>\n<li>Kleinmengenlieferungen sind m\u00f6glich<\/li>\n<li>zertifiziert nach Norm SE EN ISO 9001<\/li>\n<li>Mehrsprachigkeit ( deutsch &#8211; franz\u00f6sisch &#8211; englisch &#8211; italienisch )<\/li>\n<li>Prompte Erledigung von Offertanfragen, Bestellungen und Lieferungen<\/li>\n<li>Sicheres Lagersystem mit jederzeitiger R\u00fcckverfolgbarkeit<\/li>\n<li>Eigener Lieferservice in der Umgebung (von Biel, Seeland, Berner und Neuenburger Jura, Jura, Solothurn bis Baselland)<\/li>\n<li>Technische Beratung<\/li>\n<\/ul>\n<p>In den letzten Jahrzehnten hat sich <strong>L. Klein AG<\/strong> von einem regionalen Zulieferbetrieb zu einem international t\u00e4tigen Unternehmen entwickelt. Sie beliefert die ganze Welt; dies sind rund 40% des Umsatzes.<\/p>\n<p>In Sorge um die Umwelt ist <strong>L. Klein AG<\/strong> bestrebt, nat\u00fcrliche Ressourcen wie Holz, Regenwasser und Sonnenenergie mit dem neusten Stand der Technik zu verbinden und f\u00fcr die eigenen Bed\u00fcrfnisse zu nutzen.<\/p>\n<\/div><\/div><\/div><\/div><\/div><!-- \/wp:post-content -->","protected":false},"excerpt":{"rendered":"","protected":false},"author":2,"featured_media":61582,"parent":0,"menu_order":0,"comment_status":"closed","ping_status":"closed","template":"","meta":{"_acf_changed":false,"inline_featured_image":false,"footnotes":""},"class_list":["post-52510","page","type-page","status-publish","has-post-thumbnail","hentry"],"acf":[],"yoast_head":"<!-- This site is optimized with the Yoast SEO plugin v24.0 - https:\/\/yoast.com\/wordpress\/plugins\/seo\/ -->\n<title>About us - L.Klein SA - Premium Steel and Metals<\/title>\n<meta name=\"robots\" content=\"noindex, follow, max-snippet:-1, max-image-preview:large, max-video-preview:-1\" \/>\n<meta property=\"og:locale\" content=\"en_US\" \/>\n<meta property=\"og:type\" content=\"article\" \/>\n<meta property=\"og:title\" content=\"About us - L.Klein SA - Premium Steel and Metals\" \/>\n<meta property=\"og:url\" content=\"https:\/\/kleinmetals.kreativloft.ch\/en\/about-us\/\" \/>\n<meta property=\"og:site_name\" content=\"L.Klein SA - Premium Steel and Metals\" \/>\n<meta property=\"article:modified_time\" content=\"2023-02-10T08:05:03+00:00\" \/>\n<meta property=\"og:image\" content=\"https:\/\/kleinmetals.kreativloft.ch\/wp-content\/uploads\/lager_2.jpg\" \/>\n\t<meta property=\"og:image:width\" content=\"2560\" \/>\n\t<meta property=\"og:image:height\" content=\"979\" \/>\n\t<meta property=\"og:image:type\" content=\"image\/jpeg\" \/>\n<script type=\"application\/ld+json\" class=\"yoast-schema-graph\">{\"@context\":\"https:\/\/schema.org\",\"@graph\":[{\"@type\":\"WebPage\",\"@id\":\"https:\/\/kleinmetals.kreativloft.ch\/en\/about-us\/\",\"url\":\"https:\/\/kleinmetals.kreativloft.ch\/en\/about-us\/\",\"name\":\"About us - L.Klein SA - Premium Steel and Metals\",\"isPartOf\":{\"@id\":\"https:\/\/kleinmetals.kreativloft.ch\/en\/#website\"},\"primaryImageOfPage\":{\"@id\":\"https:\/\/kleinmetals.kreativloft.ch\/en\/about-us\/#primaryimage\"},\"image\":{\"@id\":\"https:\/\/kleinmetals.kreativloft.ch\/en\/about-us\/#primaryimage\"},\"thumbnailUrl\":\"https:\/\/kleinmetals.kreativloft.ch\/wp-content\/uploads\/lager_2.jpg\",\"datePublished\":\"2022-05-05T13:48:41+00:00\",\"dateModified\":\"2023-02-10T08:05:03+00:00\",\"breadcrumb\":{\"@id\":\"https:\/\/kleinmetals.kreativloft.ch\/en\/about-us\/#breadcrumb\"},\"inLanguage\":\"en-US\",\"potentialAction\":[{\"@type\":\"ReadAction\",\"target\":[\"https:\/\/kleinmetals.kreativloft.ch\/en\/about-us\/\"]}]},{\"@type\":\"ImageObject\",\"inLanguage\":\"en-US\",\"@id\":\"https:\/\/kleinmetals.kreativloft.ch\/en\/about-us\/#primaryimage\",\"url\":\"https:\/\/kleinmetals.kreativloft.ch\/wp-content\/uploads\/lager_2.jpg\",\"contentUrl\":\"https:\/\/kleinmetals.kreativloft.ch\/wp-content\/uploads\/lager_2.jpg\",\"width\":2000,\"height\":764},{\"@type\":\"BreadcrumbList\",\"@id\":\"https:\/\/kleinmetals.kreativloft.ch\/en\/about-us\/#breadcrumb\",\"itemListElement\":[{\"@type\":\"ListItem\",\"position\":1,\"name\":\"Startseite\",\"item\":\"https:\/\/kleinmetals.kreativloft.ch\/en\/\"},{\"@type\":\"ListItem\",\"position\":2,\"name\":\"About us\"}]},{\"@type\":\"WebSite\",\"@id\":\"https:\/\/kleinmetals.kreativloft.ch\/en\/#website\",\"url\":\"https:\/\/kleinmetals.kreativloft.ch\/en\/\",\"name\":\"L.Klein AG Edelstaehle und Metalle\",\"description\":\"Handel mit hochwertigen Edelst\u00e4hlen und metallischen Rohstoffen\",\"publisher\":{\"@id\":\"https:\/\/kleinmetals.kreativloft.ch\/en\/#organization\"},\"potentialAction\":[{\"@type\":\"SearchAction\",\"target\":{\"@type\":\"EntryPoint\",\"urlTemplate\":\"https:\/\/kleinmetals.kreativloft.ch\/en\/?s={search_term_string}\"},\"query-input\":{\"@type\":\"PropertyValueSpecification\",\"valueRequired\":true,\"valueName\":\"search_term_string\"}}],\"inLanguage\":\"en-US\"},{\"@type\":\"Organization\",\"@id\":\"https:\/\/kleinmetals.kreativloft.ch\/en\/#organization\",\"name\":\"L.Klein SA\",\"url\":\"https:\/\/kleinmetals.kreativloft.ch\/en\/\",\"logo\":{\"@type\":\"ImageObject\",\"inLanguage\":\"en-US\",\"@id\":\"https:\/\/kleinmetals.kreativloft.ch\/en\/#\/schema\/logo\/image\/\",\"url\":\"https:\/\/kleinmetals.kreativloft.ch\/wp-content\/uploads\/L-Klein-SA-Logo.svg\",\"contentUrl\":\"https:\/\/kleinmetals.kreativloft.ch\/wp-content\/uploads\/L-Klein-SA-Logo.svg\",\"width\":275,\"height\":86,\"caption\":\"L.Klein SA\"},\"image\":{\"@id\":\"https:\/\/kleinmetals.kreativloft.ch\/en\/#\/schema\/logo\/image\/\"},\"sameAs\":[\"https:\/\/www.linkedin.com\/company\/l.-klein-sa\/\"]}]}<\/script>\n<!-- \/ Yoast SEO plugin. -->","yoast_head_json":{"title":"About us - L.Klein SA - Premium Steel and Metals","robots":{"index":"noindex","follow":"follow","max-snippet":"max-snippet:-1","max-image-preview":"max-image-preview:large","max-video-preview":"max-video-preview:-1"},"og_locale":"en_US","og_type":"article","og_title":"About us - L.Klein SA - Premium Steel and Metals","og_url":"https:\/\/kleinmetals.kreativloft.ch\/en\/about-us\/","og_site_name":"L.Klein SA - Premium Steel and Metals","article_modified_time":"2023-02-10T08:05:03+00:00","og_image":[{"width":2560,"height":979,"url":"https:\/\/kleinmetals.kreativloft.ch\/wp-content\/uploads\/lager_2.jpg","type":"image\/jpeg"}],"schema":{"@context":"https:\/\/schema.org","@graph":[{"@type":"WebPage","@id":"https:\/\/kleinmetals.kreativloft.ch\/en\/about-us\/","url":"https:\/\/kleinmetals.kreativloft.ch\/en\/about-us\/","name":"About us - L.Klein SA - Premium Steel and Metals","isPartOf":{"@id":"https:\/\/kleinmetals.kreativloft.ch\/en\/#website"},"primaryImageOfPage":{"@id":"https:\/\/kleinmetals.kreativloft.ch\/en\/about-us\/#primaryimage"},"image":{"@id":"https:\/\/kleinmetals.kreativloft.ch\/en\/about-us\/#primaryimage"},"thumbnailUrl":"https:\/\/kleinmetals.kreativloft.ch\/wp-content\/uploads\/lager_2.jpg","datePublished":"2022-05-05T13:48:41+00:00","dateModified":"2023-02-10T08:05:03+00:00","breadcrumb":{"@id":"https:\/\/kleinmetals.kreativloft.ch\/en\/about-us\/#breadcrumb"},"inLanguage":"en-US","potentialAction":[{"@type":"ReadAction","target":["https:\/\/kleinmetals.kreativloft.ch\/en\/about-us\/"]}]},{"@type":"ImageObject","inLanguage":"en-US","@id":"https:\/\/kleinmetals.kreativloft.ch\/en\/about-us\/#primaryimage","url":"https:\/\/kleinmetals.kreativloft.ch\/wp-content\/uploads\/lager_2.jpg","contentUrl":"https:\/\/kleinmetals.kreativloft.ch\/wp-content\/uploads\/lager_2.jpg","width":2000,"height":764},{"@type":"BreadcrumbList","@id":"https:\/\/kleinmetals.kreativloft.ch\/en\/about-us\/#breadcrumb","itemListElement":[{"@type":"ListItem","position":1,"name":"Startseite","item":"https:\/\/kleinmetals.kreativloft.ch\/en\/"},{"@type":"ListItem","position":2,"name":"About us"}]},{"@type":"WebSite","@id":"https:\/\/kleinmetals.kreativloft.ch\/en\/#website","url":"https:\/\/kleinmetals.kreativloft.ch\/en\/","name":"L.Klein AG Edelstaehle und Metalle","description":"Handel mit hochwertigen Edelst\u00e4hlen und metallischen Rohstoffen","publisher":{"@id":"https:\/\/kleinmetals.kreativloft.ch\/en\/#organization"},"potentialAction":[{"@type":"SearchAction","target":{"@type":"EntryPoint","urlTemplate":"https:\/\/kleinmetals.kreativloft.ch\/en\/?s={search_term_string}"},"query-input":{"@type":"PropertyValueSpecification","valueRequired":true,"valueName":"search_term_string"}}],"inLanguage":"en-US"},{"@type":"Organization","@id":"https:\/\/kleinmetals.kreativloft.ch\/en\/#organization","name":"L.Klein SA","url":"https:\/\/kleinmetals.kreativloft.ch\/en\/","logo":{"@type":"ImageObject","inLanguage":"en-US","@id":"https:\/\/kleinmetals.kreativloft.ch\/en\/#\/schema\/logo\/image\/","url":"https:\/\/kleinmetals.kreativloft.ch\/wp-content\/uploads\/L-Klein-SA-Logo.svg","contentUrl":"https:\/\/kleinmetals.kreativloft.ch\/wp-content\/uploads\/L-Klein-SA-Logo.svg","width":275,"height":86,"caption":"L.Klein SA"},"image":{"@id":"https:\/\/kleinmetals.kreativloft.ch\/en\/#\/schema\/logo\/image\/"},"sameAs":["https:\/\/www.linkedin.com\/company\/l.-klein-sa\/"]}]}},"_links":{"self":[{"href":"https:\/\/kleinmetals.kreativloft.ch\/en\/wp-json\/wp\/v2\/pages\/52510","targetHints":{"allow":["GET"]}}],"collection":[{"href":"https:\/\/kleinmetals.kreativloft.ch\/en\/wp-json\/wp\/v2\/pages"}],"about":[{"href":"https:\/\/kleinmetals.kreativloft.ch\/en\/wp-json\/wp\/v2\/types\/page"}],"author":[{"embeddable":true,"href":"https:\/\/kleinmetals.kreativloft.ch\/en\/wp-json\/wp\/v2\/users\/2"}],"replies":[{"embeddable":true,"href":"https:\/\/kleinmetals.kreativloft.ch\/en\/wp-json\/wp\/v2\/comments?post=52510"}],"version-history":[{"count":0,"href":"https:\/\/kleinmetals.kreativloft.ch\/en\/wp-json\/wp\/v2\/pages\/52510\/revisions"}],"wp:featuredmedia":[{"embeddable":true,"href":"https:\/\/kleinmetals.kreativloft.ch\/en\/wp-json\/wp\/v2\/media\/61582"}],"wp:attachment":[{"href":"https:\/\/kleinmetals.kreativloft.ch\/en\/wp-json\/wp\/v2\/media?parent=52510"}],"curies":[{"name":"wp","href":"https:\/\/api.w.org\/{rel}","templated":true}]}}