{"id":187939,"date":"2024-03-26T09:53:14","date_gmt":"2024-03-26T08:53:14","guid":{"rendered":"https:\/\/kleinmetals.kreativloft.ch\/?post_type=product&#038;p=187939"},"modified":"2024-03-28T10:47:37","modified_gmt":"2024-03-28T09:47:37","slug":"arcap-ap1d","status":"publish","type":"product","link":"https:\/\/kleinmetals.kreativloft.ch\/fr\/produkt\/arcap-ap1d\/","title":{"rendered":"ARCAP AP1D"},"content":{"rendered":"<p><strong>R\u00e9sum\u00e9<\/strong><\/p>\n<table border=\"0\" width=\"100%\" cellspacing=\"0\" cellpadding=\"0\">\n<tbody>\n<tr>\n<td>D\u00e9nomination Klein:<\/td>\n<td>ARCAP AP1D<\/td>\n<\/tr>\n<tr>\n<td valign=\"top\">Classe de m\u00e9taux:<\/td>\n<td><\/td>\n<\/tr>\n<tr>\n<td valign=\"top\">Num\u00e9ro mati\u00e8re:<\/td>\n<td><\/td>\n<\/tr>\n<tr>\n<td>Norme EN:<\/td>\n<td><\/td>\n<\/tr>\n<tr>\n<td>RoHS 2 \u2013 2011\/65\/EU:<\/td>\n<td><\/td>\n<\/tr>\n<tr>\n<td>Usinabilit\u00e9:<\/td>\n<td><\/td>\n<\/tr>\n<tr>\n<td>Capacit\u00e9 de durcissement:<\/td>\n<td><\/td>\n<\/tr>\n<tr>\n<td valign=\"top\">Formage:<\/td>\n<td><\/td>\n<\/tr>\n<tr>\n<td valign=\"top\">Ecrouissage:<\/td>\n<td><\/td>\n<\/tr>\n<tr>\n<td valign=\"top\">Aptitude au polissage:<\/td>\n<td><\/td>\n<\/tr>\n<tr>\n<td>Magn\u00e9tisme:<\/td>\n<td><\/td>\n<\/tr>\n<tr>\n<td valign=\"top\">R\u00e9sistance \u00e0 la corrosion:<\/td>\n<td><\/td>\n<\/tr>\n<tr>\n<td valign=\"top\">Utilisations:<\/td>\n<td><\/td>\n<\/tr>\n<\/tbody>\n<\/table>\n","protected":false},"excerpt":{"rendered":"<p>R\u00e9sum\u00e9 D\u00e9nomination Klein: ARCAP AP1D Classe de m\u00e9taux: Num\u00e9ro mati\u00e8re: Norme EN: RoHS 2 \u2013 2011\/65\/EU: Usinabilit\u00e9: Capacit\u00e9 de [&hellip;]<\/p>\n","protected":false},"featured_media":181419,"template":"","meta":{"_acf_changed":false,"inline_featured_image":false},"product_cat":[830,818,870],"product_tag":[],"class_list":{"0":"post-187939","1":"product","2":"type-product","3":"status-publish","4":"has-post-thumbnail","6":"product_cat-alliages-cuivreux","7":"product_cat-electronique","8":"product_cat-resistant-a-la-corrosion","9":"pa_ausfuehrung-6-pans","10":"pa_ausfuehrung-carre","11":"pa_ausfuehrung-etire","12":"pa_ausfuehrung-meule","13":"pa_ausfuehrung-profile","14":"pa_ausfuehrung-2-barres-2m","15":"pa_ausfuehrung-2-barres-3m","16":"pa_ausfuehrung-2-longueurs-spec","17":"pa_ausfuehrung-2-torche","18":"pa_durchmesser-0-500-3","19":"pa_durchmesser-0-600-2","20":"pa_durchmesser-0-700-2","21":"pa_durchmesser-0-800-2","22":"pa_durchmesser-0-900-2","23":"pa_durchmesser-1-000-2","24":"pa_durchmesser-1-100-2","25":"pa_durchmesser-1-200-3","26":"pa_durchmesser-1-300-3","27":"pa_durchmesser-1-400-2","28":"pa_durchmesser-1-500-3","29":"pa_durchmesser-1-600-3","30":"pa_durchmesser-1-700-3","31":"pa_durchmesser-1-800-3","32":"pa_durchmesser-1-900-3","33":"pa_durchmesser-10-000-3","34":"pa_durchmesser-11-000-3","35":"pa_durchmesser-12-000-2","36":"pa_durchmesser-12-700-3","37":"pa_durchmesser-13-000-3","38":"pa_durchmesser-14-000-3","39":"pa_durchmesser-15-000-2","40":"pa_durchmesser-16-000-3","41":"pa_durchmesser-17-000-3","42":"pa_durchmesser-18-000-3","43":"pa_durchmesser-19-000-3","44":"pa_durchmesser-2-000-3","45":"pa_durchmesser-2-100-3","46":"pa_durchmesser-2-200-3","47":"pa_durchmesser-2-300-3","48":"pa_durchmesser-2-400-2","49":"pa_durchmesser-2-500-3","50":"pa_durchmesser-2-600-2","51":"pa_durchmesser-2-700-2","52":"pa_durchmesser-2-800-2","53":"pa_durchmesser-20-000-2","54":"pa_durchmesser-22-000-2","55":"pa_durchmesser-24-000-3","56":"pa_durchmesser-25-000-3","57":"pa_durchmesser-25-500-3","58":"pa_durchmesser-26-000-2","59":"pa_durchmesser-27-000-3","60":"pa_durchmesser-28-000-3","61":"pa_durchmesser-28-500-2","62":"pa_durchmesser-3-000-3","63":"pa_durchmesser-3-100-3","64":"pa_durchmesser-3-200-3","65":"pa_durchmesser-3-500-2","66":"pa_durchmesser-3-800-2","67":"pa_durchmesser-30-000-3","68":"pa_durchmesser-30-500-2","69":"pa_durchmesser-32-000-3","70":"pa_durchmesser-32-500-2","71":"pa_durchmesser-35-000-2","72":"pa_durchmesser-35-500-3","73":"pa_durchmesser-4-000-2","74":"pa_durchmesser-4-100-3","75":"pa_durchmesser-4-200-3","76":"pa_durchmesser-4-300-3","77":"pa_durchmesser-4-500-2","78":"pa_durchmesser-4-760-3","79":"pa_durchmesser-40-000-3","80":"pa_durchmesser-41-000-2","81":"pa_durchmesser-42-000-3","82":"pa_durchmesser-43-000-3","83":"pa_durchmesser-43-500-2","84":"pa_durchmesser-44-000-2","85":"pa_durchmesser-45-000-3","86":"pa_durchmesser-45-500-2","87":"pa_durchmesser-5-000-2","88":"pa_durchmesser-5-100-2","89":"pa_durchmesser-5-400-2","90":"pa_durchmesser-5-500-2","91":"pa_durchmesser-50-000-3","92":"pa_durchmesser-51-000-2","93":"pa_durchmesser-6-000-2","94":"pa_durchmesser-6-100-2","95":"pa_durchmesser-6-350-2","96":"pa_durchmesser-6-500-2","97":"pa_durchmesser-7-000-2","98":"pa_durchmesser-7-100-2","99":"pa_durchmesser-7-500-3","100":"pa_durchmesser-8-000-2","101":"pa_durchmesser-8-100-3","102":"pa_durchmesser-8-500-2","103":"pa_durchmesser-9-000-3","104":"pa_durchmesser-9-500-2","105":"pa_toleranz-fg-6-fr","106":"pa_toleranz-fg-8-fr","107":"pa_toleranz-h-11-fr-2","108":"pa_toleranz-h-6-fr","109":"pa_toleranz-h-7-fr","110":"pa_toleranz-h-8-fr","111":"pa_toleranz-h-9-fr","112":"pa_toleranz-spec","114":"first","115":"instock","116":"purchasable","117":"product-type-variable"},"acf":[],"yoast_head":"<!-- This site is optimized with the Yoast SEO plugin v24.0 - https:\/\/yoast.com\/wordpress\/plugins\/seo\/ -->\n<title>ARCAP AP1D - L.Klein SA - Premium Steel and Metals<\/title>\n<meta name=\"robots\" content=\"noindex, follow, max-snippet:-1, max-image-preview:large, max-video-preview:-1\" \/>\n<meta property=\"og:locale\" content=\"fr_FR\" \/>\n<meta property=\"og:type\" content=\"article\" \/>\n<meta property=\"og:title\" content=\"ARCAP AP1D - L.Klein SA - Premium Steel and Metals\" \/>\n<meta property=\"og:description\" content=\"R\u00e9sum\u00e9 D\u00e9nomination Klein: ARCAP AP1D Classe de m\u00e9taux: Num\u00e9ro mati\u00e8re: Norme EN: RoHS 2 \u2013 2011\/65\/EU: Usinabilit\u00e9: Capacit\u00e9 de [&hellip;]\" \/>\n<meta property=\"og:url\" content=\"https:\/\/kleinmetals.kreativloft.ch\/fr\/produkt\/arcap-ap1d\/\" \/>\n<meta property=\"og:site_name\" content=\"L.Klein SA - Premium Steel and Metals\" \/>\n<meta property=\"article:modified_time\" content=\"2024-03-28T09:47:37+00:00\" \/>\n<meta property=\"og:image\" content=\"https:\/\/kleinmetals.kreativloft.ch\/wp-content\/uploads\/612-1.png\" \/>\n\t<meta property=\"og:image:width\" content=\"1000\" \/>\n\t<meta property=\"og:image:height\" content=\"1000\" \/>\n\t<meta property=\"og:image:type\" content=\"image\/png\" \/>\n<script type=\"application\/ld+json\" class=\"yoast-schema-graph\">{\"@context\":\"https:\/\/schema.org\",\"@graph\":[{\"@type\":\"WebPage\",\"@id\":\"https:\/\/kleinmetals.kreativloft.ch\/fr\/produkt\/arcap-ap1d\/\",\"url\":\"https:\/\/kleinmetals.kreativloft.ch\/fr\/produkt\/arcap-ap1d\/\",\"name\":\"ARCAP AP1D - L.Klein SA - Premium Steel and Metals\",\"isPartOf\":{\"@id\":\"https:\/\/kleinmetals.kreativloft.ch\/fr\/#website\"},\"primaryImageOfPage\":{\"@id\":\"https:\/\/kleinmetals.kreativloft.ch\/fr\/produkt\/arcap-ap1d\/#primaryimage\"},\"image\":{\"@id\":\"https:\/\/kleinmetals.kreativloft.ch\/fr\/produkt\/arcap-ap1d\/#primaryimage\"},\"thumbnailUrl\":\"https:\/\/kleinmetals.kreativloft.ch\/wp-content\/uploads\/612-1.png\",\"datePublished\":\"2024-03-26T08:53:14+00:00\",\"dateModified\":\"2024-03-28T09:47:37+00:00\",\"breadcrumb\":{\"@id\":\"https:\/\/kleinmetals.kreativloft.ch\/fr\/produkt\/arcap-ap1d\/#breadcrumb\"},\"inLanguage\":\"fr-FR\",\"potentialAction\":[{\"@type\":\"ReadAction\",\"target\":[\"https:\/\/kleinmetals.kreativloft.ch\/fr\/produkt\/arcap-ap1d\/\"]}]},{\"@type\":\"ImageObject\",\"inLanguage\":\"fr-FR\",\"@id\":\"https:\/\/kleinmetals.kreativloft.ch\/fr\/produkt\/arcap-ap1d\/#primaryimage\",\"url\":\"https:\/\/kleinmetals.kreativloft.ch\/wp-content\/uploads\/612-1.png\",\"contentUrl\":\"https:\/\/kleinmetals.kreativloft.ch\/wp-content\/uploads\/612-1.png\",\"width\":1000,\"height\":1000},{\"@type\":\"BreadcrumbList\",\"@id\":\"https:\/\/kleinmetals.kreativloft.ch\/fr\/produkt\/arcap-ap1d\/#breadcrumb\",\"itemListElement\":[{\"@type\":\"ListItem\",\"position\":1,\"name\":\"Startseite\",\"item\":\"https:\/\/kleinmetals.kreativloft.ch\/fr\/\"},{\"@type\":\"ListItem\",\"position\":2,\"name\":\"Produits\",\"item\":\"https:\/\/kleinmetals.kreativloft.ch\/fr\/produits\/\"},{\"@type\":\"ListItem\",\"position\":3,\"name\":\"ARCAP AP1D\"}]},{\"@type\":\"WebSite\",\"@id\":\"https:\/\/kleinmetals.kreativloft.ch\/fr\/#website\",\"url\":\"https:\/\/kleinmetals.kreativloft.ch\/fr\/\",\"name\":\"L.Klein AG Edelstaehle und Metalle\",\"description\":\"Handel mit hochwertigen Edelst\u00e4hlen und metallischen Rohstoffen\",\"publisher\":{\"@id\":\"https:\/\/kleinmetals.kreativloft.ch\/fr\/#organization\"},\"potentialAction\":[{\"@type\":\"SearchAction\",\"target\":{\"@type\":\"EntryPoint\",\"urlTemplate\":\"https:\/\/kleinmetals.kreativloft.ch\/fr\/?s={search_term_string}\"},\"query-input\":{\"@type\":\"PropertyValueSpecification\",\"valueRequired\":true,\"valueName\":\"search_term_string\"}}],\"inLanguage\":\"fr-FR\"},{\"@type\":\"Organization\",\"@id\":\"https:\/\/kleinmetals.kreativloft.ch\/fr\/#organization\",\"name\":\"L.Klein SA\",\"url\":\"https:\/\/kleinmetals.kreativloft.ch\/fr\/\",\"logo\":{\"@type\":\"ImageObject\",\"inLanguage\":\"fr-FR\",\"@id\":\"https:\/\/kleinmetals.kreativloft.ch\/fr\/#\/schema\/logo\/image\/\",\"url\":\"https:\/\/kleinmetals.kreativloft.ch\/wp-content\/uploads\/L-Klein-SA-Logo.svg\",\"contentUrl\":\"https:\/\/kleinmetals.kreativloft.ch\/wp-content\/uploads\/L-Klein-SA-Logo.svg\",\"width\":275,\"height\":86,\"caption\":\"L.Klein SA\"},\"image\":{\"@id\":\"https:\/\/kleinmetals.kreativloft.ch\/fr\/#\/schema\/logo\/image\/\"},\"sameAs\":[\"https:\/\/www.linkedin.com\/company\/l.-klein-sa\/\"]}]}<\/script>\n<!-- \/ Yoast SEO plugin. -->","yoast_head_json":{"title":"ARCAP AP1D - L.Klein SA - Premium Steel and Metals","robots":{"index":"noindex","follow":"follow","max-snippet":"max-snippet:-1","max-image-preview":"max-image-preview:large","max-video-preview":"max-video-preview:-1"},"og_locale":"fr_FR","og_type":"article","og_title":"ARCAP AP1D - L.Klein SA - Premium Steel and Metals","og_description":"R\u00e9sum\u00e9 D\u00e9nomination Klein: ARCAP AP1D Classe de m\u00e9taux: Num\u00e9ro mati\u00e8re: Norme EN: RoHS 2 \u2013 2011\/65\/EU: Usinabilit\u00e9: Capacit\u00e9 de [&hellip;]","og_url":"https:\/\/kleinmetals.kreativloft.ch\/fr\/produkt\/arcap-ap1d\/","og_site_name":"L.Klein SA - Premium Steel and Metals","article_modified_time":"2024-03-28T09:47:37+00:00","og_image":[{"width":1000,"height":1000,"url":"https:\/\/kleinmetals.kreativloft.ch\/wp-content\/uploads\/612-1.png","type":"image\/png"}],"schema":{"@context":"https:\/\/schema.org","@graph":[{"@type":"WebPage","@id":"https:\/\/kleinmetals.kreativloft.ch\/fr\/produkt\/arcap-ap1d\/","url":"https:\/\/kleinmetals.kreativloft.ch\/fr\/produkt\/arcap-ap1d\/","name":"ARCAP AP1D - L.Klein SA - Premium Steel and Metals","isPartOf":{"@id":"https:\/\/kleinmetals.kreativloft.ch\/fr\/#website"},"primaryImageOfPage":{"@id":"https:\/\/kleinmetals.kreativloft.ch\/fr\/produkt\/arcap-ap1d\/#primaryimage"},"image":{"@id":"https:\/\/kleinmetals.kreativloft.ch\/fr\/produkt\/arcap-ap1d\/#primaryimage"},"thumbnailUrl":"https:\/\/kleinmetals.kreativloft.ch\/wp-content\/uploads\/612-1.png","datePublished":"2024-03-26T08:53:14+00:00","dateModified":"2024-03-28T09:47:37+00:00","breadcrumb":{"@id":"https:\/\/kleinmetals.kreativloft.ch\/fr\/produkt\/arcap-ap1d\/#breadcrumb"},"inLanguage":"fr-FR","potentialAction":[{"@type":"ReadAction","target":["https:\/\/kleinmetals.kreativloft.ch\/fr\/produkt\/arcap-ap1d\/"]}]},{"@type":"ImageObject","inLanguage":"fr-FR","@id":"https:\/\/kleinmetals.kreativloft.ch\/fr\/produkt\/arcap-ap1d\/#primaryimage","url":"https:\/\/kleinmetals.kreativloft.ch\/wp-content\/uploads\/612-1.png","contentUrl":"https:\/\/kleinmetals.kreativloft.ch\/wp-content\/uploads\/612-1.png","width":1000,"height":1000},{"@type":"BreadcrumbList","@id":"https:\/\/kleinmetals.kreativloft.ch\/fr\/produkt\/arcap-ap1d\/#breadcrumb","itemListElement":[{"@type":"ListItem","position":1,"name":"Startseite","item":"https:\/\/kleinmetals.kreativloft.ch\/fr\/"},{"@type":"ListItem","position":2,"name":"Produits","item":"https:\/\/kleinmetals.kreativloft.ch\/fr\/produits\/"},{"@type":"ListItem","position":3,"name":"ARCAP AP1D"}]},{"@type":"WebSite","@id":"https:\/\/kleinmetals.kreativloft.ch\/fr\/#website","url":"https:\/\/kleinmetals.kreativloft.ch\/fr\/","name":"L.Klein AG Edelstaehle und Metalle","description":"Handel mit hochwertigen Edelst\u00e4hlen und metallischen Rohstoffen","publisher":{"@id":"https:\/\/kleinmetals.kreativloft.ch\/fr\/#organization"},"potentialAction":[{"@type":"SearchAction","target":{"@type":"EntryPoint","urlTemplate":"https:\/\/kleinmetals.kreativloft.ch\/fr\/?s={search_term_string}"},"query-input":{"@type":"PropertyValueSpecification","valueRequired":true,"valueName":"search_term_string"}}],"inLanguage":"fr-FR"},{"@type":"Organization","@id":"https:\/\/kleinmetals.kreativloft.ch\/fr\/#organization","name":"L.Klein SA","url":"https:\/\/kleinmetals.kreativloft.ch\/fr\/","logo":{"@type":"ImageObject","inLanguage":"fr-FR","@id":"https:\/\/kleinmetals.kreativloft.ch\/fr\/#\/schema\/logo\/image\/","url":"https:\/\/kleinmetals.kreativloft.ch\/wp-content\/uploads\/L-Klein-SA-Logo.svg","contentUrl":"https:\/\/kleinmetals.kreativloft.ch\/wp-content\/uploads\/L-Klein-SA-Logo.svg","width":275,"height":86,"caption":"L.Klein SA"},"image":{"@id":"https:\/\/kleinmetals.kreativloft.ch\/fr\/#\/schema\/logo\/image\/"},"sameAs":["https:\/\/www.linkedin.com\/company\/l.-klein-sa\/"]}]}},"_links":{"self":[{"href":"https:\/\/kleinmetals.kreativloft.ch\/fr\/wp-json\/wp\/v2\/product\/187939","targetHints":{"allow":["GET"]}}],"collection":[{"href":"https:\/\/kleinmetals.kreativloft.ch\/fr\/wp-json\/wp\/v2\/product"}],"about":[{"href":"https:\/\/kleinmetals.kreativloft.ch\/fr\/wp-json\/wp\/v2\/types\/product"}],"wp:featuredmedia":[{"embeddable":true,"href":"https:\/\/kleinmetals.kreativloft.ch\/fr\/wp-json\/wp\/v2\/media\/181419"}],"wp:attachment":[{"href":"https:\/\/kleinmetals.kreativloft.ch\/fr\/wp-json\/wp\/v2\/media?parent=187939"}],"wp:term":[{"taxonomy":"product_cat","embeddable":true,"href":"https:\/\/kleinmetals.kreativloft.ch\/fr\/wp-json\/wp\/v2\/product_cat?post=187939"},{"taxonomy":"product_tag","embeddable":true,"href":"https:\/\/kleinmetals.kreativloft.ch\/fr\/wp-json\/wp\/v2\/product_tag?post=187939"}],"curies":[{"name":"wp","href":"https:\/\/api.w.org\/{rel}","templated":true}]}}