{"id":187945,"date":"2024-03-26T09:53:41","date_gmt":"2024-03-26T08:53:41","guid":{"rendered":"https:\/\/kleinmetals.kreativloft.ch\/?post_type=product&#038;p=187945"},"modified":"2024-03-28T10:47:42","modified_gmt":"2024-03-28T09:47:42","slug":"1-4441-implant","status":"publish","type":"product","link":"https:\/\/kleinmetals.kreativloft.ch\/fr\/produkt\/1-4441-implant\/","title":{"rendered":"1.4441 IMPLANT"},"content":{"rendered":"<table border=\"0\" width=\"100%\" cellspacing=\"0\" cellpadding=\"0\">\n<tbody>\n<tr>\n<td><strong>R\u00e9sum\u00e9<\/strong><\/td>\n<td><\/td>\n<\/tr>\n<tr>\n<td><\/td>\n<td><\/td>\n<\/tr>\n<tr>\n<td>D\u00e9signation Klein:<\/td>\n<td>1.4441 IMPLANT<\/td>\n<\/tr>\n<tr>\n<td valign=\"top\">Classe de m\u00e9tal:<\/td>\n<td>Acier inoxydable aust\u00e9nitique<br \/>\navec addition de N<\/td>\n<\/tr>\n<tr>\n<td>Num\u00e9ro mati\u00e8re:<\/td>\n<td>1.4441<\/td>\n<\/tr>\n<tr>\n<td>Norme EN:<\/td>\n<td>X 2 CrNiMo18-15-3<\/td>\n<\/tr>\n<tr>\n<td>Biocompatibilit\u00e9:<\/td>\n<td>bonne<\/td>\n<\/tr>\n<tr>\n<td>Refusion:<\/td>\n<td>ESR<\/td>\n<\/tr>\n<tr>\n<td>Usinabilit\u00e9:<\/td>\n<td>de satisfaisante \u00e0 bonne<\/td>\n<\/tr>\n<tr>\n<td>Capacit\u00e9 de durcissement:<\/td>\n<td>ne peut pas \u00eatre durci thermiquement<\/td>\n<\/tr>\n<tr>\n<td>Formage:<\/td>\n<td>peut \u00eatre form\u00e9 \u00e0 froid<\/td>\n<\/tr>\n<tr>\n<td>Ecrouissage:<\/td>\n<td>peut \u00eatre \u00e9croui \u00e0 froid<\/td>\n<\/tr>\n<tr>\n<td>Aptitude au polissage:<\/td>\n<td>adapt\u00e9 au polissage sp\u00e9culaire<\/td>\n<\/tr>\n<tr>\n<td>R\u00e9sistance \u00e0 la corrosion:<\/td>\n<td>bonne, qualit\u00e9 implant<\/td>\n<\/tr>\n<tr>\n<td>Magn\u00e9tisme:<\/td>\n<td>non magn\u00e9tique<\/td>\n<\/tr>\n<tr>\n<td valign=\"top\">Utilisations:<\/td>\n<td>Implants pour l\u2019ost\u00e9osynth\u00e8se;<br \/>\nutilisations m\u00e9dicales et dentaires<\/td>\n<\/tr>\n<\/tbody>\n<\/table>\n<p>&nbsp;<\/p>\n","protected":false},"excerpt":{"rendered":"<p>R\u00e9sum\u00e9 D\u00e9signation Klein: 1.4441 IMPLANT Classe de m\u00e9tal: Acier inoxydable aust\u00e9nitique avec addition de N Num\u00e9ro mati\u00e8re: 1.4441 Norme [&hellip;]<\/p>\n","protected":false},"featured_media":181434,"template":"","meta":{"_acf_changed":false,"inline_featured_image":false},"product_cat":[848,824,840,870,858],"product_tag":[],"class_list":{"0":"post-187945","1":"product","2":"type-product","3":"status-publish","4":"has-post-thumbnail","6":"product_cat-austenitique","7":"product_cat-implants-fr","8":"product_cat-instruments-fr","9":"product_cat-resistant-a-la-corrosion","10":"product_cat-tubes-fr","11":"pa_ausfuehrung-etire","12":"pa_ausfuehrung-gewalzt-fr","13":"pa_ausfuehrung-lamine","14":"pa_ausfuehrung-meule","15":"pa_ausfuehrung-poudre","16":"pa_ausfuehrung-profile","17":"pa_ausfuehrung-2-barres-2m","18":"pa_ausfuehrung-2-barres-3m","19":"pa_ausfuehrung-2-longueurs-spec","20":"pa_ausfuehrung-2-poudre","21":"pa_ausfuehrung-2-torche","22":"pa_ausfuehrung-2-tube","23":"pa_durchmesser-0-000-2","24":"pa_durchmesser-0-125-3","25":"pa_durchmesser-0-200-2","26":"pa_durchmesser-0-400-2","27":"pa_durchmesser-0-457-3","28":"pa_durchmesser-0-500-3","29":"pa_durchmesser-0-600-2","30":"pa_durchmesser-0-700-2","31":"pa_durchmesser-0-800-2","32":"pa_durchmesser-0-900-2","33":"pa_durchmesser-1-000-2","34":"pa_durchmesser-1-090-2","35":"pa_durchmesser-1-100-2","36":"pa_durchmesser-1-180-3","37":"pa_durchmesser-1-200-3","38":"pa_durchmesser-1-250-2","39":"pa_durchmesser-1-300-3","40":"pa_durchmesser-1-400-2","41":"pa_durchmesser-1-500-3","42":"pa_durchmesser-1-600-3","43":"pa_durchmesser-1-700-3","44":"pa_durchmesser-1-800-3","45":"pa_durchmesser-1-830-3","46":"pa_durchmesser-1-900-3","47":"pa_durchmesser-1-950-3","48":"pa_durchmesser-10-000-3","49":"pa_durchmesser-11-000-3","50":"pa_durchmesser-12-000-2","51":"pa_durchmesser-12-700-3","52":"pa_durchmesser-13-000-3","53":"pa_durchmesser-14-000-3","54":"pa_durchmesser-15-000-2","55":"pa_durchmesser-16-000-3","56":"pa_durchmesser-17-000-3","57":"pa_durchmesser-18-000-3","58":"pa_durchmesser-19-000-3","59":"pa_durchmesser-2-000-3","60":"pa_durchmesser-2-100-3","61":"pa_durchmesser-2-200-3","62":"pa_durchmesser-2-255-3","63":"pa_durchmesser-2-400-2","64":"pa_durchmesser-2-500-3","65":"pa_durchmesser-2-600-2","66":"pa_durchmesser-2-800-2","67":"pa_durchmesser-20-000-2","68":"pa_durchmesser-21-000-3","69":"pa_durchmesser-21-700-2","70":"pa_durchmesser-22-000-2","71":"pa_durchmesser-22-220-3","72":"pa_durchmesser-23-000-3","73":"pa_durchmesser-24-000-3","74":"pa_durchmesser-25-000-3","75":"pa_durchmesser-25-400-3","76":"pa_durchmesser-26-000-2","77":"pa_durchmesser-28-000-3","78":"pa_durchmesser-3-000-3","79":"pa_durchmesser-3-200-3","80":"pa_durchmesser-3-300-2","81":"pa_durchmesser-3-400-3","82":"pa_durchmesser-3-500-2","83":"pa_durchmesser-3-600-2","84":"pa_durchmesser-3-700-3","85":"pa_durchmesser-30-000-3","86":"pa_durchmesser-31-750-3","87":"pa_durchmesser-32-000-3","88":"pa_durchmesser-35-000-2","89":"pa_durchmesser-4-000-2","90":"pa_durchmesser-4-500-2","91":"pa_durchmesser-4-700-2","92":"pa_durchmesser-4-760-3","93":"pa_durchmesser-4-800-2","94":"pa_durchmesser-40-000-3","95":"pa_durchmesser-45-000-3","96":"pa_durchmesser-5-000-2","97":"pa_durchmesser-5-400-2","98":"pa_durchmesser-5-500-2","99":"pa_durchmesser-50-000-3","100":"pa_durchmesser-55-000-2","101":"pa_durchmesser-6-000-2","102":"pa_durchmesser-6-350-2","103":"pa_durchmesser-6-500-2","104":"pa_durchmesser-6-700-3","105":"pa_durchmesser-60-000-2","106":"pa_durchmesser-65-000-2","107":"pa_durchmesser-7-000-2","108":"pa_durchmesser-7-500-3","109":"pa_durchmesser-70-000-3","110":"pa_durchmesser-8-000-2","111":"pa_durchmesser-8-500-2","112":"pa_durchmesser-80-000-2","113":"pa_durchmesser-9-000-3","114":"pa_durchmesser-9-500-2","115":"pa_toleranz-fg-6-fr","116":"pa_toleranz-fg-7-fr","117":"pa_toleranz-fg-8-fr","118":"pa_toleranz-h-11-fr-2","119":"pa_toleranz-h-5-fr","120":"pa_toleranz-h-6-fr","121":"pa_toleranz-h-7-fr","122":"pa_toleranz-h-8-fr","123":"pa_toleranz-h-9-fr","124":"pa_toleranz-spec","126":"first","127":"instock","128":"purchasable","129":"product-type-variable"},"acf":[],"yoast_head":"<!-- This site is optimized with the Yoast SEO plugin v24.0 - https:\/\/yoast.com\/wordpress\/plugins\/seo\/ -->\n<title>1.4441 IMPLANT - L.Klein SA - Premium Steel and Metals<\/title>\n<meta name=\"robots\" content=\"noindex, follow, max-snippet:-1, max-image-preview:large, max-video-preview:-1\" \/>\n<meta property=\"og:locale\" content=\"fr_FR\" \/>\n<meta property=\"og:type\" content=\"article\" \/>\n<meta property=\"og:title\" content=\"1.4441 IMPLANT - L.Klein SA - Premium Steel and Metals\" \/>\n<meta property=\"og:description\" content=\"R\u00e9sum\u00e9 D\u00e9signation Klein: 1.4441 IMPLANT Classe de m\u00e9tal: Acier inoxydable aust\u00e9nitique avec addition de N Num\u00e9ro mati\u00e8re: 1.4441 Norme [&hellip;]\" \/>\n<meta property=\"og:url\" content=\"https:\/\/kleinmetals.kreativloft.ch\/fr\/produkt\/1-4441-implant\/\" \/>\n<meta property=\"og:site_name\" content=\"L.Klein SA - Premium Steel and Metals\" \/>\n<meta property=\"article:modified_time\" content=\"2024-03-28T09:47:42+00:00\" \/>\n<meta property=\"og:image\" content=\"https:\/\/kleinmetals.kreativloft.ch\/wp-content\/uploads\/555-1.png\" \/>\n\t<meta property=\"og:image:width\" content=\"1000\" \/>\n\t<meta property=\"og:image:height\" content=\"1000\" \/>\n\t<meta property=\"og:image:type\" content=\"image\/png\" \/>\n<script type=\"application\/ld+json\" class=\"yoast-schema-graph\">{\"@context\":\"https:\/\/schema.org\",\"@graph\":[{\"@type\":\"WebPage\",\"@id\":\"https:\/\/kleinmetals.kreativloft.ch\/fr\/produkt\/1-4441-implant\/\",\"url\":\"https:\/\/kleinmetals.kreativloft.ch\/fr\/produkt\/1-4441-implant\/\",\"name\":\"1.4441 IMPLANT - L.Klein SA - Premium Steel and Metals\",\"isPartOf\":{\"@id\":\"https:\/\/kleinmetals.kreativloft.ch\/fr\/#website\"},\"primaryImageOfPage\":{\"@id\":\"https:\/\/kleinmetals.kreativloft.ch\/fr\/produkt\/1-4441-implant\/#primaryimage\"},\"image\":{\"@id\":\"https:\/\/kleinmetals.kreativloft.ch\/fr\/produkt\/1-4441-implant\/#primaryimage\"},\"thumbnailUrl\":\"https:\/\/kleinmetals.kreativloft.ch\/wp-content\/uploads\/555-1.png\",\"datePublished\":\"2024-03-26T08:53:41+00:00\",\"dateModified\":\"2024-03-28T09:47:42+00:00\",\"breadcrumb\":{\"@id\":\"https:\/\/kleinmetals.kreativloft.ch\/fr\/produkt\/1-4441-implant\/#breadcrumb\"},\"inLanguage\":\"fr-FR\",\"potentialAction\":[{\"@type\":\"ReadAction\",\"target\":[\"https:\/\/kleinmetals.kreativloft.ch\/fr\/produkt\/1-4441-implant\/\"]}]},{\"@type\":\"ImageObject\",\"inLanguage\":\"fr-FR\",\"@id\":\"https:\/\/kleinmetals.kreativloft.ch\/fr\/produkt\/1-4441-implant\/#primaryimage\",\"url\":\"https:\/\/kleinmetals.kreativloft.ch\/wp-content\/uploads\/555-1.png\",\"contentUrl\":\"https:\/\/kleinmetals.kreativloft.ch\/wp-content\/uploads\/555-1.png\",\"width\":1000,\"height\":1000},{\"@type\":\"BreadcrumbList\",\"@id\":\"https:\/\/kleinmetals.kreativloft.ch\/fr\/produkt\/1-4441-implant\/#breadcrumb\",\"itemListElement\":[{\"@type\":\"ListItem\",\"position\":1,\"name\":\"Startseite\",\"item\":\"https:\/\/kleinmetals.kreativloft.ch\/fr\/\"},{\"@type\":\"ListItem\",\"position\":2,\"name\":\"Produits\",\"item\":\"https:\/\/kleinmetals.kreativloft.ch\/fr\/produits\/\"},{\"@type\":\"ListItem\",\"position\":3,\"name\":\"1.4441 IMPLANT\"}]},{\"@type\":\"WebSite\",\"@id\":\"https:\/\/kleinmetals.kreativloft.ch\/fr\/#website\",\"url\":\"https:\/\/kleinmetals.kreativloft.ch\/fr\/\",\"name\":\"L.Klein AG Edelstaehle und Metalle\",\"description\":\"Handel mit hochwertigen Edelst\u00e4hlen und metallischen Rohstoffen\",\"publisher\":{\"@id\":\"https:\/\/kleinmetals.kreativloft.ch\/fr\/#organization\"},\"potentialAction\":[{\"@type\":\"SearchAction\",\"target\":{\"@type\":\"EntryPoint\",\"urlTemplate\":\"https:\/\/kleinmetals.kreativloft.ch\/fr\/?s={search_term_string}\"},\"query-input\":{\"@type\":\"PropertyValueSpecification\",\"valueRequired\":true,\"valueName\":\"search_term_string\"}}],\"inLanguage\":\"fr-FR\"},{\"@type\":\"Organization\",\"@id\":\"https:\/\/kleinmetals.kreativloft.ch\/fr\/#organization\",\"name\":\"L.Klein SA\",\"url\":\"https:\/\/kleinmetals.kreativloft.ch\/fr\/\",\"logo\":{\"@type\":\"ImageObject\",\"inLanguage\":\"fr-FR\",\"@id\":\"https:\/\/kleinmetals.kreativloft.ch\/fr\/#\/schema\/logo\/image\/\",\"url\":\"https:\/\/kleinmetals.kreativloft.ch\/wp-content\/uploads\/L-Klein-SA-Logo.svg\",\"contentUrl\":\"https:\/\/kleinmetals.kreativloft.ch\/wp-content\/uploads\/L-Klein-SA-Logo.svg\",\"width\":275,\"height\":86,\"caption\":\"L.Klein SA\"},\"image\":{\"@id\":\"https:\/\/kleinmetals.kreativloft.ch\/fr\/#\/schema\/logo\/image\/\"},\"sameAs\":[\"https:\/\/www.linkedin.com\/company\/l.-klein-sa\/\"]}]}<\/script>\n<!-- \/ Yoast SEO plugin. -->","yoast_head_json":{"title":"1.4441 IMPLANT - L.Klein SA - Premium Steel and Metals","robots":{"index":"noindex","follow":"follow","max-snippet":"max-snippet:-1","max-image-preview":"max-image-preview:large","max-video-preview":"max-video-preview:-1"},"og_locale":"fr_FR","og_type":"article","og_title":"1.4441 IMPLANT - L.Klein SA - Premium Steel and Metals","og_description":"R\u00e9sum\u00e9 D\u00e9signation Klein: 1.4441 IMPLANT Classe de m\u00e9tal: Acier inoxydable aust\u00e9nitique avec addition de N Num\u00e9ro mati\u00e8re: 1.4441 Norme [&hellip;]","og_url":"https:\/\/kleinmetals.kreativloft.ch\/fr\/produkt\/1-4441-implant\/","og_site_name":"L.Klein SA - Premium Steel and Metals","article_modified_time":"2024-03-28T09:47:42+00:00","og_image":[{"width":1000,"height":1000,"url":"https:\/\/kleinmetals.kreativloft.ch\/wp-content\/uploads\/555-1.png","type":"image\/png"}],"schema":{"@context":"https:\/\/schema.org","@graph":[{"@type":"WebPage","@id":"https:\/\/kleinmetals.kreativloft.ch\/fr\/produkt\/1-4441-implant\/","url":"https:\/\/kleinmetals.kreativloft.ch\/fr\/produkt\/1-4441-implant\/","name":"1.4441 IMPLANT - L.Klein SA - Premium Steel and Metals","isPartOf":{"@id":"https:\/\/kleinmetals.kreativloft.ch\/fr\/#website"},"primaryImageOfPage":{"@id":"https:\/\/kleinmetals.kreativloft.ch\/fr\/produkt\/1-4441-implant\/#primaryimage"},"image":{"@id":"https:\/\/kleinmetals.kreativloft.ch\/fr\/produkt\/1-4441-implant\/#primaryimage"},"thumbnailUrl":"https:\/\/kleinmetals.kreativloft.ch\/wp-content\/uploads\/555-1.png","datePublished":"2024-03-26T08:53:41+00:00","dateModified":"2024-03-28T09:47:42+00:00","breadcrumb":{"@id":"https:\/\/kleinmetals.kreativloft.ch\/fr\/produkt\/1-4441-implant\/#breadcrumb"},"inLanguage":"fr-FR","potentialAction":[{"@type":"ReadAction","target":["https:\/\/kleinmetals.kreativloft.ch\/fr\/produkt\/1-4441-implant\/"]}]},{"@type":"ImageObject","inLanguage":"fr-FR","@id":"https:\/\/kleinmetals.kreativloft.ch\/fr\/produkt\/1-4441-implant\/#primaryimage","url":"https:\/\/kleinmetals.kreativloft.ch\/wp-content\/uploads\/555-1.png","contentUrl":"https:\/\/kleinmetals.kreativloft.ch\/wp-content\/uploads\/555-1.png","width":1000,"height":1000},{"@type":"BreadcrumbList","@id":"https:\/\/kleinmetals.kreativloft.ch\/fr\/produkt\/1-4441-implant\/#breadcrumb","itemListElement":[{"@type":"ListItem","position":1,"name":"Startseite","item":"https:\/\/kleinmetals.kreativloft.ch\/fr\/"},{"@type":"ListItem","position":2,"name":"Produits","item":"https:\/\/kleinmetals.kreativloft.ch\/fr\/produits\/"},{"@type":"ListItem","position":3,"name":"1.4441 IMPLANT"}]},{"@type":"WebSite","@id":"https:\/\/kleinmetals.kreativloft.ch\/fr\/#website","url":"https:\/\/kleinmetals.kreativloft.ch\/fr\/","name":"L.Klein AG Edelstaehle und Metalle","description":"Handel mit hochwertigen Edelst\u00e4hlen und metallischen Rohstoffen","publisher":{"@id":"https:\/\/kleinmetals.kreativloft.ch\/fr\/#organization"},"potentialAction":[{"@type":"SearchAction","target":{"@type":"EntryPoint","urlTemplate":"https:\/\/kleinmetals.kreativloft.ch\/fr\/?s={search_term_string}"},"query-input":{"@type":"PropertyValueSpecification","valueRequired":true,"valueName":"search_term_string"}}],"inLanguage":"fr-FR"},{"@type":"Organization","@id":"https:\/\/kleinmetals.kreativloft.ch\/fr\/#organization","name":"L.Klein SA","url":"https:\/\/kleinmetals.kreativloft.ch\/fr\/","logo":{"@type":"ImageObject","inLanguage":"fr-FR","@id":"https:\/\/kleinmetals.kreativloft.ch\/fr\/#\/schema\/logo\/image\/","url":"https:\/\/kleinmetals.kreativloft.ch\/wp-content\/uploads\/L-Klein-SA-Logo.svg","contentUrl":"https:\/\/kleinmetals.kreativloft.ch\/wp-content\/uploads\/L-Klein-SA-Logo.svg","width":275,"height":86,"caption":"L.Klein SA"},"image":{"@id":"https:\/\/kleinmetals.kreativloft.ch\/fr\/#\/schema\/logo\/image\/"},"sameAs":["https:\/\/www.linkedin.com\/company\/l.-klein-sa\/"]}]}},"_links":{"self":[{"href":"https:\/\/kleinmetals.kreativloft.ch\/fr\/wp-json\/wp\/v2\/product\/187945","targetHints":{"allow":["GET"]}}],"collection":[{"href":"https:\/\/kleinmetals.kreativloft.ch\/fr\/wp-json\/wp\/v2\/product"}],"about":[{"href":"https:\/\/kleinmetals.kreativloft.ch\/fr\/wp-json\/wp\/v2\/types\/product"}],"wp:featuredmedia":[{"embeddable":true,"href":"https:\/\/kleinmetals.kreativloft.ch\/fr\/wp-json\/wp\/v2\/media\/181434"}],"wp:attachment":[{"href":"https:\/\/kleinmetals.kreativloft.ch\/fr\/wp-json\/wp\/v2\/media?parent=187945"}],"wp:term":[{"taxonomy":"product_cat","embeddable":true,"href":"https:\/\/kleinmetals.kreativloft.ch\/fr\/wp-json\/wp\/v2\/product_cat?post=187945"},{"taxonomy":"product_tag","embeddable":true,"href":"https:\/\/kleinmetals.kreativloft.ch\/fr\/wp-json\/wp\/v2\/product_tag?post=187945"}],"curies":[{"name":"wp","href":"https:\/\/api.w.org\/{rel}","templated":true}]}}