{"id":187964,"date":"2024-03-26T09:54:36","date_gmt":"2024-03-26T08:54:36","guid":{"rendered":"https:\/\/kleinmetals.kreativloft.ch\/?post_type=product&#038;p=187964"},"modified":"2024-03-28T10:48:28","modified_gmt":"2024-03-28T09:48:28","slug":"sws","status":"publish","type":"product","link":"https:\/\/kleinmetals.kreativloft.ch\/fr\/produkt\/sws\/","title":{"rendered":"SWS"},"content":{"rendered":"<table border=\"0\" width=\"100%\" cellspacing=\"0\" cellpadding=\"0\">\n<tbody>\n<tr>\n<td width=\"40%\"><strong>R\u00e9sum\u00e9<\/strong><\/td>\n<td><\/td>\n<\/tr>\n<tr>\n<td><\/td>\n<td><\/td>\n<\/tr>\n<tr>\n<td>D\u00e9nomination Klein:<\/td>\n<td>SWS<\/td>\n<\/tr>\n<tr>\n<td valign=\"top\">Classe d\u2019aciers:<\/td>\n<td>Acier de d\u00e9colletage<br \/>\navec additions de P et S<\/td>\n<\/tr>\n<tr>\n<td>Num\u00e9ro mati\u00e8re:<\/td>\n<td>1.0715<\/td>\n<\/tr>\n<tr>\n<td>Norme:<\/td>\n<td>EN 11 SMn 30<\/td>\n<\/tr>\n<tr>\n<td>Usinabilit\u00e9:<\/td>\n<td>tr\u00e8s bonne<\/td>\n<\/tr>\n<tr>\n<td>Capacit\u00e9 de durcissement:<\/td>\n<td>ne peut pas \u00eatre durci<\/td>\n<\/tr>\n<tr>\n<td valign=\"top\">Aptitude au polissage:<\/td>\n<td>n\u2019est pas adapt\u00e9 au polissage sp\u00e9culaire<\/td>\n<\/tr>\n<tr>\n<td>Soudabilit\u00e9:<\/td>\n<td>pas adapt\u00e9<\/td>\n<\/tr>\n<tr>\n<td valign=\"top\">Utilisations:<\/td>\n<td>pi\u00e8ces pour de nombreuses branches de l\u2019industrie<\/td>\n<\/tr>\n<\/tbody>\n<\/table>\n<p>&nbsp;<\/p>\n","protected":false},"excerpt":{"rendered":"<p>R\u00e9sum\u00e9 D\u00e9nomination Klein: SWS Classe d\u2019aciers: Acier de d\u00e9colletage avec additions de P et S Num\u00e9ro mati\u00e8re: 1.0715 Norme: [&hellip;]<\/p>\n","protected":false},"featured_media":181473,"template":"","meta":{"_acf_changed":false,"inline_featured_image":false},"product_cat":[808,810,872],"product_tag":[],"class_list":{"0":"post-187964","1":"product","2":"type-product","3":"status-publish","4":"has-post-thumbnail","6":"product_cat-acier-automates","7":"product_cat-acier-doux-automates","8":"product_cat-carre-hexagonal","9":"pa_ausfuehrung-carre","10":"pa_ausfuehrung-etire","11":"pa_ausfuehrung-meule","12":"pa_ausfuehrung-2-barres-2m","13":"pa_ausfuehrung-2-barres-3m","14":"pa_ausfuehrung-2-torche","15":"pa_durchmesser-1-000-2","16":"pa_durchmesser-1-100-2","17":"pa_durchmesser-1-500-3","18":"pa_durchmesser-1-600-3","19":"pa_durchmesser-1-800-3","20":"pa_durchmesser-10-000-3","21":"pa_durchmesser-11-000-3","22":"pa_durchmesser-12-000-2","23":"pa_durchmesser-15-000-2","24":"pa_durchmesser-16-000-3","25":"pa_durchmesser-17-000-3","26":"pa_durchmesser-2-000-3","27":"pa_durchmesser-2-100-3","28":"pa_durchmesser-2-200-3","29":"pa_durchmesser-2-460-2","30":"pa_durchmesser-2-500-3","31":"pa_durchmesser-3-000-3","32":"pa_durchmesser-3-200-3","33":"pa_durchmesser-35-000-2","34":"pa_durchmesser-4-000-2","35":"pa_durchmesser-4-100-3","36":"pa_durchmesser-4-500-2","37":"pa_durchmesser-5-000-2","38":"pa_durchmesser-5-500-2","39":"pa_durchmesser-6-000-2","40":"pa_durchmesser-7-000-2","41":"pa_durchmesser-8-000-2","42":"pa_durchmesser-8-500-2","43":"pa_durchmesser-9-000-3","44":"pa_toleranz-fg-8-fr","45":"pa_toleranz-h-11-fr-2","46":"pa_toleranz-h-6-fr","47":"pa_toleranz-h-7-fr","48":"pa_toleranz-h-8-fr","49":"pa_toleranz-h-9-fr","51":"first","52":"instock","53":"purchasable","54":"product-type-variable"},"acf":[],"yoast_head":"<!-- This site is optimized with the Yoast SEO plugin v24.0 - https:\/\/yoast.com\/wordpress\/plugins\/seo\/ -->\n<title>SWS - L.Klein SA - Premium Steel and Metals<\/title>\n<meta name=\"robots\" content=\"noindex, follow, max-snippet:-1, max-image-preview:large, max-video-preview:-1\" \/>\n<meta property=\"og:locale\" content=\"fr_FR\" \/>\n<meta property=\"og:type\" content=\"article\" \/>\n<meta property=\"og:title\" content=\"SWS - L.Klein SA - Premium Steel and Metals\" \/>\n<meta property=\"og:description\" content=\"R\u00e9sum\u00e9 D\u00e9nomination Klein: SWS Classe d\u2019aciers: Acier de d\u00e9colletage avec additions de P et S Num\u00e9ro mati\u00e8re: 1.0715 Norme: [&hellip;]\" \/>\n<meta property=\"og:url\" content=\"https:\/\/kleinmetals.kreativloft.ch\/fr\/produkt\/sws\/\" \/>\n<meta property=\"og:site_name\" content=\"L.Klein SA - Premium Steel and Metals\" \/>\n<meta property=\"article:modified_time\" content=\"2024-03-28T09:48:28+00:00\" \/>\n<meta property=\"og:image\" content=\"https:\/\/kleinmetals.kreativloft.ch\/wp-content\/uploads\/001-1.png\" \/>\n\t<meta property=\"og:image:width\" content=\"1000\" \/>\n\t<meta property=\"og:image:height\" content=\"1000\" \/>\n\t<meta property=\"og:image:type\" content=\"image\/png\" \/>\n<script type=\"application\/ld+json\" class=\"yoast-schema-graph\">{\"@context\":\"https:\/\/schema.org\",\"@graph\":[{\"@type\":\"WebPage\",\"@id\":\"https:\/\/kleinmetals.kreativloft.ch\/fr\/produkt\/sws\/\",\"url\":\"https:\/\/kleinmetals.kreativloft.ch\/fr\/produkt\/sws\/\",\"name\":\"SWS - L.Klein SA - Premium Steel and Metals\",\"isPartOf\":{\"@id\":\"https:\/\/kleinmetals.kreativloft.ch\/fr\/#website\"},\"primaryImageOfPage\":{\"@id\":\"https:\/\/kleinmetals.kreativloft.ch\/fr\/produkt\/sws\/#primaryimage\"},\"image\":{\"@id\":\"https:\/\/kleinmetals.kreativloft.ch\/fr\/produkt\/sws\/#primaryimage\"},\"thumbnailUrl\":\"https:\/\/kleinmetals.kreativloft.ch\/wp-content\/uploads\/001-1.png\",\"datePublished\":\"2024-03-26T08:54:36+00:00\",\"dateModified\":\"2024-03-28T09:48:28+00:00\",\"breadcrumb\":{\"@id\":\"https:\/\/kleinmetals.kreativloft.ch\/fr\/produkt\/sws\/#breadcrumb\"},\"inLanguage\":\"fr-FR\",\"potentialAction\":[{\"@type\":\"ReadAction\",\"target\":[\"https:\/\/kleinmetals.kreativloft.ch\/fr\/produkt\/sws\/\"]}]},{\"@type\":\"ImageObject\",\"inLanguage\":\"fr-FR\",\"@id\":\"https:\/\/kleinmetals.kreativloft.ch\/fr\/produkt\/sws\/#primaryimage\",\"url\":\"https:\/\/kleinmetals.kreativloft.ch\/wp-content\/uploads\/001-1.png\",\"contentUrl\":\"https:\/\/kleinmetals.kreativloft.ch\/wp-content\/uploads\/001-1.png\",\"width\":1000,\"height\":1000},{\"@type\":\"BreadcrumbList\",\"@id\":\"https:\/\/kleinmetals.kreativloft.ch\/fr\/produkt\/sws\/#breadcrumb\",\"itemListElement\":[{\"@type\":\"ListItem\",\"position\":1,\"name\":\"Startseite\",\"item\":\"https:\/\/kleinmetals.kreativloft.ch\/fr\/\"},{\"@type\":\"ListItem\",\"position\":2,\"name\":\"Produits\",\"item\":\"https:\/\/kleinmetals.kreativloft.ch\/fr\/produits\/\"},{\"@type\":\"ListItem\",\"position\":3,\"name\":\"SWS\"}]},{\"@type\":\"WebSite\",\"@id\":\"https:\/\/kleinmetals.kreativloft.ch\/fr\/#website\",\"url\":\"https:\/\/kleinmetals.kreativloft.ch\/fr\/\",\"name\":\"L.Klein AG Edelstaehle und Metalle\",\"description\":\"Handel mit hochwertigen Edelst\u00e4hlen und metallischen Rohstoffen\",\"publisher\":{\"@id\":\"https:\/\/kleinmetals.kreativloft.ch\/fr\/#organization\"},\"potentialAction\":[{\"@type\":\"SearchAction\",\"target\":{\"@type\":\"EntryPoint\",\"urlTemplate\":\"https:\/\/kleinmetals.kreativloft.ch\/fr\/?s={search_term_string}\"},\"query-input\":{\"@type\":\"PropertyValueSpecification\",\"valueRequired\":true,\"valueName\":\"search_term_string\"}}],\"inLanguage\":\"fr-FR\"},{\"@type\":\"Organization\",\"@id\":\"https:\/\/kleinmetals.kreativloft.ch\/fr\/#organization\",\"name\":\"L.Klein SA\",\"url\":\"https:\/\/kleinmetals.kreativloft.ch\/fr\/\",\"logo\":{\"@type\":\"ImageObject\",\"inLanguage\":\"fr-FR\",\"@id\":\"https:\/\/kleinmetals.kreativloft.ch\/fr\/#\/schema\/logo\/image\/\",\"url\":\"https:\/\/kleinmetals.kreativloft.ch\/wp-content\/uploads\/L-Klein-SA-Logo.svg\",\"contentUrl\":\"https:\/\/kleinmetals.kreativloft.ch\/wp-content\/uploads\/L-Klein-SA-Logo.svg\",\"width\":275,\"height\":86,\"caption\":\"L.Klein SA\"},\"image\":{\"@id\":\"https:\/\/kleinmetals.kreativloft.ch\/fr\/#\/schema\/logo\/image\/\"},\"sameAs\":[\"https:\/\/www.linkedin.com\/company\/l.-klein-sa\/\"]}]}<\/script>\n<!-- \/ Yoast SEO plugin. -->","yoast_head_json":{"title":"SWS - L.Klein SA - Premium Steel and Metals","robots":{"index":"noindex","follow":"follow","max-snippet":"max-snippet:-1","max-image-preview":"max-image-preview:large","max-video-preview":"max-video-preview:-1"},"og_locale":"fr_FR","og_type":"article","og_title":"SWS - L.Klein SA - Premium Steel and Metals","og_description":"R\u00e9sum\u00e9 D\u00e9nomination Klein: SWS Classe d\u2019aciers: Acier de d\u00e9colletage avec additions de P et S Num\u00e9ro mati\u00e8re: 1.0715 Norme: [&hellip;]","og_url":"https:\/\/kleinmetals.kreativloft.ch\/fr\/produkt\/sws\/","og_site_name":"L.Klein SA - Premium Steel and Metals","article_modified_time":"2024-03-28T09:48:28+00:00","og_image":[{"width":1000,"height":1000,"url":"https:\/\/kleinmetals.kreativloft.ch\/wp-content\/uploads\/001-1.png","type":"image\/png"}],"schema":{"@context":"https:\/\/schema.org","@graph":[{"@type":"WebPage","@id":"https:\/\/kleinmetals.kreativloft.ch\/fr\/produkt\/sws\/","url":"https:\/\/kleinmetals.kreativloft.ch\/fr\/produkt\/sws\/","name":"SWS - L.Klein SA - Premium Steel and Metals","isPartOf":{"@id":"https:\/\/kleinmetals.kreativloft.ch\/fr\/#website"},"primaryImageOfPage":{"@id":"https:\/\/kleinmetals.kreativloft.ch\/fr\/produkt\/sws\/#primaryimage"},"image":{"@id":"https:\/\/kleinmetals.kreativloft.ch\/fr\/produkt\/sws\/#primaryimage"},"thumbnailUrl":"https:\/\/kleinmetals.kreativloft.ch\/wp-content\/uploads\/001-1.png","datePublished":"2024-03-26T08:54:36+00:00","dateModified":"2024-03-28T09:48:28+00:00","breadcrumb":{"@id":"https:\/\/kleinmetals.kreativloft.ch\/fr\/produkt\/sws\/#breadcrumb"},"inLanguage":"fr-FR","potentialAction":[{"@type":"ReadAction","target":["https:\/\/kleinmetals.kreativloft.ch\/fr\/produkt\/sws\/"]}]},{"@type":"ImageObject","inLanguage":"fr-FR","@id":"https:\/\/kleinmetals.kreativloft.ch\/fr\/produkt\/sws\/#primaryimage","url":"https:\/\/kleinmetals.kreativloft.ch\/wp-content\/uploads\/001-1.png","contentUrl":"https:\/\/kleinmetals.kreativloft.ch\/wp-content\/uploads\/001-1.png","width":1000,"height":1000},{"@type":"BreadcrumbList","@id":"https:\/\/kleinmetals.kreativloft.ch\/fr\/produkt\/sws\/#breadcrumb","itemListElement":[{"@type":"ListItem","position":1,"name":"Startseite","item":"https:\/\/kleinmetals.kreativloft.ch\/fr\/"},{"@type":"ListItem","position":2,"name":"Produits","item":"https:\/\/kleinmetals.kreativloft.ch\/fr\/produits\/"},{"@type":"ListItem","position":3,"name":"SWS"}]},{"@type":"WebSite","@id":"https:\/\/kleinmetals.kreativloft.ch\/fr\/#website","url":"https:\/\/kleinmetals.kreativloft.ch\/fr\/","name":"L.Klein AG Edelstaehle und Metalle","description":"Handel mit hochwertigen Edelst\u00e4hlen und metallischen Rohstoffen","publisher":{"@id":"https:\/\/kleinmetals.kreativloft.ch\/fr\/#organization"},"potentialAction":[{"@type":"SearchAction","target":{"@type":"EntryPoint","urlTemplate":"https:\/\/kleinmetals.kreativloft.ch\/fr\/?s={search_term_string}"},"query-input":{"@type":"PropertyValueSpecification","valueRequired":true,"valueName":"search_term_string"}}],"inLanguage":"fr-FR"},{"@type":"Organization","@id":"https:\/\/kleinmetals.kreativloft.ch\/fr\/#organization","name":"L.Klein SA","url":"https:\/\/kleinmetals.kreativloft.ch\/fr\/","logo":{"@type":"ImageObject","inLanguage":"fr-FR","@id":"https:\/\/kleinmetals.kreativloft.ch\/fr\/#\/schema\/logo\/image\/","url":"https:\/\/kleinmetals.kreativloft.ch\/wp-content\/uploads\/L-Klein-SA-Logo.svg","contentUrl":"https:\/\/kleinmetals.kreativloft.ch\/wp-content\/uploads\/L-Klein-SA-Logo.svg","width":275,"height":86,"caption":"L.Klein SA"},"image":{"@id":"https:\/\/kleinmetals.kreativloft.ch\/fr\/#\/schema\/logo\/image\/"},"sameAs":["https:\/\/www.linkedin.com\/company\/l.-klein-sa\/"]}]}},"_links":{"self":[{"href":"https:\/\/kleinmetals.kreativloft.ch\/fr\/wp-json\/wp\/v2\/product\/187964","targetHints":{"allow":["GET"]}}],"collection":[{"href":"https:\/\/kleinmetals.kreativloft.ch\/fr\/wp-json\/wp\/v2\/product"}],"about":[{"href":"https:\/\/kleinmetals.kreativloft.ch\/fr\/wp-json\/wp\/v2\/types\/product"}],"wp:featuredmedia":[{"embeddable":true,"href":"https:\/\/kleinmetals.kreativloft.ch\/fr\/wp-json\/wp\/v2\/media\/181473"}],"wp:attachment":[{"href":"https:\/\/kleinmetals.kreativloft.ch\/fr\/wp-json\/wp\/v2\/media?parent=187964"}],"wp:term":[{"taxonomy":"product_cat","embeddable":true,"href":"https:\/\/kleinmetals.kreativloft.ch\/fr\/wp-json\/wp\/v2\/product_cat?post=187964"},{"taxonomy":"product_tag","embeddable":true,"href":"https:\/\/kleinmetals.kreativloft.ch\/fr\/wp-json\/wp\/v2\/product_tag?post=187964"}],"curies":[{"name":"wp","href":"https:\/\/api.w.org\/{rel}","templated":true}]}}