{"id":188043,"date":"2024-03-26T09:56:21","date_gmt":"2024-03-26T08:56:21","guid":{"rendered":"https:\/\/kleinmetals.kreativloft.ch\/?post_type=product&#038;p=188043"},"modified":"2024-03-28T10:49:04","modified_gmt":"2024-03-28T09:49:04","slug":"chronifer-supra","status":"publish","type":"product","link":"https:\/\/kleinmetals.kreativloft.ch\/fr\/produkt\/chronifer-supra\/","title":{"rendered":"CHRONIFER SUPRA"},"content":{"rendered":"<table border=\"0\" width=\"100%\" cellspacing=\"0\" cellpadding=\"0\">\n<tbody>\n<tr>\n<td><strong>R\u00e9sum\u00e9<\/strong><\/td>\n<td><\/td>\n<\/tr>\n<tr>\n<td><\/td>\n<td><\/td>\n<\/tr>\n<tr>\n<td>D\u00e9signation Klein:<\/td>\n<td>CHRONIFER SUPRA<\/td>\n<\/tr>\n<tr>\n<td valign=\"top\">Classe de m\u00e9taux:<\/td>\n<td>Acier inoxydable aust\u00e9nitique<\/td>\n<\/tr>\n<tr>\n<td>Num\u00e9ro mati\u00e8res:<\/td>\n<td>1.4301 \u2013 1.4306 &#8211; 1.4307<\/td>\n<\/tr>\n<tr>\n<td valign=\"top\">Norme ISO:<\/td>\n<td>X 5 CrNi 18-10 \/ X2 CrNi 19-11 \/<br \/>\nX5 CrNi 18-9<\/td>\n<\/tr>\n<tr>\n<td>AMS:<\/td>\n<td>QQ S-763<\/td>\n<\/tr>\n<tr>\n<td>ASTM:<\/td>\n<td>F-899 \/ A582\/A582M \/ A276 \/ A959<\/td>\n<\/tr>\n<tr>\n<td>UNS:<\/td>\n<td>S30400 \/ S30403<\/td>\n<\/tr>\n<tr>\n<td>DIN:<\/td>\n<td>EN 10088-3<\/td>\n<\/tr>\n<tr>\n<td>Usinabilit\u00e9:<\/td>\n<td>de satisfaisante \u00e0 bonne<\/td>\n<\/tr>\n<tr>\n<td>Capacit\u00e9 de durcissement:<\/td>\n<td>ne peut pas \u00eatre durci<\/td>\n<\/tr>\n<tr>\n<td valign=\"top\">Formage:<\/td>\n<td>peut \u00eatre form\u00e9 \u00e0 froid<\/td>\n<\/tr>\n<tr>\n<td>Ecrouissage:<\/td>\n<td>peut \u00eatre \u00e9croui \u00e0 froid<\/td>\n<\/tr>\n<tr>\n<td valign=\"top\">Aptitude au polissage:<\/td>\n<td>adapt\u00e9 au polissage sp\u00e9culaire<\/td>\n<\/tr>\n<tr>\n<td valign=\"top\">R\u00e9sistance \u00e0 la corrosion:<\/td>\n<td>de satisfaisante \u00e0 bonne \u00e0 l\u2019\u00e9tat poli et<br \/>\npassiv\u00e9<\/td>\n<\/tr>\n<tr>\n<td valign=\"top\">Magn\u00e9tisme:<\/td>\n<td>peut pr\u00e9senter des traces de<br \/>\nmagn\u00e9tisme<\/td>\n<\/tr>\n<tr>\n<td valign=\"top\">Utilisations:<\/td>\n<td>Pi\u00e8ces pour de nombreuses branches<br \/>\nde l\u2019industrie<\/td>\n<\/tr>\n<\/tbody>\n<\/table>\n<p>&nbsp;<\/p>\n","protected":false},"excerpt":{"rendered":"<p>R\u00e9sum\u00e9 D\u00e9signation Klein: CHRONIFER SUPRA Classe de m\u00e9taux: Acier inoxydable aust\u00e9nitique Num\u00e9ro mati\u00e8res: 1.4301 \u2013 1.4306 &#8211; 1.4307 Norme [&hellip;]<\/p>\n","protected":false},"featured_media":181580,"template":"","meta":{"_acf_changed":false,"inline_featured_image":false},"product_cat":[9750,9755,10582,858],"product_tag":[],"class_list":{"0":"post-188043","1":"product","2":"type-product","3":"status-publish","4":"has-post-thumbnail","6":"product_cat-austenitique-acier-inoxydable-2","7":"product_cat-instruments-acier-medical-2","8":"product_cat-tubes-2-2","9":"product_cat-tubes-fr","10":"pa_ausfuehrung-6-pans","11":"pa_ausfuehrung-etire","12":"pa_ausfuehrung-gewalzt-fr","13":"pa_ausfuehrung-lamine","14":"pa_ausfuehrung-meule","15":"pa_ausfuehrung-2-barres-2m","16":"pa_ausfuehrung-2-barres-3m","17":"pa_ausfuehrung-2-en-tole","18":"pa_ausfuehrung-2-longueurs-spec","19":"pa_ausfuehrung-2-torche","20":"pa_ausfuehrung-2-tube","21":"pa_durchmesser-0-050-3","22":"pa_durchmesser-0-150-3","23":"pa_durchmesser-0-200-2","24":"pa_durchmesser-0-250-2","25":"pa_durchmesser-0-300-2","26":"pa_durchmesser-0-350-2","27":"pa_durchmesser-0-370-3","28":"pa_durchmesser-0-390-2","29":"pa_durchmesser-0-400-2","30":"pa_durchmesser-0-420-2","31":"pa_durchmesser-0-450-2","32":"pa_durchmesser-0-500-3","33":"pa_durchmesser-0-550-2","34":"pa_durchmesser-0-600-2","35":"pa_durchmesser-0-700-2","36":"pa_durchmesser-0-800-2","37":"pa_durchmesser-0-860-3","38":"pa_durchmesser-0-900-2","39":"pa_durchmesser-1-000-2","40":"pa_durchmesser-1-100-2","41":"pa_durchmesser-1-200-3","42":"pa_durchmesser-1-300-3","43":"pa_durchmesser-1-400-2","44":"pa_durchmesser-1-500-3","45":"pa_durchmesser-1-600-3","46":"pa_durchmesser-1-700-3","47":"pa_durchmesser-1-800-3","48":"pa_durchmesser-1-900-3","49":"pa_durchmesser-10-000-3","50":"pa_durchmesser-10-100-3","51":"pa_durchmesser-10-500-2","52":"pa_durchmesser-11-000-3","53":"pa_durchmesser-11-113-2","54":"pa_durchmesser-12-000-2","55":"pa_durchmesser-12-500-2","56":"pa_durchmesser-12-700-3","57":"pa_durchmesser-12-800-2","58":"pa_durchmesser-13-000-3","59":"pa_durchmesser-14-000-3","60":"pa_durchmesser-14-200-2","61":"pa_durchmesser-15-000-2","62":"pa_durchmesser-15-100-3","63":"pa_durchmesser-15-500-3","64":"pa_durchmesser-16-000-3","65":"pa_durchmesser-16-100-3","66":"pa_durchmesser-16-500-3","67":"pa_durchmesser-17-000-3","68":"pa_durchmesser-18-000-3","69":"pa_durchmesser-19-000-3","70":"pa_durchmesser-2-000-3","71":"pa_durchmesser-2-100-3","72":"pa_durchmesser-2-300-3","73":"pa_durchmesser-2-350-3","74":"pa_durchmesser-2-500-3","75":"pa_durchmesser-2-600-2","76":"pa_durchmesser-2-800-2","77":"pa_durchmesser-20-000-2","78":"pa_durchmesser-21-000-3","79":"pa_durchmesser-21-920-3","80":"pa_durchmesser-22-000-2","81":"pa_durchmesser-23-000-3","82":"pa_durchmesser-25-000-3","83":"pa_durchmesser-25-400-3","84":"pa_durchmesser-26-000-2","85":"pa_durchmesser-27-000-3","86":"pa_durchmesser-28-000-3","87":"pa_durchmesser-3-000-3","88":"pa_durchmesser-3-100-3","89":"pa_durchmesser-3-200-3","90":"pa_durchmesser-3-300-2","91":"pa_durchmesser-3-400-3","92":"pa_durchmesser-3-500-2","93":"pa_durchmesser-3-800-2","94":"pa_durchmesser-30-000-3","95":"pa_durchmesser-31-000-2","96":"pa_durchmesser-32-000-3","97":"pa_durchmesser-33-000-2","98":"pa_durchmesser-34-000-3","99":"pa_durchmesser-35-000-2","100":"pa_durchmesser-36-000-3","101":"pa_durchmesser-37-000-3","102":"pa_durchmesser-38-000-3","103":"pa_durchmesser-4-000-2","104":"pa_durchmesser-4-100-3","105":"pa_durchmesser-4-200-3","106":"pa_durchmesser-4-300-3","107":"pa_durchmesser-4-500-2","108":"pa_durchmesser-40-000-3","109":"pa_durchmesser-42-000-3","110":"pa_durchmesser-43-000-3","111":"pa_durchmesser-45-000-3","112":"pa_durchmesser-48-000-3","113":"pa_durchmesser-5-000-2","114":"pa_durchmesser-5-100-2","115":"pa_durchmesser-5-200-2","116":"pa_durchmesser-5-300-2","117":"pa_durchmesser-5-500-2","118":"pa_durchmesser-5-800-2","119":"pa_durchmesser-50-000-3","120":"pa_durchmesser-50-800-2","121":"pa_durchmesser-52-000-3","122":"pa_durchmesser-55-000-2","123":"pa_durchmesser-58-000-2","124":"pa_durchmesser-6-000-2","125":"pa_durchmesser-6-100-2","126":"pa_durchmesser-6-200-3","127":"pa_durchmesser-6-350-2","128":"pa_durchmesser-6-500-2","129":"pa_durchmesser-60-000-2","130":"pa_durchmesser-7-000-2","131":"pa_durchmesser-7-100-2","132":"pa_durchmesser-7-500-3","133":"pa_durchmesser-8-000-2","134":"pa_durchmesser-8-100-3","135":"pa_durchmesser-8-500-2","136":"pa_durchmesser-9-000-3","137":"pa_durchmesser-9-500-2","138":"pa_durchmesser-9-530-3","139":"pa_toleranz-fg-6-fr","140":"pa_toleranz-fg-7-fr","141":"pa_toleranz-fg-8-fr","142":"pa_toleranz-h-6-fr","143":"pa_toleranz-h-7-fr","144":"pa_toleranz-h-8-fr","145":"pa_toleranz-h-9-fr","146":"pa_toleranz-spec","148":"first","149":"instock","150":"purchasable","151":"product-type-variable"},"acf":[],"yoast_head":"<!-- This site is optimized with the Yoast SEO plugin v24.0 - https:\/\/yoast.com\/wordpress\/plugins\/seo\/ -->\n<title>CHRONIFER SUPRA - L.Klein SA - Premium Steel and Metals<\/title>\n<meta name=\"robots\" content=\"noindex, follow, max-snippet:-1, max-image-preview:large, max-video-preview:-1\" \/>\n<meta property=\"og:locale\" content=\"fr_FR\" \/>\n<meta property=\"og:type\" content=\"article\" \/>\n<meta property=\"og:title\" content=\"CHRONIFER SUPRA - L.Klein SA - Premium Steel and Metals\" \/>\n<meta property=\"og:description\" content=\"R\u00e9sum\u00e9 D\u00e9signation Klein: CHRONIFER SUPRA Classe de m\u00e9taux: Acier inoxydable aust\u00e9nitique Num\u00e9ro mati\u00e8res: 1.4301 \u2013 1.4306 &#8211; 1.4307 Norme [&hellip;]\" \/>\n<meta property=\"og:url\" content=\"https:\/\/kleinmetals.kreativloft.ch\/fr\/produkt\/chronifer-supra\/\" \/>\n<meta property=\"og:site_name\" content=\"L.Klein SA - Premium Steel and Metals\" \/>\n<meta property=\"article:modified_time\" content=\"2024-03-28T09:49:04+00:00\" \/>\n<meta property=\"og:image\" content=\"https:\/\/kleinmetals.kreativloft.ch\/wp-content\/uploads\/501-1.png\" \/>\n\t<meta property=\"og:image:width\" content=\"1000\" \/>\n\t<meta property=\"og:image:height\" content=\"1000\" \/>\n\t<meta property=\"og:image:type\" content=\"image\/png\" \/>\n<script type=\"application\/ld+json\" class=\"yoast-schema-graph\">{\"@context\":\"https:\/\/schema.org\",\"@graph\":[{\"@type\":\"WebPage\",\"@id\":\"https:\/\/kleinmetals.kreativloft.ch\/fr\/produkt\/chronifer-supra\/\",\"url\":\"https:\/\/kleinmetals.kreativloft.ch\/fr\/produkt\/chronifer-supra\/\",\"name\":\"CHRONIFER SUPRA - L.Klein SA - Premium Steel and Metals\",\"isPartOf\":{\"@id\":\"https:\/\/kleinmetals.kreativloft.ch\/fr\/#website\"},\"primaryImageOfPage\":{\"@id\":\"https:\/\/kleinmetals.kreativloft.ch\/fr\/produkt\/chronifer-supra\/#primaryimage\"},\"image\":{\"@id\":\"https:\/\/kleinmetals.kreativloft.ch\/fr\/produkt\/chronifer-supra\/#primaryimage\"},\"thumbnailUrl\":\"https:\/\/kleinmetals.kreativloft.ch\/wp-content\/uploads\/501-1.png\",\"datePublished\":\"2024-03-26T08:56:21+00:00\",\"dateModified\":\"2024-03-28T09:49:04+00:00\",\"breadcrumb\":{\"@id\":\"https:\/\/kleinmetals.kreativloft.ch\/fr\/produkt\/chronifer-supra\/#breadcrumb\"},\"inLanguage\":\"fr-FR\",\"potentialAction\":[{\"@type\":\"ReadAction\",\"target\":[\"https:\/\/kleinmetals.kreativloft.ch\/fr\/produkt\/chronifer-supra\/\"]}]},{\"@type\":\"ImageObject\",\"inLanguage\":\"fr-FR\",\"@id\":\"https:\/\/kleinmetals.kreativloft.ch\/fr\/produkt\/chronifer-supra\/#primaryimage\",\"url\":\"https:\/\/kleinmetals.kreativloft.ch\/wp-content\/uploads\/501-1.png\",\"contentUrl\":\"https:\/\/kleinmetals.kreativloft.ch\/wp-content\/uploads\/501-1.png\",\"width\":1000,\"height\":1000},{\"@type\":\"BreadcrumbList\",\"@id\":\"https:\/\/kleinmetals.kreativloft.ch\/fr\/produkt\/chronifer-supra\/#breadcrumb\",\"itemListElement\":[{\"@type\":\"ListItem\",\"position\":1,\"name\":\"Startseite\",\"item\":\"https:\/\/kleinmetals.kreativloft.ch\/fr\/\"},{\"@type\":\"ListItem\",\"position\":2,\"name\":\"Produits\",\"item\":\"https:\/\/kleinmetals.kreativloft.ch\/fr\/produits\/\"},{\"@type\":\"ListItem\",\"position\":3,\"name\":\"CHRONIFER SUPRA\"}]},{\"@type\":\"WebSite\",\"@id\":\"https:\/\/kleinmetals.kreativloft.ch\/fr\/#website\",\"url\":\"https:\/\/kleinmetals.kreativloft.ch\/fr\/\",\"name\":\"L.Klein AG Edelstaehle und Metalle\",\"description\":\"Handel mit hochwertigen Edelst\u00e4hlen und metallischen Rohstoffen\",\"publisher\":{\"@id\":\"https:\/\/kleinmetals.kreativloft.ch\/fr\/#organization\"},\"potentialAction\":[{\"@type\":\"SearchAction\",\"target\":{\"@type\":\"EntryPoint\",\"urlTemplate\":\"https:\/\/kleinmetals.kreativloft.ch\/fr\/?s={search_term_string}\"},\"query-input\":{\"@type\":\"PropertyValueSpecification\",\"valueRequired\":true,\"valueName\":\"search_term_string\"}}],\"inLanguage\":\"fr-FR\"},{\"@type\":\"Organization\",\"@id\":\"https:\/\/kleinmetals.kreativloft.ch\/fr\/#organization\",\"name\":\"L.Klein SA\",\"url\":\"https:\/\/kleinmetals.kreativloft.ch\/fr\/\",\"logo\":{\"@type\":\"ImageObject\",\"inLanguage\":\"fr-FR\",\"@id\":\"https:\/\/kleinmetals.kreativloft.ch\/fr\/#\/schema\/logo\/image\/\",\"url\":\"https:\/\/kleinmetals.kreativloft.ch\/wp-content\/uploads\/L-Klein-SA-Logo.svg\",\"contentUrl\":\"https:\/\/kleinmetals.kreativloft.ch\/wp-content\/uploads\/L-Klein-SA-Logo.svg\",\"width\":275,\"height\":86,\"caption\":\"L.Klein SA\"},\"image\":{\"@id\":\"https:\/\/kleinmetals.kreativloft.ch\/fr\/#\/schema\/logo\/image\/\"},\"sameAs\":[\"https:\/\/www.linkedin.com\/company\/l.-klein-sa\/\"]}]}<\/script>\n<!-- \/ Yoast SEO plugin. -->","yoast_head_json":{"title":"CHRONIFER SUPRA - L.Klein SA - Premium Steel and Metals","robots":{"index":"noindex","follow":"follow","max-snippet":"max-snippet:-1","max-image-preview":"max-image-preview:large","max-video-preview":"max-video-preview:-1"},"og_locale":"fr_FR","og_type":"article","og_title":"CHRONIFER SUPRA - L.Klein SA - Premium Steel and Metals","og_description":"R\u00e9sum\u00e9 D\u00e9signation Klein: CHRONIFER SUPRA Classe de m\u00e9taux: Acier inoxydable aust\u00e9nitique Num\u00e9ro mati\u00e8res: 1.4301 \u2013 1.4306 &#8211; 1.4307 Norme [&hellip;]","og_url":"https:\/\/kleinmetals.kreativloft.ch\/fr\/produkt\/chronifer-supra\/","og_site_name":"L.Klein SA - Premium Steel and Metals","article_modified_time":"2024-03-28T09:49:04+00:00","og_image":[{"width":1000,"height":1000,"url":"https:\/\/kleinmetals.kreativloft.ch\/wp-content\/uploads\/501-1.png","type":"image\/png"}],"schema":{"@context":"https:\/\/schema.org","@graph":[{"@type":"WebPage","@id":"https:\/\/kleinmetals.kreativloft.ch\/fr\/produkt\/chronifer-supra\/","url":"https:\/\/kleinmetals.kreativloft.ch\/fr\/produkt\/chronifer-supra\/","name":"CHRONIFER SUPRA - L.Klein SA - Premium Steel and Metals","isPartOf":{"@id":"https:\/\/kleinmetals.kreativloft.ch\/fr\/#website"},"primaryImageOfPage":{"@id":"https:\/\/kleinmetals.kreativloft.ch\/fr\/produkt\/chronifer-supra\/#primaryimage"},"image":{"@id":"https:\/\/kleinmetals.kreativloft.ch\/fr\/produkt\/chronifer-supra\/#primaryimage"},"thumbnailUrl":"https:\/\/kleinmetals.kreativloft.ch\/wp-content\/uploads\/501-1.png","datePublished":"2024-03-26T08:56:21+00:00","dateModified":"2024-03-28T09:49:04+00:00","breadcrumb":{"@id":"https:\/\/kleinmetals.kreativloft.ch\/fr\/produkt\/chronifer-supra\/#breadcrumb"},"inLanguage":"fr-FR","potentialAction":[{"@type":"ReadAction","target":["https:\/\/kleinmetals.kreativloft.ch\/fr\/produkt\/chronifer-supra\/"]}]},{"@type":"ImageObject","inLanguage":"fr-FR","@id":"https:\/\/kleinmetals.kreativloft.ch\/fr\/produkt\/chronifer-supra\/#primaryimage","url":"https:\/\/kleinmetals.kreativloft.ch\/wp-content\/uploads\/501-1.png","contentUrl":"https:\/\/kleinmetals.kreativloft.ch\/wp-content\/uploads\/501-1.png","width":1000,"height":1000},{"@type":"BreadcrumbList","@id":"https:\/\/kleinmetals.kreativloft.ch\/fr\/produkt\/chronifer-supra\/#breadcrumb","itemListElement":[{"@type":"ListItem","position":1,"name":"Startseite","item":"https:\/\/kleinmetals.kreativloft.ch\/fr\/"},{"@type":"ListItem","position":2,"name":"Produits","item":"https:\/\/kleinmetals.kreativloft.ch\/fr\/produits\/"},{"@type":"ListItem","position":3,"name":"CHRONIFER SUPRA"}]},{"@type":"WebSite","@id":"https:\/\/kleinmetals.kreativloft.ch\/fr\/#website","url":"https:\/\/kleinmetals.kreativloft.ch\/fr\/","name":"L.Klein AG Edelstaehle und Metalle","description":"Handel mit hochwertigen Edelst\u00e4hlen und metallischen Rohstoffen","publisher":{"@id":"https:\/\/kleinmetals.kreativloft.ch\/fr\/#organization"},"potentialAction":[{"@type":"SearchAction","target":{"@type":"EntryPoint","urlTemplate":"https:\/\/kleinmetals.kreativloft.ch\/fr\/?s={search_term_string}"},"query-input":{"@type":"PropertyValueSpecification","valueRequired":true,"valueName":"search_term_string"}}],"inLanguage":"fr-FR"},{"@type":"Organization","@id":"https:\/\/kleinmetals.kreativloft.ch\/fr\/#organization","name":"L.Klein SA","url":"https:\/\/kleinmetals.kreativloft.ch\/fr\/","logo":{"@type":"ImageObject","inLanguage":"fr-FR","@id":"https:\/\/kleinmetals.kreativloft.ch\/fr\/#\/schema\/logo\/image\/","url":"https:\/\/kleinmetals.kreativloft.ch\/wp-content\/uploads\/L-Klein-SA-Logo.svg","contentUrl":"https:\/\/kleinmetals.kreativloft.ch\/wp-content\/uploads\/L-Klein-SA-Logo.svg","width":275,"height":86,"caption":"L.Klein SA"},"image":{"@id":"https:\/\/kleinmetals.kreativloft.ch\/fr\/#\/schema\/logo\/image\/"},"sameAs":["https:\/\/www.linkedin.com\/company\/l.-klein-sa\/"]}]}},"_links":{"self":[{"href":"https:\/\/kleinmetals.kreativloft.ch\/fr\/wp-json\/wp\/v2\/product\/188043","targetHints":{"allow":["GET"]}}],"collection":[{"href":"https:\/\/kleinmetals.kreativloft.ch\/fr\/wp-json\/wp\/v2\/product"}],"about":[{"href":"https:\/\/kleinmetals.kreativloft.ch\/fr\/wp-json\/wp\/v2\/types\/product"}],"wp:featuredmedia":[{"embeddable":true,"href":"https:\/\/kleinmetals.kreativloft.ch\/fr\/wp-json\/wp\/v2\/media\/181580"}],"wp:attachment":[{"href":"https:\/\/kleinmetals.kreativloft.ch\/fr\/wp-json\/wp\/v2\/media?parent=188043"}],"wp:term":[{"taxonomy":"product_cat","embeddable":true,"href":"https:\/\/kleinmetals.kreativloft.ch\/fr\/wp-json\/wp\/v2\/product_cat?post=188043"},{"taxonomy":"product_tag","embeddable":true,"href":"https:\/\/kleinmetals.kreativloft.ch\/fr\/wp-json\/wp\/v2\/product_tag?post=188043"}],"curies":[{"name":"wp","href":"https:\/\/api.w.org\/{rel}","templated":true}]}}