{"id":188058,"date":"2024-03-26T09:56:49","date_gmt":"2024-03-26T08:56:49","guid":{"rendered":"https:\/\/kleinmetals.kreativloft.ch\/?post_type=product&#038;p=188058"},"modified":"2024-03-28T10:49:12","modified_gmt":"2024-03-28T09:49:12","slug":"chronifer-m-13-esu","status":"publish","type":"product","link":"https:\/\/kleinmetals.kreativloft.ch\/fr\/produkt\/chronifer-m-13-esu\/","title":{"rendered":"CHRONIFER M-13  ESU"},"content":{"rendered":"<table border=\"0\" width=\"100%\" cellspacing=\"0\" cellpadding=\"0\">\n<tbody>\n<tr>\n<td><strong>R\u00e9sum\u00e9<\/strong><\/td>\n<td><\/td>\n<\/tr>\n<tr>\n<td><\/td>\n<td><\/td>\n<\/tr>\n<tr>\n<td>D\u00e9signation Klein:<\/td>\n<td>CHRONIFER M-13 ESU<\/td>\n<\/tr>\n<tr>\n<td valign=\"top\">Classe de m\u00e9taux<\/td>\n<td>acier inoxydable martensitique<br \/>\ntrempable<\/td>\n<\/tr>\n<tr>\n<td>Num\u00e9ro mati\u00e8res:<\/td>\n<td>1.4034<\/td>\n<\/tr>\n<tr>\n<td>Norme EN:<\/td>\n<td>X 46 Cr 13<\/td>\n<\/tr>\n<tr>\n<td>Usinabilit\u00e9:<\/td>\n<td>satisfaisante<\/td>\n<\/tr>\n<tr>\n<td>Capacit\u00e9 de durcissement:<\/td>\n<td>jusqu\u2019\u00e0 55 HRc<\/td>\n<\/tr>\n<tr>\n<td>Aptitude au polissage:<\/td>\n<td>adapt\u00e9 au polissage sp\u00e9culaire<\/td>\n<\/tr>\n<tr>\n<td valign=\"top\">R\u00e9sistance \u00e0 la corrosion:<\/td>\n<td>de passable \u00e0 satisfaisante \u00e0 l\u2019\u00e9tat<br \/>\ndurci, poli et passiv\u00e9<\/td>\n<\/tr>\n<tr>\n<td>Magn\u00e9tisme:<\/td>\n<td>magn\u00e9tique<\/td>\n<\/tr>\n<tr>\n<td valign=\"top\">Utilisations:<\/td>\n<td>instruments m\u00e9dicaux, chirurgicaux et<br \/>\ndentaires<\/td>\n<\/tr>\n<\/tbody>\n<\/table>\n<p>&nbsp;<\/p>\n","protected":false},"excerpt":{"rendered":"<p>R\u00e9sum\u00e9 D\u00e9signation Klein: CHRONIFER M-13 ESU Classe de m\u00e9taux acier inoxydable martensitique trempable Num\u00e9ro mati\u00e8res: 1.4034 Norme EN: X [&hellip;]<\/p>\n","protected":false},"featured_media":181601,"template":"","meta":{"_acf_changed":false,"inline_featured_image":false},"product_cat":[840,9755,9756],"product_tag":[],"class_list":{"0":"post-188058","1":"product","2":"type-product","3":"status-publish","4":"has-post-thumbnail","6":"product_cat-instruments-fr","7":"product_cat-instruments-acier-medical-2","8":"product_cat-martensitique-acier-inoxydable-2","9":"pa_ausfuehrung-6-pans","10":"pa_ausfuehrung-etire","11":"pa_ausfuehrung-gewalzt-fr","12":"pa_ausfuehrung-lamine","13":"pa_ausfuehrung-meule","14":"pa_ausfuehrung-2-band-fr","15":"pa_ausfuehrung-2-barres-2m","16":"pa_ausfuehrung-2-barres-3m","17":"pa_ausfuehrung-2-rouleaux","18":"pa_ausfuehrung-2-torche","19":"pa_durchmesser-0-400-2","20":"pa_durchmesser-0-700-2","21":"pa_durchmesser-0-800-2","22":"pa_durchmesser-0-900-2","23":"pa_durchmesser-1-000-2","24":"pa_durchmesser-1-100-2","25":"pa_durchmesser-1-200-3","26":"pa_durchmesser-1-300-3","27":"pa_durchmesser-1-400-2","28":"pa_durchmesser-1-500-3","29":"pa_durchmesser-1-600-3","30":"pa_durchmesser-1-630-2","31":"pa_durchmesser-1-700-3","32":"pa_durchmesser-1-800-3","33":"pa_durchmesser-1-850-3","34":"pa_durchmesser-10-000-3","35":"pa_durchmesser-10-500-2","36":"pa_durchmesser-11-000-3","37":"pa_durchmesser-12-000-2","38":"pa_durchmesser-12-100-3","39":"pa_durchmesser-13-000-3","40":"pa_durchmesser-14-000-3","41":"pa_durchmesser-14-500-3","42":"pa_durchmesser-15-000-2","43":"pa_durchmesser-15-500-3","44":"pa_durchmesser-16-000-3","45":"pa_durchmesser-17-000-3","46":"pa_durchmesser-18-000-3","47":"pa_durchmesser-19-000-3","48":"pa_durchmesser-2-000-3","49":"pa_durchmesser-2-100-3","50":"pa_durchmesser-2-300-3","51":"pa_durchmesser-2-350-3","52":"pa_durchmesser-2-400-2","53":"pa_durchmesser-2-500-3","54":"pa_durchmesser-2-600-2","55":"pa_durchmesser-2-700-2","56":"pa_durchmesser-20-000-2","57":"pa_durchmesser-21-000-3","58":"pa_durchmesser-22-000-2","59":"pa_durchmesser-24-000-3","60":"pa_durchmesser-25-000-3","61":"pa_durchmesser-26-000-2","62":"pa_durchmesser-28-000-3","63":"pa_durchmesser-3-000-3","64":"pa_durchmesser-3-100-3","65":"pa_durchmesser-3-175-2","66":"pa_durchmesser-3-200-3","67":"pa_durchmesser-3-300-2","68":"pa_durchmesser-3-500-2","69":"pa_durchmesser-3-800-2","70":"pa_durchmesser-30-000-3","71":"pa_durchmesser-4-000-2","72":"pa_durchmesser-4-100-3","73":"pa_durchmesser-4-150-2","74":"pa_durchmesser-4-400-3","75":"pa_durchmesser-4-500-2","76":"pa_durchmesser-4-650-3","77":"pa_durchmesser-5-000-2","78":"pa_durchmesser-5-100-2","79":"pa_durchmesser-5-300-2","80":"pa_durchmesser-5-500-2","81":"pa_durchmesser-6-000-2","82":"pa_durchmesser-6-100-2","83":"pa_durchmesser-6-500-2","84":"pa_durchmesser-7-000-2","85":"pa_durchmesser-7-500-3","86":"pa_durchmesser-8-000-2","87":"pa_durchmesser-8-100-3","88":"pa_durchmesser-8-500-2","89":"pa_durchmesser-9-000-3","90":"pa_toleranz-fg-6-fr","91":"pa_toleranz-fg-7-fr","92":"pa_toleranz-h-11-fr-2","93":"pa_toleranz-h-5-fr","94":"pa_toleranz-h-6-fr","95":"pa_toleranz-h-7-fr","96":"pa_toleranz-h-9-fr","97":"pa_toleranz-spec","99":"first","100":"instock","101":"purchasable","102":"product-type-variable"},"acf":[],"yoast_head":"<!-- This site is optimized with the Yoast SEO plugin v24.0 - https:\/\/yoast.com\/wordpress\/plugins\/seo\/ -->\n<title>CHRONIFER M-13 ESU - L.Klein SA - Premium Steel and Metals<\/title>\n<meta name=\"robots\" content=\"noindex, follow, max-snippet:-1, max-image-preview:large, max-video-preview:-1\" \/>\n<meta property=\"og:locale\" content=\"fr_FR\" \/>\n<meta property=\"og:type\" content=\"article\" \/>\n<meta property=\"og:title\" content=\"CHRONIFER M-13 ESU - L.Klein SA - Premium Steel and Metals\" \/>\n<meta property=\"og:description\" content=\"R\u00e9sum\u00e9 D\u00e9signation Klein: CHRONIFER M-13 ESU Classe de m\u00e9taux acier inoxydable martensitique trempable Num\u00e9ro mati\u00e8res: 1.4034 Norme EN: X [&hellip;]\" \/>\n<meta property=\"og:url\" content=\"https:\/\/kleinmetals.kreativloft.ch\/fr\/produkt\/chronifer-m-13-esu\/\" \/>\n<meta property=\"og:site_name\" content=\"L.Klein SA - Premium Steel and Metals\" \/>\n<meta property=\"article:modified_time\" content=\"2024-03-28T09:49:12+00:00\" \/>\n<meta property=\"og:image\" content=\"https:\/\/kleinmetals.kreativloft.ch\/wp-content\/uploads\/453-1.png\" \/>\n\t<meta property=\"og:image:width\" content=\"1000\" \/>\n\t<meta property=\"og:image:height\" content=\"1000\" \/>\n\t<meta property=\"og:image:type\" content=\"image\/png\" \/>\n<script type=\"application\/ld+json\" class=\"yoast-schema-graph\">{\"@context\":\"https:\/\/schema.org\",\"@graph\":[{\"@type\":\"WebPage\",\"@id\":\"https:\/\/kleinmetals.kreativloft.ch\/fr\/produkt\/chronifer-m-13-esu\/\",\"url\":\"https:\/\/kleinmetals.kreativloft.ch\/fr\/produkt\/chronifer-m-13-esu\/\",\"name\":\"CHRONIFER M-13 ESU - L.Klein SA - Premium Steel and Metals\",\"isPartOf\":{\"@id\":\"https:\/\/kleinmetals.kreativloft.ch\/fr\/#website\"},\"primaryImageOfPage\":{\"@id\":\"https:\/\/kleinmetals.kreativloft.ch\/fr\/produkt\/chronifer-m-13-esu\/#primaryimage\"},\"image\":{\"@id\":\"https:\/\/kleinmetals.kreativloft.ch\/fr\/produkt\/chronifer-m-13-esu\/#primaryimage\"},\"thumbnailUrl\":\"https:\/\/kleinmetals.kreativloft.ch\/wp-content\/uploads\/453-1.png\",\"datePublished\":\"2024-03-26T08:56:49+00:00\",\"dateModified\":\"2024-03-28T09:49:12+00:00\",\"breadcrumb\":{\"@id\":\"https:\/\/kleinmetals.kreativloft.ch\/fr\/produkt\/chronifer-m-13-esu\/#breadcrumb\"},\"inLanguage\":\"fr-FR\",\"potentialAction\":[{\"@type\":\"ReadAction\",\"target\":[\"https:\/\/kleinmetals.kreativloft.ch\/fr\/produkt\/chronifer-m-13-esu\/\"]}]},{\"@type\":\"ImageObject\",\"inLanguage\":\"fr-FR\",\"@id\":\"https:\/\/kleinmetals.kreativloft.ch\/fr\/produkt\/chronifer-m-13-esu\/#primaryimage\",\"url\":\"https:\/\/kleinmetals.kreativloft.ch\/wp-content\/uploads\/453-1.png\",\"contentUrl\":\"https:\/\/kleinmetals.kreativloft.ch\/wp-content\/uploads\/453-1.png\",\"width\":1000,\"height\":1000},{\"@type\":\"BreadcrumbList\",\"@id\":\"https:\/\/kleinmetals.kreativloft.ch\/fr\/produkt\/chronifer-m-13-esu\/#breadcrumb\",\"itemListElement\":[{\"@type\":\"ListItem\",\"position\":1,\"name\":\"Startseite\",\"item\":\"https:\/\/kleinmetals.kreativloft.ch\/fr\/\"},{\"@type\":\"ListItem\",\"position\":2,\"name\":\"Produits\",\"item\":\"https:\/\/kleinmetals.kreativloft.ch\/fr\/produits\/\"},{\"@type\":\"ListItem\",\"position\":3,\"name\":\"CHRONIFER M-13 ESU\"}]},{\"@type\":\"WebSite\",\"@id\":\"https:\/\/kleinmetals.kreativloft.ch\/fr\/#website\",\"url\":\"https:\/\/kleinmetals.kreativloft.ch\/fr\/\",\"name\":\"L.Klein AG Edelstaehle und Metalle\",\"description\":\"Handel mit hochwertigen Edelst\u00e4hlen und metallischen Rohstoffen\",\"publisher\":{\"@id\":\"https:\/\/kleinmetals.kreativloft.ch\/fr\/#organization\"},\"potentialAction\":[{\"@type\":\"SearchAction\",\"target\":{\"@type\":\"EntryPoint\",\"urlTemplate\":\"https:\/\/kleinmetals.kreativloft.ch\/fr\/?s={search_term_string}\"},\"query-input\":{\"@type\":\"PropertyValueSpecification\",\"valueRequired\":true,\"valueName\":\"search_term_string\"}}],\"inLanguage\":\"fr-FR\"},{\"@type\":\"Organization\",\"@id\":\"https:\/\/kleinmetals.kreativloft.ch\/fr\/#organization\",\"name\":\"L.Klein SA\",\"url\":\"https:\/\/kleinmetals.kreativloft.ch\/fr\/\",\"logo\":{\"@type\":\"ImageObject\",\"inLanguage\":\"fr-FR\",\"@id\":\"https:\/\/kleinmetals.kreativloft.ch\/fr\/#\/schema\/logo\/image\/\",\"url\":\"https:\/\/kleinmetals.kreativloft.ch\/wp-content\/uploads\/L-Klein-SA-Logo.svg\",\"contentUrl\":\"https:\/\/kleinmetals.kreativloft.ch\/wp-content\/uploads\/L-Klein-SA-Logo.svg\",\"width\":275,\"height\":86,\"caption\":\"L.Klein SA\"},\"image\":{\"@id\":\"https:\/\/kleinmetals.kreativloft.ch\/fr\/#\/schema\/logo\/image\/\"},\"sameAs\":[\"https:\/\/www.linkedin.com\/company\/l.-klein-sa\/\"]}]}<\/script>\n<!-- \/ Yoast SEO plugin. -->","yoast_head_json":{"title":"CHRONIFER M-13 ESU - L.Klein SA - Premium Steel and Metals","robots":{"index":"noindex","follow":"follow","max-snippet":"max-snippet:-1","max-image-preview":"max-image-preview:large","max-video-preview":"max-video-preview:-1"},"og_locale":"fr_FR","og_type":"article","og_title":"CHRONIFER M-13 ESU - L.Klein SA - Premium Steel and Metals","og_description":"R\u00e9sum\u00e9 D\u00e9signation Klein: CHRONIFER M-13 ESU Classe de m\u00e9taux acier inoxydable martensitique trempable Num\u00e9ro mati\u00e8res: 1.4034 Norme EN: X [&hellip;]","og_url":"https:\/\/kleinmetals.kreativloft.ch\/fr\/produkt\/chronifer-m-13-esu\/","og_site_name":"L.Klein SA - Premium Steel and Metals","article_modified_time":"2024-03-28T09:49:12+00:00","og_image":[{"width":1000,"height":1000,"url":"https:\/\/kleinmetals.kreativloft.ch\/wp-content\/uploads\/453-1.png","type":"image\/png"}],"schema":{"@context":"https:\/\/schema.org","@graph":[{"@type":"WebPage","@id":"https:\/\/kleinmetals.kreativloft.ch\/fr\/produkt\/chronifer-m-13-esu\/","url":"https:\/\/kleinmetals.kreativloft.ch\/fr\/produkt\/chronifer-m-13-esu\/","name":"CHRONIFER M-13 ESU - L.Klein SA - Premium Steel and Metals","isPartOf":{"@id":"https:\/\/kleinmetals.kreativloft.ch\/fr\/#website"},"primaryImageOfPage":{"@id":"https:\/\/kleinmetals.kreativloft.ch\/fr\/produkt\/chronifer-m-13-esu\/#primaryimage"},"image":{"@id":"https:\/\/kleinmetals.kreativloft.ch\/fr\/produkt\/chronifer-m-13-esu\/#primaryimage"},"thumbnailUrl":"https:\/\/kleinmetals.kreativloft.ch\/wp-content\/uploads\/453-1.png","datePublished":"2024-03-26T08:56:49+00:00","dateModified":"2024-03-28T09:49:12+00:00","breadcrumb":{"@id":"https:\/\/kleinmetals.kreativloft.ch\/fr\/produkt\/chronifer-m-13-esu\/#breadcrumb"},"inLanguage":"fr-FR","potentialAction":[{"@type":"ReadAction","target":["https:\/\/kleinmetals.kreativloft.ch\/fr\/produkt\/chronifer-m-13-esu\/"]}]},{"@type":"ImageObject","inLanguage":"fr-FR","@id":"https:\/\/kleinmetals.kreativloft.ch\/fr\/produkt\/chronifer-m-13-esu\/#primaryimage","url":"https:\/\/kleinmetals.kreativloft.ch\/wp-content\/uploads\/453-1.png","contentUrl":"https:\/\/kleinmetals.kreativloft.ch\/wp-content\/uploads\/453-1.png","width":1000,"height":1000},{"@type":"BreadcrumbList","@id":"https:\/\/kleinmetals.kreativloft.ch\/fr\/produkt\/chronifer-m-13-esu\/#breadcrumb","itemListElement":[{"@type":"ListItem","position":1,"name":"Startseite","item":"https:\/\/kleinmetals.kreativloft.ch\/fr\/"},{"@type":"ListItem","position":2,"name":"Produits","item":"https:\/\/kleinmetals.kreativloft.ch\/fr\/produits\/"},{"@type":"ListItem","position":3,"name":"CHRONIFER M-13 ESU"}]},{"@type":"WebSite","@id":"https:\/\/kleinmetals.kreativloft.ch\/fr\/#website","url":"https:\/\/kleinmetals.kreativloft.ch\/fr\/","name":"L.Klein AG Edelstaehle und Metalle","description":"Handel mit hochwertigen Edelst\u00e4hlen und metallischen Rohstoffen","publisher":{"@id":"https:\/\/kleinmetals.kreativloft.ch\/fr\/#organization"},"potentialAction":[{"@type":"SearchAction","target":{"@type":"EntryPoint","urlTemplate":"https:\/\/kleinmetals.kreativloft.ch\/fr\/?s={search_term_string}"},"query-input":{"@type":"PropertyValueSpecification","valueRequired":true,"valueName":"search_term_string"}}],"inLanguage":"fr-FR"},{"@type":"Organization","@id":"https:\/\/kleinmetals.kreativloft.ch\/fr\/#organization","name":"L.Klein SA","url":"https:\/\/kleinmetals.kreativloft.ch\/fr\/","logo":{"@type":"ImageObject","inLanguage":"fr-FR","@id":"https:\/\/kleinmetals.kreativloft.ch\/fr\/#\/schema\/logo\/image\/","url":"https:\/\/kleinmetals.kreativloft.ch\/wp-content\/uploads\/L-Klein-SA-Logo.svg","contentUrl":"https:\/\/kleinmetals.kreativloft.ch\/wp-content\/uploads\/L-Klein-SA-Logo.svg","width":275,"height":86,"caption":"L.Klein SA"},"image":{"@id":"https:\/\/kleinmetals.kreativloft.ch\/fr\/#\/schema\/logo\/image\/"},"sameAs":["https:\/\/www.linkedin.com\/company\/l.-klein-sa\/"]}]}},"_links":{"self":[{"href":"https:\/\/kleinmetals.kreativloft.ch\/fr\/wp-json\/wp\/v2\/product\/188058","targetHints":{"allow":["GET"]}}],"collection":[{"href":"https:\/\/kleinmetals.kreativloft.ch\/fr\/wp-json\/wp\/v2\/product"}],"about":[{"href":"https:\/\/kleinmetals.kreativloft.ch\/fr\/wp-json\/wp\/v2\/types\/product"}],"wp:featuredmedia":[{"embeddable":true,"href":"https:\/\/kleinmetals.kreativloft.ch\/fr\/wp-json\/wp\/v2\/media\/181601"}],"wp:attachment":[{"href":"https:\/\/kleinmetals.kreativloft.ch\/fr\/wp-json\/wp\/v2\/media?parent=188058"}],"wp:term":[{"taxonomy":"product_cat","embeddable":true,"href":"https:\/\/kleinmetals.kreativloft.ch\/fr\/wp-json\/wp\/v2\/product_cat?post=188058"},{"taxonomy":"product_tag","embeddable":true,"href":"https:\/\/kleinmetals.kreativloft.ch\/fr\/wp-json\/wp\/v2\/product_tag?post=188058"}],"curies":[{"name":"wp","href":"https:\/\/api.w.org\/{rel}","templated":true}]}}