{"id":188891,"date":"2024-03-26T10:14:56","date_gmt":"2024-03-26T09:14:56","guid":{"rendered":"https:\/\/kleinmetals.kreativloft.ch\/?post_type=product&#038;p=188891"},"modified":"2024-03-28T10:50:10","modified_gmt":"2024-03-28T09:50:10","slug":"chronifer-special-04","status":"publish","type":"product","link":"https:\/\/kleinmetals.kreativloft.ch\/fr\/produkt\/chronifer-special-04\/","title":{"rendered":"CHRONIFER SPECIAL 04"},"content":{"rendered":"<table border=\"0\" width=\"100%\" cellspacing=\"0\" cellpadding=\"0\">\n<tbody>\n<tr>\n<td><strong>R\u00e9sum\u00e9<\/strong><\/td>\n<td><\/td>\n<\/tr>\n<tr>\n<td><\/td>\n<td><\/td>\n<\/tr>\n<tr>\n<td>Stahl 552<\/td>\n<td>Aciers inoxydables aust\u00e9nitiques<\/td>\n<\/tr>\n<tr>\n<td>D\u00e9signation Klein:<\/td>\n<td>CHRONIFER SPECIAL 04<\/td>\n<\/tr>\n<tr>\n<td valign=\"top\">Classe de m\u00e9taux:<\/td>\n<td>Acier inoxydable aust\u00e9nitique<\/td>\n<\/tr>\n<tr>\n<td>Num\u00e9ro mati\u00e8res:<\/td>\n<td>1.4404<\/td>\n<\/tr>\n<tr>\n<td>Norme AISI:<\/td>\n<td>316 L<\/td>\n<\/tr>\n<tr>\n<td>Usinabilit\u00e9:<\/td>\n<td>de satisfaisante \u00e0 bonne<\/td>\n<\/tr>\n<tr>\n<td>Capacit\u00e9 de durcissement:<\/td>\n<td>ne peut pas \u00eatre durci<\/td>\n<\/tr>\n<tr>\n<td valign=\"top\">Formage:<\/td>\n<td>peut \u00eatre form\u00e9 \u00e0 froid<\/td>\n<\/tr>\n<tr>\n<td>Ecrouissage:<\/td>\n<td>peut \u00eatre \u00e9croui \u00e0 froid<\/td>\n<\/tr>\n<tr>\n<td valign=\"top\">Aptitude au polissage:<\/td>\n<td>adapt\u00e9 au polissage sp\u00e9culaire<\/td>\n<\/tr>\n<tr>\n<td valign=\"top\">R\u00e9sistance \u00e0 la corrosion:<\/td>\n<td>bonne<\/td>\n<\/tr>\n<tr>\n<td valign=\"top\">Magn\u00e9tisme:<\/td>\n<td>peut pr\u00e9senter des traces de<br \/>\nmagn\u00e9tisme<\/td>\n<\/tr>\n<tr>\n<td valign=\"top\">Utilisations:<\/td>\n<td>Pi\u00e8ces pour de nombreuses branches<br \/>\nde l\u2019industrie<\/td>\n<\/tr>\n<\/tbody>\n<\/table>\n<p>&nbsp;<\/p>\n","protected":false},"excerpt":{"rendered":"<p>R\u00e9sum\u00e9 Stahl 552 Aciers inoxydables aust\u00e9nitiques D\u00e9signation Klein: CHRONIFER SPECIAL 04 Classe de m\u00e9taux: Acier inoxydable aust\u00e9nitique Num\u00e9ro mati\u00e8res: [&hellip;]<\/p>\n","protected":false},"featured_media":182513,"template":"","meta":{"_acf_changed":false,"inline_featured_image":false},"product_cat":[9750,9755,840],"product_tag":[],"class_list":{"0":"post-188891","1":"product","2":"type-product","3":"status-publish","4":"has-post-thumbnail","6":"product_cat-austenitique-acier-inoxydable-2","7":"product_cat-instruments-acier-medical-2","8":"product_cat-instruments-fr","9":"pa_ausfuehrung-6-pans","10":"pa_ausfuehrung-etire","11":"pa_ausfuehrung-meule","12":"pa_ausfuehrung-poudre","13":"pa_ausfuehrung-2-barres-3m","14":"pa_ausfuehrung-2-poudre","15":"pa_ausfuehrung-2-torche","16":"pa_ausfuehrung-2-tube","17":"pa_durchmesser-0-000-2","18":"pa_durchmesser-0-150-3","19":"pa_durchmesser-0-800-2","20":"pa_durchmesser-1-000-2","21":"pa_durchmesser-1-100-2","22":"pa_durchmesser-1-200-3","23":"pa_durchmesser-1-300-3","24":"pa_durchmesser-1-400-2","25":"pa_durchmesser-1-500-3","26":"pa_durchmesser-1-700-3","27":"pa_durchmesser-1-800-3","28":"pa_durchmesser-1-900-3","29":"pa_durchmesser-10-000-3","30":"pa_durchmesser-11-000-3","31":"pa_durchmesser-12-000-2","32":"pa_durchmesser-12-700-3","33":"pa_durchmesser-13-000-3","34":"pa_durchmesser-2-000-3","35":"pa_durchmesser-2-200-3","36":"pa_durchmesser-2-300-3","37":"pa_durchmesser-2-350-3","38":"pa_durchmesser-2-400-2","39":"pa_durchmesser-2-450-3","40":"pa_durchmesser-2-500-3","41":"pa_durchmesser-2-800-2","42":"pa_durchmesser-3-000-3","43":"pa_durchmesser-3-500-2","44":"pa_durchmesser-4-000-2","45":"pa_durchmesser-4-500-2","46":"pa_durchmesser-4-760-3","47":"pa_durchmesser-41-000-2","48":"pa_durchmesser-5-000-2","49":"pa_durchmesser-5-500-2","50":"pa_durchmesser-6-000-2","51":"pa_durchmesser-6-350-2","52":"pa_durchmesser-6-500-2","53":"pa_durchmesser-7-000-2","54":"pa_durchmesser-8-000-2","55":"pa_durchmesser-9-000-3","56":"pa_toleranz-fg-6-fr","57":"pa_toleranz-fg-7-fr","58":"pa_toleranz-h-11-fr-2","59":"pa_toleranz-h-6-fr","60":"pa_toleranz-h-7-fr","61":"pa_toleranz-h-8-fr","62":"pa_toleranz-h-9-fr","63":"pa_toleranz-spec","65":"first","66":"instock","67":"purchasable","68":"product-type-variable"},"acf":[],"yoast_head":"<!-- This site is optimized with the Yoast SEO plugin v24.0 - https:\/\/yoast.com\/wordpress\/plugins\/seo\/ -->\n<title>CHRONIFER SPECIAL 04 - L.Klein SA - Premium Steel and Metals<\/title>\n<meta name=\"robots\" content=\"noindex, follow, max-snippet:-1, max-image-preview:large, max-video-preview:-1\" \/>\n<meta property=\"og:locale\" content=\"fr_FR\" \/>\n<meta property=\"og:type\" content=\"article\" \/>\n<meta property=\"og:title\" content=\"CHRONIFER SPECIAL 04 - L.Klein SA - Premium Steel and Metals\" \/>\n<meta property=\"og:description\" content=\"R\u00e9sum\u00e9 Stahl 552 Aciers inoxydables aust\u00e9nitiques D\u00e9signation Klein: CHRONIFER SPECIAL 04 Classe de m\u00e9taux: Acier inoxydable aust\u00e9nitique Num\u00e9ro mati\u00e8res: [&hellip;]\" \/>\n<meta property=\"og:url\" content=\"https:\/\/kleinmetals.kreativloft.ch\/fr\/produkt\/chronifer-special-04\/\" \/>\n<meta property=\"og:site_name\" content=\"L.Klein SA - Premium Steel and Metals\" \/>\n<meta property=\"article:modified_time\" content=\"2024-03-28T09:50:10+00:00\" \/>\n<meta property=\"og:image\" content=\"https:\/\/kleinmetals.kreativloft.ch\/wp-content\/uploads\/552-1.png\" \/>\n\t<meta property=\"og:image:width\" content=\"1000\" \/>\n\t<meta property=\"og:image:height\" content=\"1000\" \/>\n\t<meta property=\"og:image:type\" content=\"image\/png\" \/>\n<script type=\"application\/ld+json\" class=\"yoast-schema-graph\">{\"@context\":\"https:\/\/schema.org\",\"@graph\":[{\"@type\":\"WebPage\",\"@id\":\"https:\/\/kleinmetals.kreativloft.ch\/fr\/produkt\/chronifer-special-04\/\",\"url\":\"https:\/\/kleinmetals.kreativloft.ch\/fr\/produkt\/chronifer-special-04\/\",\"name\":\"CHRONIFER SPECIAL 04 - L.Klein SA - Premium Steel and Metals\",\"isPartOf\":{\"@id\":\"https:\/\/kleinmetals.kreativloft.ch\/fr\/#website\"},\"primaryImageOfPage\":{\"@id\":\"https:\/\/kleinmetals.kreativloft.ch\/fr\/produkt\/chronifer-special-04\/#primaryimage\"},\"image\":{\"@id\":\"https:\/\/kleinmetals.kreativloft.ch\/fr\/produkt\/chronifer-special-04\/#primaryimage\"},\"thumbnailUrl\":\"https:\/\/kleinmetals.kreativloft.ch\/wp-content\/uploads\/552-1.png\",\"datePublished\":\"2024-03-26T09:14:56+00:00\",\"dateModified\":\"2024-03-28T09:50:10+00:00\",\"breadcrumb\":{\"@id\":\"https:\/\/kleinmetals.kreativloft.ch\/fr\/produkt\/chronifer-special-04\/#breadcrumb\"},\"inLanguage\":\"fr-FR\",\"potentialAction\":[{\"@type\":\"ReadAction\",\"target\":[\"https:\/\/kleinmetals.kreativloft.ch\/fr\/produkt\/chronifer-special-04\/\"]}]},{\"@type\":\"ImageObject\",\"inLanguage\":\"fr-FR\",\"@id\":\"https:\/\/kleinmetals.kreativloft.ch\/fr\/produkt\/chronifer-special-04\/#primaryimage\",\"url\":\"https:\/\/kleinmetals.kreativloft.ch\/wp-content\/uploads\/552-1.png\",\"contentUrl\":\"https:\/\/kleinmetals.kreativloft.ch\/wp-content\/uploads\/552-1.png\",\"width\":1000,\"height\":1000},{\"@type\":\"BreadcrumbList\",\"@id\":\"https:\/\/kleinmetals.kreativloft.ch\/fr\/produkt\/chronifer-special-04\/#breadcrumb\",\"itemListElement\":[{\"@type\":\"ListItem\",\"position\":1,\"name\":\"Startseite\",\"item\":\"https:\/\/kleinmetals.kreativloft.ch\/fr\/\"},{\"@type\":\"ListItem\",\"position\":2,\"name\":\"Produits\",\"item\":\"https:\/\/kleinmetals.kreativloft.ch\/fr\/produits\/\"},{\"@type\":\"ListItem\",\"position\":3,\"name\":\"CHRONIFER SPECIAL 04\"}]},{\"@type\":\"WebSite\",\"@id\":\"https:\/\/kleinmetals.kreativloft.ch\/fr\/#website\",\"url\":\"https:\/\/kleinmetals.kreativloft.ch\/fr\/\",\"name\":\"L.Klein AG Edelstaehle und Metalle\",\"description\":\"Handel mit hochwertigen Edelst\u00e4hlen und metallischen Rohstoffen\",\"publisher\":{\"@id\":\"https:\/\/kleinmetals.kreativloft.ch\/fr\/#organization\"},\"potentialAction\":[{\"@type\":\"SearchAction\",\"target\":{\"@type\":\"EntryPoint\",\"urlTemplate\":\"https:\/\/kleinmetals.kreativloft.ch\/fr\/?s={search_term_string}\"},\"query-input\":{\"@type\":\"PropertyValueSpecification\",\"valueRequired\":true,\"valueName\":\"search_term_string\"}}],\"inLanguage\":\"fr-FR\"},{\"@type\":\"Organization\",\"@id\":\"https:\/\/kleinmetals.kreativloft.ch\/fr\/#organization\",\"name\":\"L.Klein SA\",\"url\":\"https:\/\/kleinmetals.kreativloft.ch\/fr\/\",\"logo\":{\"@type\":\"ImageObject\",\"inLanguage\":\"fr-FR\",\"@id\":\"https:\/\/kleinmetals.kreativloft.ch\/fr\/#\/schema\/logo\/image\/\",\"url\":\"https:\/\/kleinmetals.kreativloft.ch\/wp-content\/uploads\/L-Klein-SA-Logo.svg\",\"contentUrl\":\"https:\/\/kleinmetals.kreativloft.ch\/wp-content\/uploads\/L-Klein-SA-Logo.svg\",\"width\":275,\"height\":86,\"caption\":\"L.Klein SA\"},\"image\":{\"@id\":\"https:\/\/kleinmetals.kreativloft.ch\/fr\/#\/schema\/logo\/image\/\"},\"sameAs\":[\"https:\/\/www.linkedin.com\/company\/l.-klein-sa\/\"]}]}<\/script>\n<!-- \/ Yoast SEO plugin. -->","yoast_head_json":{"title":"CHRONIFER SPECIAL 04 - L.Klein SA - Premium Steel and Metals","robots":{"index":"noindex","follow":"follow","max-snippet":"max-snippet:-1","max-image-preview":"max-image-preview:large","max-video-preview":"max-video-preview:-1"},"og_locale":"fr_FR","og_type":"article","og_title":"CHRONIFER SPECIAL 04 - L.Klein SA - Premium Steel and Metals","og_description":"R\u00e9sum\u00e9 Stahl 552 Aciers inoxydables aust\u00e9nitiques D\u00e9signation Klein: CHRONIFER SPECIAL 04 Classe de m\u00e9taux: Acier inoxydable aust\u00e9nitique Num\u00e9ro mati\u00e8res: [&hellip;]","og_url":"https:\/\/kleinmetals.kreativloft.ch\/fr\/produkt\/chronifer-special-04\/","og_site_name":"L.Klein SA - Premium Steel and Metals","article_modified_time":"2024-03-28T09:50:10+00:00","og_image":[{"width":1000,"height":1000,"url":"https:\/\/kleinmetals.kreativloft.ch\/wp-content\/uploads\/552-1.png","type":"image\/png"}],"schema":{"@context":"https:\/\/schema.org","@graph":[{"@type":"WebPage","@id":"https:\/\/kleinmetals.kreativloft.ch\/fr\/produkt\/chronifer-special-04\/","url":"https:\/\/kleinmetals.kreativloft.ch\/fr\/produkt\/chronifer-special-04\/","name":"CHRONIFER SPECIAL 04 - L.Klein SA - Premium Steel and Metals","isPartOf":{"@id":"https:\/\/kleinmetals.kreativloft.ch\/fr\/#website"},"primaryImageOfPage":{"@id":"https:\/\/kleinmetals.kreativloft.ch\/fr\/produkt\/chronifer-special-04\/#primaryimage"},"image":{"@id":"https:\/\/kleinmetals.kreativloft.ch\/fr\/produkt\/chronifer-special-04\/#primaryimage"},"thumbnailUrl":"https:\/\/kleinmetals.kreativloft.ch\/wp-content\/uploads\/552-1.png","datePublished":"2024-03-26T09:14:56+00:00","dateModified":"2024-03-28T09:50:10+00:00","breadcrumb":{"@id":"https:\/\/kleinmetals.kreativloft.ch\/fr\/produkt\/chronifer-special-04\/#breadcrumb"},"inLanguage":"fr-FR","potentialAction":[{"@type":"ReadAction","target":["https:\/\/kleinmetals.kreativloft.ch\/fr\/produkt\/chronifer-special-04\/"]}]},{"@type":"ImageObject","inLanguage":"fr-FR","@id":"https:\/\/kleinmetals.kreativloft.ch\/fr\/produkt\/chronifer-special-04\/#primaryimage","url":"https:\/\/kleinmetals.kreativloft.ch\/wp-content\/uploads\/552-1.png","contentUrl":"https:\/\/kleinmetals.kreativloft.ch\/wp-content\/uploads\/552-1.png","width":1000,"height":1000},{"@type":"BreadcrumbList","@id":"https:\/\/kleinmetals.kreativloft.ch\/fr\/produkt\/chronifer-special-04\/#breadcrumb","itemListElement":[{"@type":"ListItem","position":1,"name":"Startseite","item":"https:\/\/kleinmetals.kreativloft.ch\/fr\/"},{"@type":"ListItem","position":2,"name":"Produits","item":"https:\/\/kleinmetals.kreativloft.ch\/fr\/produits\/"},{"@type":"ListItem","position":3,"name":"CHRONIFER SPECIAL 04"}]},{"@type":"WebSite","@id":"https:\/\/kleinmetals.kreativloft.ch\/fr\/#website","url":"https:\/\/kleinmetals.kreativloft.ch\/fr\/","name":"L.Klein AG Edelstaehle und Metalle","description":"Handel mit hochwertigen Edelst\u00e4hlen und metallischen Rohstoffen","publisher":{"@id":"https:\/\/kleinmetals.kreativloft.ch\/fr\/#organization"},"potentialAction":[{"@type":"SearchAction","target":{"@type":"EntryPoint","urlTemplate":"https:\/\/kleinmetals.kreativloft.ch\/fr\/?s={search_term_string}"},"query-input":{"@type":"PropertyValueSpecification","valueRequired":true,"valueName":"search_term_string"}}],"inLanguage":"fr-FR"},{"@type":"Organization","@id":"https:\/\/kleinmetals.kreativloft.ch\/fr\/#organization","name":"L.Klein SA","url":"https:\/\/kleinmetals.kreativloft.ch\/fr\/","logo":{"@type":"ImageObject","inLanguage":"fr-FR","@id":"https:\/\/kleinmetals.kreativloft.ch\/fr\/#\/schema\/logo\/image\/","url":"https:\/\/kleinmetals.kreativloft.ch\/wp-content\/uploads\/L-Klein-SA-Logo.svg","contentUrl":"https:\/\/kleinmetals.kreativloft.ch\/wp-content\/uploads\/L-Klein-SA-Logo.svg","width":275,"height":86,"caption":"L.Klein SA"},"image":{"@id":"https:\/\/kleinmetals.kreativloft.ch\/fr\/#\/schema\/logo\/image\/"},"sameAs":["https:\/\/www.linkedin.com\/company\/l.-klein-sa\/"]}]}},"_links":{"self":[{"href":"https:\/\/kleinmetals.kreativloft.ch\/fr\/wp-json\/wp\/v2\/product\/188891","targetHints":{"allow":["GET"]}}],"collection":[{"href":"https:\/\/kleinmetals.kreativloft.ch\/fr\/wp-json\/wp\/v2\/product"}],"about":[{"href":"https:\/\/kleinmetals.kreativloft.ch\/fr\/wp-json\/wp\/v2\/types\/product"}],"wp:featuredmedia":[{"embeddable":true,"href":"https:\/\/kleinmetals.kreativloft.ch\/fr\/wp-json\/wp\/v2\/media\/182513"}],"wp:attachment":[{"href":"https:\/\/kleinmetals.kreativloft.ch\/fr\/wp-json\/wp\/v2\/media?parent=188891"}],"wp:term":[{"taxonomy":"product_cat","embeddable":true,"href":"https:\/\/kleinmetals.kreativloft.ch\/fr\/wp-json\/wp\/v2\/product_cat?post=188891"},{"taxonomy":"product_tag","embeddable":true,"href":"https:\/\/kleinmetals.kreativloft.ch\/fr\/wp-json\/wp\/v2\/product_tag?post=188891"}],"curies":[{"name":"wp","href":"https:\/\/api.w.org\/{rel}","templated":true}]}}