{"id":189995,"date":"2024-03-26T10:45:14","date_gmt":"2024-03-26T09:45:14","guid":{"rendered":"https:\/\/kleinmetals.kreativloft.ch\/?post_type=product&#038;p=189995"},"modified":"2024-03-28T10:50:36","modified_gmt":"2024-03-28T09:50:36","slug":"chronifer-m-4108","status":"publish","type":"product","link":"https:\/\/kleinmetals.kreativloft.ch\/fr\/produkt\/chronifer-m-4108\/","title":{"rendered":"CHRONIFER M-4108"},"content":{"rendered":"<p><strong>R\u00e9sum\u00e9<\/strong><\/p>\n<table border=\"0\" width=\"100%\" cellspacing=\"0\" cellpadding=\"0\">\n<tbody>\n<tr>\n<td>D\u00e9signation Klein:<\/td>\n<td>CHRONIFER M-4108<\/td>\n<\/tr>\n<tr>\n<td valign=\"top\">Classe de mat\u00e9riaux:<\/td>\n<td>Acier inoxydable martensitique<br \/>\ntrempable avec addition de N<\/td>\n<\/tr>\n<tr>\n<td>Num\u00e9ro mati\u00e8res:<\/td>\n<td>1.4108<\/td>\n<\/tr>\n<tr>\n<td>Norme EN:<\/td>\n<td>X 30 CrMoN 15-1<\/td>\n<\/tr>\n<tr>\n<td>Refusion:<\/td>\n<td>PESR (Pressure ESR)<\/td>\n<\/tr>\n<tr>\n<td>Usinabilit\u00e9:<\/td>\n<td>satisfaisante<\/td>\n<\/tr>\n<tr>\n<td>Capacit\u00e9 de durcissement:<\/td>\n<td>jusqu\u2019\u00e0 60 HRc<\/td>\n<\/tr>\n<tr>\n<td valign=\"top\">Aptitude au polissage:<\/td>\n<td>apte au polissage sp\u00e9culaire<\/td>\n<\/tr>\n<tr>\n<td valign=\"top\">R\u00e9sistance \u00e0 la corrosion:<\/td>\n<td>jusqu\u2019\u00e0 bonne \u00e0 l\u2019\u00e9tat durci, poli et<br \/>\npassiv\u00e9<\/td>\n<\/tr>\n<tr>\n<td valign=\"top\">Magn\u00e9tisme:<\/td>\n<td>magn\u00e9tique<\/td>\n<\/tr>\n<tr>\n<td valign=\"top\">Utilisations:<\/td>\n<td>m\u00e9decine, horlogerie et nombreuses<br \/>\nbranches de l\u2019industrie<\/td>\n<\/tr>\n<\/tbody>\n<\/table>\n<p>&nbsp;<\/p>\n","protected":false},"excerpt":{"rendered":"<p>R\u00e9sum\u00e9 D\u00e9signation Klein: CHRONIFER M-4108 Classe de mat\u00e9riaux: Acier inoxydable martensitique trempable avec addition de N Num\u00e9ro mati\u00e8res: 1.4108 [&hellip;]<\/p>\n","protected":false},"featured_media":183655,"template":"","meta":{"_acf_changed":false,"inline_featured_image":false},"product_cat":[9749,9754,9755,9756,842,9773],"product_tag":[],"class_list":{"0":"post-189995","1":"product","2":"type-product","3":"status-publish","4":"has-post-thumbnail","6":"product_cat-acier-inoxydable-2","7":"product_cat-acier-medical-2","8":"product_cat-instruments-acier-medical-2","9":"product_cat-martensitique-acier-inoxydable-2","10":"product_cat-outils-a-couper","11":"product_cat-outils-a-couper-acier-medical-2","12":"pa_ausfuehrung-ellonte","13":"pa_ausfuehrung-etire","14":"pa_ausfuehrung-meule","15":"pa_ausfuehrung-profile","16":"pa_ausfuehrung-2-barres-2m","17":"pa_ausfuehrung-2-barres-3m","18":"pa_ausfuehrung-2-longueurs-spec","19":"pa_ausfuehrung-2-torche","20":"pa_durchmesser-0-665-3","21":"pa_durchmesser-1-000-2","22":"pa_durchmesser-1-300-3","23":"pa_durchmesser-1-500-3","24":"pa_durchmesser-1-600-3","25":"pa_durchmesser-1-800-3","26":"pa_durchmesser-10-000-3","27":"pa_durchmesser-10-500-2","28":"pa_durchmesser-11-000-3","29":"pa_durchmesser-12-000-2","30":"pa_durchmesser-12-700-3","31":"pa_durchmesser-13-000-3","32":"pa_durchmesser-14-000-3","33":"pa_durchmesser-15-000-2","34":"pa_durchmesser-16-000-3","35":"pa_durchmesser-17-000-3","36":"pa_durchmesser-18-000-3","37":"pa_durchmesser-19-000-3","38":"pa_durchmesser-2-000-3","39":"pa_durchmesser-2-100-3","40":"pa_durchmesser-2-200-3","41":"pa_durchmesser-2-300-3","42":"pa_durchmesser-2-500-3","43":"pa_durchmesser-2-600-2","44":"pa_durchmesser-2-700-2","45":"pa_durchmesser-20-000-2","46":"pa_durchmesser-21-000-3","47":"pa_durchmesser-22-000-2","48":"pa_durchmesser-23-000-3","49":"pa_durchmesser-24-000-3","50":"pa_durchmesser-25-000-3","51":"pa_durchmesser-26-000-2","52":"pa_durchmesser-28-000-3","53":"pa_durchmesser-3-000-3","54":"pa_durchmesser-3-100-3","55":"pa_durchmesser-3-500-2","56":"pa_durchmesser-3-600-2","57":"pa_durchmesser-30-000-3","58":"pa_durchmesser-31-000-2","59":"pa_durchmesser-32-000-3","60":"pa_durchmesser-4-000-2","61":"pa_durchmesser-4-200-3","62":"pa_durchmesser-4-400-3","63":"pa_durchmesser-4-500-2","64":"pa_durchmesser-40-000-3","65":"pa_durchmesser-45-000-3","66":"pa_durchmesser-46-000-2","67":"pa_durchmesser-5-000-2","68":"pa_durchmesser-5-500-2","69":"pa_durchmesser-50-000-3","70":"pa_durchmesser-55-000-2","71":"pa_durchmesser-55-500-2","72":"pa_durchmesser-6-000-2","73":"pa_durchmesser-6-350-2","74":"pa_durchmesser-7-000-2","75":"pa_durchmesser-7-200-2","76":"pa_durchmesser-7-500-3","77":"pa_durchmesser-8-000-2","78":"pa_durchmesser-8-500-2","79":"pa_durchmesser-9-000-3","80":"pa_durchmesser-9-500-2","81":"pa_toleranz-fg-6-fr","82":"pa_toleranz-fg-7-fr","83":"pa_toleranz-h-11-fr-2","84":"pa_toleranz-h-6-fr","85":"pa_toleranz-h-7-fr","86":"pa_toleranz-h-8-fr","87":"pa_toleranz-spec","89":"first","90":"instock","91":"purchasable","92":"product-type-variable"},"acf":[],"yoast_head":"<!-- This site is optimized with the Yoast SEO plugin v24.0 - https:\/\/yoast.com\/wordpress\/plugins\/seo\/ -->\n<title>CHRONIFER M-4108 - L.Klein SA - Premium Steel and Metals<\/title>\n<meta name=\"robots\" content=\"noindex, follow, max-snippet:-1, max-image-preview:large, max-video-preview:-1\" \/>\n<meta property=\"og:locale\" content=\"fr_FR\" \/>\n<meta property=\"og:type\" content=\"article\" \/>\n<meta property=\"og:title\" content=\"CHRONIFER M-4108 - L.Klein SA - Premium Steel and Metals\" \/>\n<meta property=\"og:description\" content=\"R\u00e9sum\u00e9 D\u00e9signation Klein: CHRONIFER M-4108 Classe de mat\u00e9riaux: Acier inoxydable martensitique trempable avec addition de N Num\u00e9ro mati\u00e8res: 1.4108 [&hellip;]\" \/>\n<meta property=\"og:url\" content=\"https:\/\/kleinmetals.kreativloft.ch\/fr\/produkt\/chronifer-m-4108\/\" \/>\n<meta property=\"og:site_name\" content=\"L.Klein SA - Premium Steel and Metals\" \/>\n<meta property=\"article:modified_time\" content=\"2024-03-28T09:50:36+00:00\" \/>\n<meta property=\"og:image\" content=\"https:\/\/kleinmetals.kreativloft.ch\/wp-content\/uploads\/468-1.png\" \/>\n\t<meta property=\"og:image:width\" content=\"1000\" \/>\n\t<meta property=\"og:image:height\" content=\"1000\" \/>\n\t<meta property=\"og:image:type\" content=\"image\/png\" \/>\n<script type=\"application\/ld+json\" class=\"yoast-schema-graph\">{\"@context\":\"https:\/\/schema.org\",\"@graph\":[{\"@type\":\"WebPage\",\"@id\":\"https:\/\/kleinmetals.kreativloft.ch\/fr\/produkt\/chronifer-m-4108\/\",\"url\":\"https:\/\/kleinmetals.kreativloft.ch\/fr\/produkt\/chronifer-m-4108\/\",\"name\":\"CHRONIFER M-4108 - L.Klein SA - Premium Steel and Metals\",\"isPartOf\":{\"@id\":\"https:\/\/kleinmetals.kreativloft.ch\/fr\/#website\"},\"primaryImageOfPage\":{\"@id\":\"https:\/\/kleinmetals.kreativloft.ch\/fr\/produkt\/chronifer-m-4108\/#primaryimage\"},\"image\":{\"@id\":\"https:\/\/kleinmetals.kreativloft.ch\/fr\/produkt\/chronifer-m-4108\/#primaryimage\"},\"thumbnailUrl\":\"https:\/\/kleinmetals.kreativloft.ch\/wp-content\/uploads\/468-1.png\",\"datePublished\":\"2024-03-26T09:45:14+00:00\",\"dateModified\":\"2024-03-28T09:50:36+00:00\",\"breadcrumb\":{\"@id\":\"https:\/\/kleinmetals.kreativloft.ch\/fr\/produkt\/chronifer-m-4108\/#breadcrumb\"},\"inLanguage\":\"fr-FR\",\"potentialAction\":[{\"@type\":\"ReadAction\",\"target\":[\"https:\/\/kleinmetals.kreativloft.ch\/fr\/produkt\/chronifer-m-4108\/\"]}]},{\"@type\":\"ImageObject\",\"inLanguage\":\"fr-FR\",\"@id\":\"https:\/\/kleinmetals.kreativloft.ch\/fr\/produkt\/chronifer-m-4108\/#primaryimage\",\"url\":\"https:\/\/kleinmetals.kreativloft.ch\/wp-content\/uploads\/468-1.png\",\"contentUrl\":\"https:\/\/kleinmetals.kreativloft.ch\/wp-content\/uploads\/468-1.png\",\"width\":1000,\"height\":1000},{\"@type\":\"BreadcrumbList\",\"@id\":\"https:\/\/kleinmetals.kreativloft.ch\/fr\/produkt\/chronifer-m-4108\/#breadcrumb\",\"itemListElement\":[{\"@type\":\"ListItem\",\"position\":1,\"name\":\"Startseite\",\"item\":\"https:\/\/kleinmetals.kreativloft.ch\/fr\/\"},{\"@type\":\"ListItem\",\"position\":2,\"name\":\"Produits\",\"item\":\"https:\/\/kleinmetals.kreativloft.ch\/fr\/produits\/\"},{\"@type\":\"ListItem\",\"position\":3,\"name\":\"CHRONIFER M-4108\"}]},{\"@type\":\"WebSite\",\"@id\":\"https:\/\/kleinmetals.kreativloft.ch\/fr\/#website\",\"url\":\"https:\/\/kleinmetals.kreativloft.ch\/fr\/\",\"name\":\"L.Klein AG Edelstaehle und Metalle\",\"description\":\"Handel mit hochwertigen Edelst\u00e4hlen und metallischen Rohstoffen\",\"publisher\":{\"@id\":\"https:\/\/kleinmetals.kreativloft.ch\/fr\/#organization\"},\"potentialAction\":[{\"@type\":\"SearchAction\",\"target\":{\"@type\":\"EntryPoint\",\"urlTemplate\":\"https:\/\/kleinmetals.kreativloft.ch\/fr\/?s={search_term_string}\"},\"query-input\":{\"@type\":\"PropertyValueSpecification\",\"valueRequired\":true,\"valueName\":\"search_term_string\"}}],\"inLanguage\":\"fr-FR\"},{\"@type\":\"Organization\",\"@id\":\"https:\/\/kleinmetals.kreativloft.ch\/fr\/#organization\",\"name\":\"L.Klein SA\",\"url\":\"https:\/\/kleinmetals.kreativloft.ch\/fr\/\",\"logo\":{\"@type\":\"ImageObject\",\"inLanguage\":\"fr-FR\",\"@id\":\"https:\/\/kleinmetals.kreativloft.ch\/fr\/#\/schema\/logo\/image\/\",\"url\":\"https:\/\/kleinmetals.kreativloft.ch\/wp-content\/uploads\/L-Klein-SA-Logo.svg\",\"contentUrl\":\"https:\/\/kleinmetals.kreativloft.ch\/wp-content\/uploads\/L-Klein-SA-Logo.svg\",\"width\":275,\"height\":86,\"caption\":\"L.Klein SA\"},\"image\":{\"@id\":\"https:\/\/kleinmetals.kreativloft.ch\/fr\/#\/schema\/logo\/image\/\"},\"sameAs\":[\"https:\/\/www.linkedin.com\/company\/l.-klein-sa\/\"]}]}<\/script>\n<!-- \/ Yoast SEO plugin. -->","yoast_head_json":{"title":"CHRONIFER M-4108 - L.Klein SA - Premium Steel and Metals","robots":{"index":"noindex","follow":"follow","max-snippet":"max-snippet:-1","max-image-preview":"max-image-preview:large","max-video-preview":"max-video-preview:-1"},"og_locale":"fr_FR","og_type":"article","og_title":"CHRONIFER M-4108 - L.Klein SA - Premium Steel and Metals","og_description":"R\u00e9sum\u00e9 D\u00e9signation Klein: CHRONIFER M-4108 Classe de mat\u00e9riaux: Acier inoxydable martensitique trempable avec addition de N Num\u00e9ro mati\u00e8res: 1.4108 [&hellip;]","og_url":"https:\/\/kleinmetals.kreativloft.ch\/fr\/produkt\/chronifer-m-4108\/","og_site_name":"L.Klein SA - Premium Steel and Metals","article_modified_time":"2024-03-28T09:50:36+00:00","og_image":[{"width":1000,"height":1000,"url":"https:\/\/kleinmetals.kreativloft.ch\/wp-content\/uploads\/468-1.png","type":"image\/png"}],"schema":{"@context":"https:\/\/schema.org","@graph":[{"@type":"WebPage","@id":"https:\/\/kleinmetals.kreativloft.ch\/fr\/produkt\/chronifer-m-4108\/","url":"https:\/\/kleinmetals.kreativloft.ch\/fr\/produkt\/chronifer-m-4108\/","name":"CHRONIFER M-4108 - L.Klein SA - Premium Steel and Metals","isPartOf":{"@id":"https:\/\/kleinmetals.kreativloft.ch\/fr\/#website"},"primaryImageOfPage":{"@id":"https:\/\/kleinmetals.kreativloft.ch\/fr\/produkt\/chronifer-m-4108\/#primaryimage"},"image":{"@id":"https:\/\/kleinmetals.kreativloft.ch\/fr\/produkt\/chronifer-m-4108\/#primaryimage"},"thumbnailUrl":"https:\/\/kleinmetals.kreativloft.ch\/wp-content\/uploads\/468-1.png","datePublished":"2024-03-26T09:45:14+00:00","dateModified":"2024-03-28T09:50:36+00:00","breadcrumb":{"@id":"https:\/\/kleinmetals.kreativloft.ch\/fr\/produkt\/chronifer-m-4108\/#breadcrumb"},"inLanguage":"fr-FR","potentialAction":[{"@type":"ReadAction","target":["https:\/\/kleinmetals.kreativloft.ch\/fr\/produkt\/chronifer-m-4108\/"]}]},{"@type":"ImageObject","inLanguage":"fr-FR","@id":"https:\/\/kleinmetals.kreativloft.ch\/fr\/produkt\/chronifer-m-4108\/#primaryimage","url":"https:\/\/kleinmetals.kreativloft.ch\/wp-content\/uploads\/468-1.png","contentUrl":"https:\/\/kleinmetals.kreativloft.ch\/wp-content\/uploads\/468-1.png","width":1000,"height":1000},{"@type":"BreadcrumbList","@id":"https:\/\/kleinmetals.kreativloft.ch\/fr\/produkt\/chronifer-m-4108\/#breadcrumb","itemListElement":[{"@type":"ListItem","position":1,"name":"Startseite","item":"https:\/\/kleinmetals.kreativloft.ch\/fr\/"},{"@type":"ListItem","position":2,"name":"Produits","item":"https:\/\/kleinmetals.kreativloft.ch\/fr\/produits\/"},{"@type":"ListItem","position":3,"name":"CHRONIFER M-4108"}]},{"@type":"WebSite","@id":"https:\/\/kleinmetals.kreativloft.ch\/fr\/#website","url":"https:\/\/kleinmetals.kreativloft.ch\/fr\/","name":"L.Klein AG Edelstaehle und Metalle","description":"Handel mit hochwertigen Edelst\u00e4hlen und metallischen Rohstoffen","publisher":{"@id":"https:\/\/kleinmetals.kreativloft.ch\/fr\/#organization"},"potentialAction":[{"@type":"SearchAction","target":{"@type":"EntryPoint","urlTemplate":"https:\/\/kleinmetals.kreativloft.ch\/fr\/?s={search_term_string}"},"query-input":{"@type":"PropertyValueSpecification","valueRequired":true,"valueName":"search_term_string"}}],"inLanguage":"fr-FR"},{"@type":"Organization","@id":"https:\/\/kleinmetals.kreativloft.ch\/fr\/#organization","name":"L.Klein SA","url":"https:\/\/kleinmetals.kreativloft.ch\/fr\/","logo":{"@type":"ImageObject","inLanguage":"fr-FR","@id":"https:\/\/kleinmetals.kreativloft.ch\/fr\/#\/schema\/logo\/image\/","url":"https:\/\/kleinmetals.kreativloft.ch\/wp-content\/uploads\/L-Klein-SA-Logo.svg","contentUrl":"https:\/\/kleinmetals.kreativloft.ch\/wp-content\/uploads\/L-Klein-SA-Logo.svg","width":275,"height":86,"caption":"L.Klein SA"},"image":{"@id":"https:\/\/kleinmetals.kreativloft.ch\/fr\/#\/schema\/logo\/image\/"},"sameAs":["https:\/\/www.linkedin.com\/company\/l.-klein-sa\/"]}]}},"_links":{"self":[{"href":"https:\/\/kleinmetals.kreativloft.ch\/fr\/wp-json\/wp\/v2\/product\/189995","targetHints":{"allow":["GET"]}}],"collection":[{"href":"https:\/\/kleinmetals.kreativloft.ch\/fr\/wp-json\/wp\/v2\/product"}],"about":[{"href":"https:\/\/kleinmetals.kreativloft.ch\/fr\/wp-json\/wp\/v2\/types\/product"}],"wp:featuredmedia":[{"embeddable":true,"href":"https:\/\/kleinmetals.kreativloft.ch\/fr\/wp-json\/wp\/v2\/media\/183655"}],"wp:attachment":[{"href":"https:\/\/kleinmetals.kreativloft.ch\/fr\/wp-json\/wp\/v2\/media?parent=189995"}],"wp:term":[{"taxonomy":"product_cat","embeddable":true,"href":"https:\/\/kleinmetals.kreativloft.ch\/fr\/wp-json\/wp\/v2\/product_cat?post=189995"},{"taxonomy":"product_tag","embeddable":true,"href":"https:\/\/kleinmetals.kreativloft.ch\/fr\/wp-json\/wp\/v2\/product_tag?post=189995"}],"curies":[{"name":"wp","href":"https:\/\/api.w.org\/{rel}","templated":true}]}}