{"id":190030,"date":"2024-03-26T10:47:15","date_gmt":"2024-03-26T09:47:15","guid":{"rendered":"https:\/\/kleinmetals.kreativloft.ch\/?post_type=product&#038;p=190030"},"modified":"2024-03-28T10:50:51","modified_gmt":"2024-03-28T09:50:51","slug":"law-100-x","status":"publish","type":"product","link":"https:\/\/kleinmetals.kreativloft.ch\/fr\/produkt\/law-100-x\/","title":{"rendered":"LAW 100 X"},"content":{"rendered":"<table border=\"0\" width=\"100%\" cellspacing=\"0\" cellpadding=\"0\">\n<tbody>\n<tr>\n<td><strong>R\u00e9sum\u00e9<\/strong><\/td>\n<td><\/td>\n<\/tr>\n<tr>\n<td><\/td>\n<td><\/td>\n<\/tr>\n<tr>\n<td>D\u00e9nomination Klein:<\/td>\n<td>LAW 100 X<\/td>\n<\/tr>\n<tr>\n<td valign=\"top\">Classe de m\u00e9taux:<\/td>\n<td>Acier de d\u00e9colletage trempable<br \/>\navec addition de S<\/td>\n<\/tr>\n<tr>\n<td>Proc\u00e9d\u00e9 d\u2019\u00e9laboration:<\/td>\n<td>m\u00e9tallurgie des poudres<\/td>\n<\/tr>\n<tr>\n<td>Num\u00e9ro mati\u00e8re:<\/td>\n<td>1.1268 X<\/td>\n<\/tr>\n<tr>\n<td>Norme AISI:<\/td>\n<td>~ 1095<\/td>\n<\/tr>\n<tr>\n<td>Fusion:<\/td>\n<td>VIM<\/td>\n<\/tr>\n<tr>\n<td>Usinabilit\u00e9:<\/td>\n<td>bonne<\/td>\n<\/tr>\n<tr>\n<td>Capacit\u00e9 de durcissement:<\/td>\n<td>jusqu\u2019\u00e0 64 HRc<\/td>\n<\/tr>\n<tr>\n<td valign=\"top\">Aptitude au polissage:<\/td>\n<td>de bonne \u00e0 tr\u00e8s bonne<\/td>\n<\/tr>\n<tr>\n<td>Magn\u00e9tisme:<\/td>\n<td>ferromagn\u00e9tique<\/td>\n<\/tr>\n<tr>\n<td valign=\"top\">Utilisations:<\/td>\n<td>Pi\u00e8ces difficiles pour mouvements<br \/>\nhorlogers (axes, roues dent\u00e9es) et de<br \/>\nnombreuses branches industrielles<\/td>\n<\/tr>\n<\/tbody>\n<\/table>\n<p>&nbsp;<\/p>\n","protected":false},"excerpt":{"rendered":"<p>R\u00e9sum\u00e9 D\u00e9nomination Klein: LAW 100 X Classe de m\u00e9taux: Acier de d\u00e9colletage trempable avec addition de S Proc\u00e9d\u00e9 d\u2019\u00e9laboration: [&hellip;]<\/p>\n","protected":false},"featured_media":183691,"template":"","meta":{"_acf_changed":false,"inline_featured_image":false},"product_cat":[9760,9761,9775,844,9762],"product_tag":[],"class_list":{"0":"post-190030","1":"product","2":"type-product","3":"status-publish","4":"has-post-thumbnail","6":"product_cat-acier-outils-2","7":"product_cat-acier-trempe-automates-2","8":"product_cat-nouveaux-produits-2","9":"product_cat-nouveaux-produits","10":"product_cat-trempable-materiaux-horlogerie-2","11":"pa_ausfuehrung-etire","12":"pa_ausfuehrung-gewalzt-fr","13":"pa_ausfuehrung-lamine","14":"pa_ausfuehrung-meule","15":"pa_ausfuehrung-2-barres-2m","16":"pa_ausfuehrung-2-barres-3m","17":"pa_ausfuehrung-2-en-tole","18":"pa_ausfuehrung-2-longueurs-spec","19":"pa_ausfuehrung-2-torche","20":"pa_durchmesser-0-250-2","21":"pa_durchmesser-0-300-2","22":"pa_durchmesser-0-350-2","23":"pa_durchmesser-0-400-2","24":"pa_durchmesser-0-450-2","25":"pa_durchmesser-0-500-3","26":"pa_durchmesser-0-550-2","27":"pa_durchmesser-0-600-2","28":"pa_durchmesser-0-650-2","29":"pa_durchmesser-0-700-2","30":"pa_durchmesser-0-750-3","31":"pa_durchmesser-0-800-2","32":"pa_durchmesser-0-850-3","33":"pa_durchmesser-0-900-2","34":"pa_durchmesser-0-950-3","35":"pa_durchmesser-1-000-2","36":"pa_durchmesser-1-100-2","37":"pa_durchmesser-1-150-3","38":"pa_durchmesser-1-200-3","39":"pa_durchmesser-1-250-2","40":"pa_durchmesser-1-300-3","41":"pa_durchmesser-1-400-2","42":"pa_durchmesser-1-500-3","43":"pa_durchmesser-1-600-3","44":"pa_durchmesser-1-700-3","45":"pa_durchmesser-1-730-2","46":"pa_durchmesser-1-800-3","47":"pa_durchmesser-1-900-3","48":"pa_durchmesser-10-000-3","49":"pa_durchmesser-10-200-3","50":"pa_durchmesser-10-500-2","51":"pa_durchmesser-11-000-3","52":"pa_durchmesser-11-200-2","53":"pa_durchmesser-12-000-2","54":"pa_durchmesser-13-000-3","55":"pa_durchmesser-14-000-3","56":"pa_durchmesser-15-000-2","57":"pa_durchmesser-16-000-3","58":"pa_durchmesser-17-000-3","59":"pa_durchmesser-18-000-3","60":"pa_durchmesser-2-000-3","61":"pa_durchmesser-2-100-3","62":"pa_durchmesser-2-200-3","63":"pa_durchmesser-2-300-3","64":"pa_durchmesser-2-400-2","65":"pa_durchmesser-2-500-3","66":"pa_durchmesser-2-600-2","67":"pa_durchmesser-2-800-2","68":"pa_durchmesser-2-900-2","69":"pa_durchmesser-20-000-2","70":"pa_durchmesser-21-000-3","71":"pa_durchmesser-22-000-2","72":"pa_durchmesser-23-000-3","73":"pa_durchmesser-24-000-3","74":"pa_durchmesser-25-000-3","75":"pa_durchmesser-25-400-3","76":"pa_durchmesser-26-000-2","77":"pa_durchmesser-27-000-3","78":"pa_durchmesser-28-000-3","79":"pa_durchmesser-29-000-2","80":"pa_durchmesser-3-000-3","81":"pa_durchmesser-3-500-2","82":"pa_durchmesser-3-950-2","83":"pa_durchmesser-30-000-3","84":"pa_durchmesser-31-000-2","85":"pa_durchmesser-31-750-3","86":"pa_durchmesser-38-100-2","87":"pa_durchmesser-4-000-2","88":"pa_durchmesser-4-100-3","89":"pa_durchmesser-4-140-3","90":"pa_durchmesser-4-500-2","91":"pa_durchmesser-4-600-2","92":"pa_durchmesser-4-650-3","93":"pa_durchmesser-4-700-2","94":"pa_durchmesser-4-800-2","95":"pa_durchmesser-42-000-3","96":"pa_durchmesser-5-000-2","97":"pa_durchmesser-5-080-2","98":"pa_durchmesser-5-100-2","99":"pa_durchmesser-5-120-2","100":"pa_durchmesser-5-150-2","101":"pa_durchmesser-5-200-2","102":"pa_durchmesser-5-250-2","103":"pa_durchmesser-5-350-3","104":"pa_durchmesser-5-450-2","105":"pa_durchmesser-5-500-2","106":"pa_durchmesser-5-630-3","107":"pa_durchmesser-5-700-2","108":"pa_durchmesser-6-000-2","109":"pa_durchmesser-6-100-2","110":"pa_durchmesser-6-500-2","111":"pa_durchmesser-6-600-2","112":"pa_durchmesser-7-000-2","113":"pa_durchmesser-7-100-2","114":"pa_durchmesser-7-500-3","115":"pa_durchmesser-7-700-3","116":"pa_durchmesser-8-000-2","117":"pa_durchmesser-8-650-3","118":"pa_durchmesser-9-000-3","119":"pa_durchmesser-9-500-2","120":"pa_durchmesser-9-700-2","121":"pa_toleranz-fg-6-fr","122":"pa_toleranz-h-5-fr","123":"pa_toleranz-h-6-fr","124":"pa_toleranz-h-7-fr","125":"pa_toleranz-h-8-fr","126":"pa_toleranz-h-9-fr","127":"pa_toleranz-spec","129":"first","130":"instock","131":"purchasable","132":"product-type-variable"},"acf":[],"yoast_head":"<!-- This site is optimized with the Yoast SEO plugin v24.0 - https:\/\/yoast.com\/wordpress\/plugins\/seo\/ -->\n<title>LAW 100 X - L.Klein SA - Premium Steel and Metals<\/title>\n<meta name=\"robots\" content=\"noindex, follow, max-snippet:-1, max-image-preview:large, max-video-preview:-1\" \/>\n<meta property=\"og:locale\" content=\"fr_FR\" \/>\n<meta property=\"og:type\" content=\"article\" \/>\n<meta property=\"og:title\" content=\"LAW 100 X - L.Klein SA - Premium Steel and Metals\" \/>\n<meta property=\"og:description\" content=\"R\u00e9sum\u00e9 D\u00e9nomination Klein: LAW 100 X Classe de m\u00e9taux: Acier de d\u00e9colletage trempable avec addition de S Proc\u00e9d\u00e9 d\u2019\u00e9laboration: [&hellip;]\" \/>\n<meta property=\"og:url\" content=\"https:\/\/kleinmetals.kreativloft.ch\/fr\/produkt\/law-100-x\/\" \/>\n<meta property=\"og:site_name\" content=\"L.Klein SA - Premium Steel and Metals\" \/>\n<meta property=\"article:modified_time\" content=\"2024-03-28T09:50:51+00:00\" \/>\n<meta property=\"og:image\" content=\"https:\/\/kleinmetals.kreativloft.ch\/wp-content\/uploads\/104-1-1.png\" \/>\n\t<meta property=\"og:image:width\" content=\"1000\" \/>\n\t<meta property=\"og:image:height\" content=\"1000\" \/>\n\t<meta property=\"og:image:type\" content=\"image\/png\" \/>\n<script type=\"application\/ld+json\" class=\"yoast-schema-graph\">{\"@context\":\"https:\/\/schema.org\",\"@graph\":[{\"@type\":\"WebPage\",\"@id\":\"https:\/\/kleinmetals.kreativloft.ch\/fr\/produkt\/law-100-x\/\",\"url\":\"https:\/\/kleinmetals.kreativloft.ch\/fr\/produkt\/law-100-x\/\",\"name\":\"LAW 100 X - L.Klein SA - Premium Steel and Metals\",\"isPartOf\":{\"@id\":\"https:\/\/kleinmetals.kreativloft.ch\/fr\/#website\"},\"primaryImageOfPage\":{\"@id\":\"https:\/\/kleinmetals.kreativloft.ch\/fr\/produkt\/law-100-x\/#primaryimage\"},\"image\":{\"@id\":\"https:\/\/kleinmetals.kreativloft.ch\/fr\/produkt\/law-100-x\/#primaryimage\"},\"thumbnailUrl\":\"https:\/\/kleinmetals.kreativloft.ch\/wp-content\/uploads\/104-1-1.png\",\"datePublished\":\"2024-03-26T09:47:15+00:00\",\"dateModified\":\"2024-03-28T09:50:51+00:00\",\"breadcrumb\":{\"@id\":\"https:\/\/kleinmetals.kreativloft.ch\/fr\/produkt\/law-100-x\/#breadcrumb\"},\"inLanguage\":\"fr-FR\",\"potentialAction\":[{\"@type\":\"ReadAction\",\"target\":[\"https:\/\/kleinmetals.kreativloft.ch\/fr\/produkt\/law-100-x\/\"]}]},{\"@type\":\"ImageObject\",\"inLanguage\":\"fr-FR\",\"@id\":\"https:\/\/kleinmetals.kreativloft.ch\/fr\/produkt\/law-100-x\/#primaryimage\",\"url\":\"https:\/\/kleinmetals.kreativloft.ch\/wp-content\/uploads\/104-1-1.png\",\"contentUrl\":\"https:\/\/kleinmetals.kreativloft.ch\/wp-content\/uploads\/104-1-1.png\",\"width\":1000,\"height\":1000},{\"@type\":\"BreadcrumbList\",\"@id\":\"https:\/\/kleinmetals.kreativloft.ch\/fr\/produkt\/law-100-x\/#breadcrumb\",\"itemListElement\":[{\"@type\":\"ListItem\",\"position\":1,\"name\":\"Startseite\",\"item\":\"https:\/\/kleinmetals.kreativloft.ch\/fr\/\"},{\"@type\":\"ListItem\",\"position\":2,\"name\":\"Produits\",\"item\":\"https:\/\/kleinmetals.kreativloft.ch\/fr\/produits\/\"},{\"@type\":\"ListItem\",\"position\":3,\"name\":\"LAW 100 X\"}]},{\"@type\":\"WebSite\",\"@id\":\"https:\/\/kleinmetals.kreativloft.ch\/fr\/#website\",\"url\":\"https:\/\/kleinmetals.kreativloft.ch\/fr\/\",\"name\":\"L.Klein AG Edelstaehle und Metalle\",\"description\":\"Handel mit hochwertigen Edelst\u00e4hlen und metallischen Rohstoffen\",\"publisher\":{\"@id\":\"https:\/\/kleinmetals.kreativloft.ch\/fr\/#organization\"},\"potentialAction\":[{\"@type\":\"SearchAction\",\"target\":{\"@type\":\"EntryPoint\",\"urlTemplate\":\"https:\/\/kleinmetals.kreativloft.ch\/fr\/?s={search_term_string}\"},\"query-input\":{\"@type\":\"PropertyValueSpecification\",\"valueRequired\":true,\"valueName\":\"search_term_string\"}}],\"inLanguage\":\"fr-FR\"},{\"@type\":\"Organization\",\"@id\":\"https:\/\/kleinmetals.kreativloft.ch\/fr\/#organization\",\"name\":\"L.Klein SA\",\"url\":\"https:\/\/kleinmetals.kreativloft.ch\/fr\/\",\"logo\":{\"@type\":\"ImageObject\",\"inLanguage\":\"fr-FR\",\"@id\":\"https:\/\/kleinmetals.kreativloft.ch\/fr\/#\/schema\/logo\/image\/\",\"url\":\"https:\/\/kleinmetals.kreativloft.ch\/wp-content\/uploads\/L-Klein-SA-Logo.svg\",\"contentUrl\":\"https:\/\/kleinmetals.kreativloft.ch\/wp-content\/uploads\/L-Klein-SA-Logo.svg\",\"width\":275,\"height\":86,\"caption\":\"L.Klein SA\"},\"image\":{\"@id\":\"https:\/\/kleinmetals.kreativloft.ch\/fr\/#\/schema\/logo\/image\/\"},\"sameAs\":[\"https:\/\/www.linkedin.com\/company\/l.-klein-sa\/\"]}]}<\/script>\n<!-- \/ Yoast SEO plugin. -->","yoast_head_json":{"title":"LAW 100 X - L.Klein SA - Premium Steel and Metals","robots":{"index":"noindex","follow":"follow","max-snippet":"max-snippet:-1","max-image-preview":"max-image-preview:large","max-video-preview":"max-video-preview:-1"},"og_locale":"fr_FR","og_type":"article","og_title":"LAW 100 X - L.Klein SA - Premium Steel and Metals","og_description":"R\u00e9sum\u00e9 D\u00e9nomination Klein: LAW 100 X Classe de m\u00e9taux: Acier de d\u00e9colletage trempable avec addition de S Proc\u00e9d\u00e9 d\u2019\u00e9laboration: [&hellip;]","og_url":"https:\/\/kleinmetals.kreativloft.ch\/fr\/produkt\/law-100-x\/","og_site_name":"L.Klein SA - Premium Steel and Metals","article_modified_time":"2024-03-28T09:50:51+00:00","og_image":[{"width":1000,"height":1000,"url":"https:\/\/kleinmetals.kreativloft.ch\/wp-content\/uploads\/104-1-1.png","type":"image\/png"}],"schema":{"@context":"https:\/\/schema.org","@graph":[{"@type":"WebPage","@id":"https:\/\/kleinmetals.kreativloft.ch\/fr\/produkt\/law-100-x\/","url":"https:\/\/kleinmetals.kreativloft.ch\/fr\/produkt\/law-100-x\/","name":"LAW 100 X - L.Klein SA - Premium Steel and Metals","isPartOf":{"@id":"https:\/\/kleinmetals.kreativloft.ch\/fr\/#website"},"primaryImageOfPage":{"@id":"https:\/\/kleinmetals.kreativloft.ch\/fr\/produkt\/law-100-x\/#primaryimage"},"image":{"@id":"https:\/\/kleinmetals.kreativloft.ch\/fr\/produkt\/law-100-x\/#primaryimage"},"thumbnailUrl":"https:\/\/kleinmetals.kreativloft.ch\/wp-content\/uploads\/104-1-1.png","datePublished":"2024-03-26T09:47:15+00:00","dateModified":"2024-03-28T09:50:51+00:00","breadcrumb":{"@id":"https:\/\/kleinmetals.kreativloft.ch\/fr\/produkt\/law-100-x\/#breadcrumb"},"inLanguage":"fr-FR","potentialAction":[{"@type":"ReadAction","target":["https:\/\/kleinmetals.kreativloft.ch\/fr\/produkt\/law-100-x\/"]}]},{"@type":"ImageObject","inLanguage":"fr-FR","@id":"https:\/\/kleinmetals.kreativloft.ch\/fr\/produkt\/law-100-x\/#primaryimage","url":"https:\/\/kleinmetals.kreativloft.ch\/wp-content\/uploads\/104-1-1.png","contentUrl":"https:\/\/kleinmetals.kreativloft.ch\/wp-content\/uploads\/104-1-1.png","width":1000,"height":1000},{"@type":"BreadcrumbList","@id":"https:\/\/kleinmetals.kreativloft.ch\/fr\/produkt\/law-100-x\/#breadcrumb","itemListElement":[{"@type":"ListItem","position":1,"name":"Startseite","item":"https:\/\/kleinmetals.kreativloft.ch\/fr\/"},{"@type":"ListItem","position":2,"name":"Produits","item":"https:\/\/kleinmetals.kreativloft.ch\/fr\/produits\/"},{"@type":"ListItem","position":3,"name":"LAW 100 X"}]},{"@type":"WebSite","@id":"https:\/\/kleinmetals.kreativloft.ch\/fr\/#website","url":"https:\/\/kleinmetals.kreativloft.ch\/fr\/","name":"L.Klein AG Edelstaehle und Metalle","description":"Handel mit hochwertigen Edelst\u00e4hlen und metallischen Rohstoffen","publisher":{"@id":"https:\/\/kleinmetals.kreativloft.ch\/fr\/#organization"},"potentialAction":[{"@type":"SearchAction","target":{"@type":"EntryPoint","urlTemplate":"https:\/\/kleinmetals.kreativloft.ch\/fr\/?s={search_term_string}"},"query-input":{"@type":"PropertyValueSpecification","valueRequired":true,"valueName":"search_term_string"}}],"inLanguage":"fr-FR"},{"@type":"Organization","@id":"https:\/\/kleinmetals.kreativloft.ch\/fr\/#organization","name":"L.Klein SA","url":"https:\/\/kleinmetals.kreativloft.ch\/fr\/","logo":{"@type":"ImageObject","inLanguage":"fr-FR","@id":"https:\/\/kleinmetals.kreativloft.ch\/fr\/#\/schema\/logo\/image\/","url":"https:\/\/kleinmetals.kreativloft.ch\/wp-content\/uploads\/L-Klein-SA-Logo.svg","contentUrl":"https:\/\/kleinmetals.kreativloft.ch\/wp-content\/uploads\/L-Klein-SA-Logo.svg","width":275,"height":86,"caption":"L.Klein SA"},"image":{"@id":"https:\/\/kleinmetals.kreativloft.ch\/fr\/#\/schema\/logo\/image\/"},"sameAs":["https:\/\/www.linkedin.com\/company\/l.-klein-sa\/"]}]}},"_links":{"self":[{"href":"https:\/\/kleinmetals.kreativloft.ch\/fr\/wp-json\/wp\/v2\/product\/190030","targetHints":{"allow":["GET"]}}],"collection":[{"href":"https:\/\/kleinmetals.kreativloft.ch\/fr\/wp-json\/wp\/v2\/product"}],"about":[{"href":"https:\/\/kleinmetals.kreativloft.ch\/fr\/wp-json\/wp\/v2\/types\/product"}],"wp:featuredmedia":[{"embeddable":true,"href":"https:\/\/kleinmetals.kreativloft.ch\/fr\/wp-json\/wp\/v2\/media\/183691"}],"wp:attachment":[{"href":"https:\/\/kleinmetals.kreativloft.ch\/fr\/wp-json\/wp\/v2\/media?parent=190030"}],"wp:term":[{"taxonomy":"product_cat","embeddable":true,"href":"https:\/\/kleinmetals.kreativloft.ch\/fr\/wp-json\/wp\/v2\/product_cat?post=190030"},{"taxonomy":"product_tag","embeddable":true,"href":"https:\/\/kleinmetals.kreativloft.ch\/fr\/wp-json\/wp\/v2\/product_tag?post=190030"}],"curies":[{"name":"wp","href":"https:\/\/api.w.org\/{rel}","templated":true}]}}