{"id":190233,"date":"2024-03-26T10:53:26","date_gmt":"2024-03-26T09:53:26","guid":{"rendered":"https:\/\/kleinmetals.kreativloft.ch\/?post_type=product&#038;p=190233"},"modified":"2024-03-28T10:50:54","modified_gmt":"2024-03-28T09:50:54","slug":"biodur-ccm-cobalt-chrome","status":"publish","type":"product","link":"https:\/\/kleinmetals.kreativloft.ch\/fr\/produkt\/biodur-ccm-cobalt-chrome\/","title":{"rendered":"Biodur CCM Cobalt-Chrome"},"content":{"rendered":"<table border=\"0\" width=\"100%\" cellspacing=\"0\" cellpadding=\"0\">\n<tbody>\n<tr>\n<td><strong>R\u00e9sum\u00e9<\/strong><\/td>\n<td><\/td>\n<\/tr>\n<tr>\n<td><\/td>\n<td><\/td>\n<\/tr>\n<tr>\n<td>D\u00e9signation Klein:<\/td>\n<td>Biodur CCM Cobalt-Chrome<\/td>\n<\/tr>\n<tr>\n<td valign=\"top\">Classe de m\u00e9tal:<\/td>\n<td>Alliage de Co-Cr-Ni-Mo<\/td>\n<\/tr>\n<tr>\n<td>Norme ISO:<\/td>\n<td>5832-12<\/td>\n<\/tr>\n<tr>\n<td valign=\"top\">Elaboration:<\/td>\n<td>VIM<br \/>\nMicro-Melt\u00ae M\u00e9tallurgie des poudres<\/td>\n<\/tr>\n<tr>\n<td>Biocompatibilit\u00e9:<\/td>\n<td>tr\u00e8s bonne<\/td>\n<\/tr>\n<tr>\n<td>Usinabilit\u00e9:<\/td>\n<td>jusqu\u2019\u00e0 satisfaisante<\/td>\n<\/tr>\n<tr>\n<td>Capacit\u00e9 de durcissement:<\/td>\n<td>peut \u00eatre durci thermiquement<\/td>\n<\/tr>\n<tr>\n<td>Formage:<\/td>\n<td>peut \u00eatre form\u00e9 \u00e0 froid (difficile)<\/td>\n<\/tr>\n<tr>\n<td>Ecrouissage:<\/td>\n<td>peut \u00eatre \u00e9croui \u00e0 froid (difficile)<\/td>\n<\/tr>\n<tr>\n<td>Aptitude au polissage:<\/td>\n<td>adapt\u00e9 au polissage sp\u00e9culaire<\/td>\n<\/tr>\n<tr>\n<td>R\u00e9sistance \u00e0 la corrosion:<\/td>\n<td>tr\u00e8s bonne, Qualit\u00e9 implant<\/td>\n<\/tr>\n<tr>\n<td>Magn\u00e9tisme:<\/td>\n<td>non magn\u00e9tique<\/td>\n<\/tr>\n<tr>\n<td valign=\"top\">Utilisations:<\/td>\n<td>Implants<\/td>\n<\/tr>\n<\/tbody>\n<\/table>\n<p>&nbsp;<\/p>\n","protected":false},"excerpt":{"rendered":"<p>R\u00e9sum\u00e9 D\u00e9signation Klein: Biodur CCM Cobalt-Chrome Classe de m\u00e9tal: Alliage de Co-Cr-Ni-Mo Norme ISO: 5832-12 Elaboration: VIM Micro-Melt\u00ae M\u00e9tallurgie [&hellip;]<\/p>\n","protected":false},"featured_media":183894,"template":"","meta":{"_acf_changed":false,"inline_featured_image":false},"product_cat":[9777,824,10580],"product_tag":[],"class_list":{"0":"post-190233","1":"product","2":"type-product","3":"status-publish","4":"has-post-thumbnail","6":"product_cat-alliages-cobalt-2","7":"product_cat-implants-fr","8":"product_cat-implants-2-2","9":"pa_ausfuehrung-meule","10":"pa_ausfuehrung-poudre","11":"pa_ausfuehrung-2-barres-3m","12":"pa_ausfuehrung-2-longueurs-spec","13":"pa_ausfuehrung-2-poudre","14":"pa_durchmesser-0-000-2","15":"pa_durchmesser-10-000-3","16":"pa_durchmesser-100-000-3","17":"pa_durchmesser-110-000-3","18":"pa_durchmesser-12-000-2","19":"pa_durchmesser-12-700-3","20":"pa_durchmesser-14-000-3","21":"pa_durchmesser-14-200-2","22":"pa_durchmesser-15-875-3","23":"pa_durchmesser-2-000-3","24":"pa_durchmesser-2-500-3","25":"pa_durchmesser-21-000-3","26":"pa_durchmesser-22-000-2","27":"pa_durchmesser-25-000-3","28":"pa_durchmesser-25-400-3","29":"pa_durchmesser-29-000-2","30":"pa_durchmesser-3-000-3","31":"pa_durchmesser-3-500-2","32":"pa_durchmesser-31-750-3","33":"pa_durchmesser-36-500-2","34":"pa_durchmesser-39-000-2","35":"pa_durchmesser-4-000-2","36":"pa_durchmesser-4-500-2","37":"pa_durchmesser-41-275-3","38":"pa_durchmesser-43-000-3","39":"pa_durchmesser-45-000-3","40":"pa_durchmesser-5-000-2","41":"pa_durchmesser-5-100-2","42":"pa_durchmesser-5-500-2","43":"pa_durchmesser-5-600-2","44":"pa_durchmesser-5-990-3","45":"pa_durchmesser-50-800-2","46":"pa_durchmesser-6-000-2","47":"pa_durchmesser-6-100-2","48":"pa_durchmesser-6-350-2","49":"pa_durchmesser-63-500-2","50":"pa_durchmesser-7-000-2","51":"pa_durchmesser-7-100-2","52":"pa_durchmesser-7-930-2","53":"pa_durchmesser-8-000-2","54":"pa_durchmesser-8-100-3","55":"pa_durchmesser-9-000-3","56":"pa_durchmesser-9-520-3","57":"pa_toleranz-h-6-fr","58":"pa_toleranz-h-8-fr","59":"pa_toleranz-h-9-fr","60":"pa_toleranz-spec-fr","61":"pa_toleranz-spec","63":"first","64":"instock","65":"purchasable","66":"product-type-variable"},"acf":[],"yoast_head":"<!-- This site is optimized with the Yoast SEO plugin v24.0 - https:\/\/yoast.com\/wordpress\/plugins\/seo\/ -->\n<title>Biodur CCM Cobalt-Chrome - L.Klein SA - Premium Steel and Metals<\/title>\n<meta name=\"robots\" content=\"noindex, follow, max-snippet:-1, max-image-preview:large, max-video-preview:-1\" \/>\n<meta property=\"og:locale\" content=\"fr_FR\" \/>\n<meta property=\"og:type\" content=\"article\" \/>\n<meta property=\"og:title\" content=\"Biodur CCM Cobalt-Chrome - L.Klein SA - Premium Steel and Metals\" \/>\n<meta property=\"og:description\" content=\"R\u00e9sum\u00e9 D\u00e9signation Klein: Biodur CCM Cobalt-Chrome Classe de m\u00e9tal: Alliage de Co-Cr-Ni-Mo Norme ISO: 5832-12 Elaboration: VIM Micro-Melt\u00ae M\u00e9tallurgie [&hellip;]\" \/>\n<meta property=\"og:url\" content=\"https:\/\/kleinmetals.kreativloft.ch\/fr\/produkt\/biodur-ccm-cobalt-chrome\/\" \/>\n<meta property=\"og:site_name\" content=\"L.Klein SA - Premium Steel and Metals\" \/>\n<meta property=\"article:modified_time\" content=\"2024-03-28T09:50:54+00:00\" \/>\n<meta property=\"og:image\" content=\"https:\/\/kleinmetals.kreativloft.ch\/wp-content\/uploads\/751-1.png\" \/>\n\t<meta property=\"og:image:width\" content=\"1000\" \/>\n\t<meta property=\"og:image:height\" content=\"1000\" \/>\n\t<meta property=\"og:image:type\" content=\"image\/png\" \/>\n<script type=\"application\/ld+json\" class=\"yoast-schema-graph\">{\"@context\":\"https:\/\/schema.org\",\"@graph\":[{\"@type\":\"WebPage\",\"@id\":\"https:\/\/kleinmetals.kreativloft.ch\/fr\/produkt\/biodur-ccm-cobalt-chrome\/\",\"url\":\"https:\/\/kleinmetals.kreativloft.ch\/fr\/produkt\/biodur-ccm-cobalt-chrome\/\",\"name\":\"Biodur CCM Cobalt-Chrome - L.Klein SA - Premium Steel and Metals\",\"isPartOf\":{\"@id\":\"https:\/\/kleinmetals.kreativloft.ch\/fr\/#website\"},\"primaryImageOfPage\":{\"@id\":\"https:\/\/kleinmetals.kreativloft.ch\/fr\/produkt\/biodur-ccm-cobalt-chrome\/#primaryimage\"},\"image\":{\"@id\":\"https:\/\/kleinmetals.kreativloft.ch\/fr\/produkt\/biodur-ccm-cobalt-chrome\/#primaryimage\"},\"thumbnailUrl\":\"https:\/\/kleinmetals.kreativloft.ch\/wp-content\/uploads\/751-1.png\",\"datePublished\":\"2024-03-26T09:53:26+00:00\",\"dateModified\":\"2024-03-28T09:50:54+00:00\",\"breadcrumb\":{\"@id\":\"https:\/\/kleinmetals.kreativloft.ch\/fr\/produkt\/biodur-ccm-cobalt-chrome\/#breadcrumb\"},\"inLanguage\":\"fr-FR\",\"potentialAction\":[{\"@type\":\"ReadAction\",\"target\":[\"https:\/\/kleinmetals.kreativloft.ch\/fr\/produkt\/biodur-ccm-cobalt-chrome\/\"]}]},{\"@type\":\"ImageObject\",\"inLanguage\":\"fr-FR\",\"@id\":\"https:\/\/kleinmetals.kreativloft.ch\/fr\/produkt\/biodur-ccm-cobalt-chrome\/#primaryimage\",\"url\":\"https:\/\/kleinmetals.kreativloft.ch\/wp-content\/uploads\/751-1.png\",\"contentUrl\":\"https:\/\/kleinmetals.kreativloft.ch\/wp-content\/uploads\/751-1.png\",\"width\":1000,\"height\":1000},{\"@type\":\"BreadcrumbList\",\"@id\":\"https:\/\/kleinmetals.kreativloft.ch\/fr\/produkt\/biodur-ccm-cobalt-chrome\/#breadcrumb\",\"itemListElement\":[{\"@type\":\"ListItem\",\"position\":1,\"name\":\"Startseite\",\"item\":\"https:\/\/kleinmetals.kreativloft.ch\/fr\/\"},{\"@type\":\"ListItem\",\"position\":2,\"name\":\"Produits\",\"item\":\"https:\/\/kleinmetals.kreativloft.ch\/fr\/produits\/\"},{\"@type\":\"ListItem\",\"position\":3,\"name\":\"Biodur CCM Cobalt-Chrome\"}]},{\"@type\":\"WebSite\",\"@id\":\"https:\/\/kleinmetals.kreativloft.ch\/fr\/#website\",\"url\":\"https:\/\/kleinmetals.kreativloft.ch\/fr\/\",\"name\":\"L.Klein AG Edelstaehle und Metalle\",\"description\":\"Handel mit hochwertigen Edelst\u00e4hlen und metallischen Rohstoffen\",\"publisher\":{\"@id\":\"https:\/\/kleinmetals.kreativloft.ch\/fr\/#organization\"},\"potentialAction\":[{\"@type\":\"SearchAction\",\"target\":{\"@type\":\"EntryPoint\",\"urlTemplate\":\"https:\/\/kleinmetals.kreativloft.ch\/fr\/?s={search_term_string}\"},\"query-input\":{\"@type\":\"PropertyValueSpecification\",\"valueRequired\":true,\"valueName\":\"search_term_string\"}}],\"inLanguage\":\"fr-FR\"},{\"@type\":\"Organization\",\"@id\":\"https:\/\/kleinmetals.kreativloft.ch\/fr\/#organization\",\"name\":\"L.Klein SA\",\"url\":\"https:\/\/kleinmetals.kreativloft.ch\/fr\/\",\"logo\":{\"@type\":\"ImageObject\",\"inLanguage\":\"fr-FR\",\"@id\":\"https:\/\/kleinmetals.kreativloft.ch\/fr\/#\/schema\/logo\/image\/\",\"url\":\"https:\/\/kleinmetals.kreativloft.ch\/wp-content\/uploads\/L-Klein-SA-Logo.svg\",\"contentUrl\":\"https:\/\/kleinmetals.kreativloft.ch\/wp-content\/uploads\/L-Klein-SA-Logo.svg\",\"width\":275,\"height\":86,\"caption\":\"L.Klein SA\"},\"image\":{\"@id\":\"https:\/\/kleinmetals.kreativloft.ch\/fr\/#\/schema\/logo\/image\/\"},\"sameAs\":[\"https:\/\/www.linkedin.com\/company\/l.-klein-sa\/\"]}]}<\/script>\n<!-- \/ Yoast SEO plugin. -->","yoast_head_json":{"title":"Biodur CCM Cobalt-Chrome - L.Klein SA - Premium Steel and Metals","robots":{"index":"noindex","follow":"follow","max-snippet":"max-snippet:-1","max-image-preview":"max-image-preview:large","max-video-preview":"max-video-preview:-1"},"og_locale":"fr_FR","og_type":"article","og_title":"Biodur CCM Cobalt-Chrome - L.Klein SA - Premium Steel and Metals","og_description":"R\u00e9sum\u00e9 D\u00e9signation Klein: Biodur CCM Cobalt-Chrome Classe de m\u00e9tal: Alliage de Co-Cr-Ni-Mo Norme ISO: 5832-12 Elaboration: VIM Micro-Melt\u00ae M\u00e9tallurgie [&hellip;]","og_url":"https:\/\/kleinmetals.kreativloft.ch\/fr\/produkt\/biodur-ccm-cobalt-chrome\/","og_site_name":"L.Klein SA - Premium Steel and Metals","article_modified_time":"2024-03-28T09:50:54+00:00","og_image":[{"width":1000,"height":1000,"url":"https:\/\/kleinmetals.kreativloft.ch\/wp-content\/uploads\/751-1.png","type":"image\/png"}],"schema":{"@context":"https:\/\/schema.org","@graph":[{"@type":"WebPage","@id":"https:\/\/kleinmetals.kreativloft.ch\/fr\/produkt\/biodur-ccm-cobalt-chrome\/","url":"https:\/\/kleinmetals.kreativloft.ch\/fr\/produkt\/biodur-ccm-cobalt-chrome\/","name":"Biodur CCM Cobalt-Chrome - L.Klein SA - Premium Steel and Metals","isPartOf":{"@id":"https:\/\/kleinmetals.kreativloft.ch\/fr\/#website"},"primaryImageOfPage":{"@id":"https:\/\/kleinmetals.kreativloft.ch\/fr\/produkt\/biodur-ccm-cobalt-chrome\/#primaryimage"},"image":{"@id":"https:\/\/kleinmetals.kreativloft.ch\/fr\/produkt\/biodur-ccm-cobalt-chrome\/#primaryimage"},"thumbnailUrl":"https:\/\/kleinmetals.kreativloft.ch\/wp-content\/uploads\/751-1.png","datePublished":"2024-03-26T09:53:26+00:00","dateModified":"2024-03-28T09:50:54+00:00","breadcrumb":{"@id":"https:\/\/kleinmetals.kreativloft.ch\/fr\/produkt\/biodur-ccm-cobalt-chrome\/#breadcrumb"},"inLanguage":"fr-FR","potentialAction":[{"@type":"ReadAction","target":["https:\/\/kleinmetals.kreativloft.ch\/fr\/produkt\/biodur-ccm-cobalt-chrome\/"]}]},{"@type":"ImageObject","inLanguage":"fr-FR","@id":"https:\/\/kleinmetals.kreativloft.ch\/fr\/produkt\/biodur-ccm-cobalt-chrome\/#primaryimage","url":"https:\/\/kleinmetals.kreativloft.ch\/wp-content\/uploads\/751-1.png","contentUrl":"https:\/\/kleinmetals.kreativloft.ch\/wp-content\/uploads\/751-1.png","width":1000,"height":1000},{"@type":"BreadcrumbList","@id":"https:\/\/kleinmetals.kreativloft.ch\/fr\/produkt\/biodur-ccm-cobalt-chrome\/#breadcrumb","itemListElement":[{"@type":"ListItem","position":1,"name":"Startseite","item":"https:\/\/kleinmetals.kreativloft.ch\/fr\/"},{"@type":"ListItem","position":2,"name":"Produits","item":"https:\/\/kleinmetals.kreativloft.ch\/fr\/produits\/"},{"@type":"ListItem","position":3,"name":"Biodur CCM Cobalt-Chrome"}]},{"@type":"WebSite","@id":"https:\/\/kleinmetals.kreativloft.ch\/fr\/#website","url":"https:\/\/kleinmetals.kreativloft.ch\/fr\/","name":"L.Klein AG Edelstaehle und Metalle","description":"Handel mit hochwertigen Edelst\u00e4hlen und metallischen Rohstoffen","publisher":{"@id":"https:\/\/kleinmetals.kreativloft.ch\/fr\/#organization"},"potentialAction":[{"@type":"SearchAction","target":{"@type":"EntryPoint","urlTemplate":"https:\/\/kleinmetals.kreativloft.ch\/fr\/?s={search_term_string}"},"query-input":{"@type":"PropertyValueSpecification","valueRequired":true,"valueName":"search_term_string"}}],"inLanguage":"fr-FR"},{"@type":"Organization","@id":"https:\/\/kleinmetals.kreativloft.ch\/fr\/#organization","name":"L.Klein SA","url":"https:\/\/kleinmetals.kreativloft.ch\/fr\/","logo":{"@type":"ImageObject","inLanguage":"fr-FR","@id":"https:\/\/kleinmetals.kreativloft.ch\/fr\/#\/schema\/logo\/image\/","url":"https:\/\/kleinmetals.kreativloft.ch\/wp-content\/uploads\/L-Klein-SA-Logo.svg","contentUrl":"https:\/\/kleinmetals.kreativloft.ch\/wp-content\/uploads\/L-Klein-SA-Logo.svg","width":275,"height":86,"caption":"L.Klein SA"},"image":{"@id":"https:\/\/kleinmetals.kreativloft.ch\/fr\/#\/schema\/logo\/image\/"},"sameAs":["https:\/\/www.linkedin.com\/company\/l.-klein-sa\/"]}]}},"_links":{"self":[{"href":"https:\/\/kleinmetals.kreativloft.ch\/fr\/wp-json\/wp\/v2\/product\/190233","targetHints":{"allow":["GET"]}}],"collection":[{"href":"https:\/\/kleinmetals.kreativloft.ch\/fr\/wp-json\/wp\/v2\/product"}],"about":[{"href":"https:\/\/kleinmetals.kreativloft.ch\/fr\/wp-json\/wp\/v2\/types\/product"}],"wp:featuredmedia":[{"embeddable":true,"href":"https:\/\/kleinmetals.kreativloft.ch\/fr\/wp-json\/wp\/v2\/media\/183894"}],"wp:attachment":[{"href":"https:\/\/kleinmetals.kreativloft.ch\/fr\/wp-json\/wp\/v2\/media?parent=190233"}],"wp:term":[{"taxonomy":"product_cat","embeddable":true,"href":"https:\/\/kleinmetals.kreativloft.ch\/fr\/wp-json\/wp\/v2\/product_cat?post=190233"},{"taxonomy":"product_tag","embeddable":true,"href":"https:\/\/kleinmetals.kreativloft.ch\/fr\/wp-json\/wp\/v2\/product_tag?post=190233"}],"curies":[{"name":"wp","href":"https:\/\/api.w.org\/{rel}","templated":true}]}}