{"id":190532,"date":"2024-03-26T11:00:28","date_gmt":"2024-03-26T10:00:28","guid":{"rendered":"https:\/\/kleinmetals.kreativloft.ch\/?post_type=product&#038;p=190532"},"modified":"2024-03-28T10:51:03","modified_gmt":"2024-03-28T09:51:03","slug":"chronifer-465-kl","status":"publish","type":"product","link":"https:\/\/kleinmetals.kreativloft.ch\/fr\/produkt\/chronifer-465-kl\/","title":{"rendered":"CHRONIFER 465 KL"},"content":{"rendered":"<table border=\"0\" width=\"100%\" cellspacing=\"0\" cellpadding=\"0\">\n<tbody>\n<tr>\n<td><strong>R\u00e9sum\u00e9<\/strong><\/td>\n<td><\/td>\n<\/tr>\n<tr>\n<td><\/td>\n<td><\/td>\n<\/tr>\n<tr>\n<td>D\u00e9signation Klein:<\/td>\n<td>CHRONIFER 465 KL<\/td>\n<\/tr>\n<tr>\n<td valign=\"top\">Classe de m\u00e9taux:<\/td>\n<td>acier \u00e0 durcissement structural<\/td>\n<\/tr>\n<tr>\n<td>Num\u00e9ro mati\u00e8re:<\/td>\n<td>1.4614<\/td>\n<\/tr>\n<tr>\n<td>Norme ASTM:<\/td>\n<td>A 564<\/td>\n<\/tr>\n<tr>\n<td>Elaboration \/ Refusion:<\/td>\n<td>VIM \/ VAR<\/td>\n<\/tr>\n<tr>\n<td>Usinabilit\u00e9:<\/td>\n<td>de passable \u00e0 satisfaisante<\/td>\n<\/tr>\n<tr>\n<td>Capacit\u00e9 de durcissement:<\/td>\n<td>jusqu\u2019\u00e0 57 HRc<\/td>\n<\/tr>\n<tr>\n<td>Aptitude au polissage:<\/td>\n<td>adapt\u00e9 au polissage sp\u00e9culaire<\/td>\n<\/tr>\n<tr>\n<td valign=\"top\">R\u00e9sistance \u00e0 la corrosion:<\/td>\n<td>de passable \u00e0 satisfaisante \u00e0 l\u2019\u00e9tat<br \/>\ndurci, poli et passiv\u00e9<\/td>\n<\/tr>\n<tr>\n<td>Magn\u00e9tisme:<\/td>\n<td>magn\u00e9tique<\/td>\n<\/tr>\n<tr>\n<td>Utilisations:<\/td>\n<td>instruments m\u00e9dicaux, chirurgicaux et<br \/>\ndentaires<\/td>\n<\/tr>\n<\/tbody>\n<\/table>\n<p>&nbsp;<\/p>\n","protected":false},"excerpt":{"rendered":"<p>R\u00e9sum\u00e9 D\u00e9signation Klein: CHRONIFER 465 KL Classe de m\u00e9taux: acier \u00e0 durcissement structural Num\u00e9ro mati\u00e8re: 1.4614 Norme ASTM: A [&hellip;]<\/p>\n","protected":false},"featured_media":184212,"template":"","meta":{"_acf_changed":false,"inline_featured_image":false},"product_cat":[9755,9776,9773,842],"product_tag":[],"class_list":{"0":"post-190532","1":"product","2":"type-product","3":"status-publish","4":"has-post-thumbnail","6":"product_cat-instruments-acier-medical-2","7":"product_cat-martensitique-durcissement-structural-acier-inoxydable-2","8":"product_cat-outils-a-couper-acier-medical-2","9":"product_cat-outils-a-couper","10":"pa_ausfuehrung-etire","11":"pa_ausfuehrung-meule","12":"pa_ausfuehrung-profile","13":"pa_ausfuehrung-2-barres-3m","14":"pa_ausfuehrung-2-longueurs-spec","15":"pa_ausfuehrung-2-torche","16":"pa_durchmesser-1-500-3","17":"pa_durchmesser-1-570-3","18":"pa_durchmesser-10-000-3","19":"pa_durchmesser-107-950-3","20":"pa_durchmesser-11-000-3","21":"pa_durchmesser-11-110-3","22":"pa_durchmesser-12-000-2","23":"pa_durchmesser-12-700-3","24":"pa_durchmesser-13-000-3","25":"pa_durchmesser-14-000-3","26":"pa_durchmesser-14-200-2","27":"pa_durchmesser-15-000-2","28":"pa_durchmesser-15-870-3","29":"pa_durchmesser-16-000-3","30":"pa_durchmesser-17-000-3","31":"pa_durchmesser-18-000-3","32":"pa_durchmesser-19-050-3","33":"pa_durchmesser-2-500-3","34":"pa_durchmesser-20-000-2","35":"pa_durchmesser-21-000-3","36":"pa_durchmesser-22-000-2","37":"pa_durchmesser-23-000-3","38":"pa_durchmesser-24-000-3","39":"pa_durchmesser-25-400-3","40":"pa_durchmesser-26-000-2","41":"pa_durchmesser-27-000-3","42":"pa_durchmesser-28-000-3","43":"pa_durchmesser-29-000-2","44":"pa_durchmesser-3-000-3","45":"pa_durchmesser-3-175-2","46":"pa_durchmesser-3-500-2","47":"pa_durchmesser-30-000-3","48":"pa_durchmesser-31-750-3","49":"pa_durchmesser-32-000-3","50":"pa_durchmesser-33-000-2","51":"pa_durchmesser-34-000-3","52":"pa_durchmesser-35-000-2","53":"pa_durchmesser-36-000-3","54":"pa_durchmesser-38-100-2","55":"pa_durchmesser-4-000-2","56":"pa_durchmesser-4-500-2","57":"pa_durchmesser-4-760-3","58":"pa_durchmesser-40-000-3","59":"pa_durchmesser-43-000-3","60":"pa_durchmesser-44-700-3","61":"pa_durchmesser-44-750-2","62":"pa_durchmesser-45-000-3","63":"pa_durchmesser-48-000-3","64":"pa_durchmesser-5-000-2","65":"pa_durchmesser-5-500-2","66":"pa_durchmesser-50-800-2","67":"pa_durchmesser-52-000-3","68":"pa_durchmesser-57-150-2","69":"pa_durchmesser-6-000-2","70":"pa_durchmesser-6-350-2","71":"pa_durchmesser-6-500-2","72":"pa_durchmesser-60-000-2","73":"pa_durchmesser-63-500-2","74":"pa_durchmesser-7-000-2","75":"pa_durchmesser-7-930-2","76":"pa_durchmesser-70-000-3","77":"pa_durchmesser-72-000-2","78":"pa_durchmesser-75-000-3","79":"pa_durchmesser-76-200-3","80":"pa_durchmesser-8-000-2","81":"pa_durchmesser-8-100-3","82":"pa_durchmesser-8-500-2","83":"pa_durchmesser-80-000-2","84":"pa_durchmesser-88-900-3","85":"pa_durchmesser-9-000-3","86":"pa_durchmesser-9-520-3","87":"pa_durchmesser-9-530-3","88":"pa_durchmesser-95-000-2","89":"pa_toleranz-fg-6-fr","90":"pa_toleranz-h-6-fr","91":"pa_toleranz-h-7-fr","92":"pa_toleranz-h-8-fr","93":"pa_toleranz-h-9-fr","94":"pa_toleranz-spec","96":"first","97":"instock","98":"purchasable","99":"product-type-variable"},"acf":[],"yoast_head":"<!-- This site is optimized with the Yoast SEO plugin v24.0 - https:\/\/yoast.com\/wordpress\/plugins\/seo\/ -->\n<title>CHRONIFER 465 KL - L.Klein SA - Premium Steel and Metals<\/title>\n<meta name=\"robots\" content=\"noindex, follow, max-snippet:-1, max-image-preview:large, max-video-preview:-1\" \/>\n<meta property=\"og:locale\" content=\"fr_FR\" \/>\n<meta property=\"og:type\" content=\"article\" \/>\n<meta property=\"og:title\" content=\"CHRONIFER 465 KL - L.Klein SA - Premium Steel and Metals\" \/>\n<meta property=\"og:description\" content=\"R\u00e9sum\u00e9 D\u00e9signation Klein: CHRONIFER 465 KL Classe de m\u00e9taux: acier \u00e0 durcissement structural Num\u00e9ro mati\u00e8re: 1.4614 Norme ASTM: A [&hellip;]\" \/>\n<meta property=\"og:url\" content=\"https:\/\/kleinmetals.kreativloft.ch\/fr\/produkt\/chronifer-465-kl\/\" \/>\n<meta property=\"og:site_name\" content=\"L.Klein SA - Premium Steel and Metals\" \/>\n<meta property=\"article:modified_time\" content=\"2024-03-28T09:51:03+00:00\" \/>\n<meta property=\"og:image\" content=\"https:\/\/kleinmetals.kreativloft.ch\/wp-content\/uploads\/515-1.png\" \/>\n\t<meta property=\"og:image:width\" content=\"1000\" \/>\n\t<meta property=\"og:image:height\" content=\"1000\" \/>\n\t<meta property=\"og:image:type\" content=\"image\/png\" \/>\n<script type=\"application\/ld+json\" class=\"yoast-schema-graph\">{\"@context\":\"https:\/\/schema.org\",\"@graph\":[{\"@type\":\"WebPage\",\"@id\":\"https:\/\/kleinmetals.kreativloft.ch\/fr\/produkt\/chronifer-465-kl\/\",\"url\":\"https:\/\/kleinmetals.kreativloft.ch\/fr\/produkt\/chronifer-465-kl\/\",\"name\":\"CHRONIFER 465 KL - L.Klein SA - Premium Steel and Metals\",\"isPartOf\":{\"@id\":\"https:\/\/kleinmetals.kreativloft.ch\/fr\/#website\"},\"primaryImageOfPage\":{\"@id\":\"https:\/\/kleinmetals.kreativloft.ch\/fr\/produkt\/chronifer-465-kl\/#primaryimage\"},\"image\":{\"@id\":\"https:\/\/kleinmetals.kreativloft.ch\/fr\/produkt\/chronifer-465-kl\/#primaryimage\"},\"thumbnailUrl\":\"https:\/\/kleinmetals.kreativloft.ch\/wp-content\/uploads\/515-1.png\",\"datePublished\":\"2024-03-26T10:00:28+00:00\",\"dateModified\":\"2024-03-28T09:51:03+00:00\",\"breadcrumb\":{\"@id\":\"https:\/\/kleinmetals.kreativloft.ch\/fr\/produkt\/chronifer-465-kl\/#breadcrumb\"},\"inLanguage\":\"fr-FR\",\"potentialAction\":[{\"@type\":\"ReadAction\",\"target\":[\"https:\/\/kleinmetals.kreativloft.ch\/fr\/produkt\/chronifer-465-kl\/\"]}]},{\"@type\":\"ImageObject\",\"inLanguage\":\"fr-FR\",\"@id\":\"https:\/\/kleinmetals.kreativloft.ch\/fr\/produkt\/chronifer-465-kl\/#primaryimage\",\"url\":\"https:\/\/kleinmetals.kreativloft.ch\/wp-content\/uploads\/515-1.png\",\"contentUrl\":\"https:\/\/kleinmetals.kreativloft.ch\/wp-content\/uploads\/515-1.png\",\"width\":1000,\"height\":1000},{\"@type\":\"BreadcrumbList\",\"@id\":\"https:\/\/kleinmetals.kreativloft.ch\/fr\/produkt\/chronifer-465-kl\/#breadcrumb\",\"itemListElement\":[{\"@type\":\"ListItem\",\"position\":1,\"name\":\"Startseite\",\"item\":\"https:\/\/kleinmetals.kreativloft.ch\/fr\/\"},{\"@type\":\"ListItem\",\"position\":2,\"name\":\"Produits\",\"item\":\"https:\/\/kleinmetals.kreativloft.ch\/fr\/produits\/\"},{\"@type\":\"ListItem\",\"position\":3,\"name\":\"CHRONIFER 465 KL\"}]},{\"@type\":\"WebSite\",\"@id\":\"https:\/\/kleinmetals.kreativloft.ch\/fr\/#website\",\"url\":\"https:\/\/kleinmetals.kreativloft.ch\/fr\/\",\"name\":\"L.Klein AG Edelstaehle und Metalle\",\"description\":\"Handel mit hochwertigen Edelst\u00e4hlen und metallischen Rohstoffen\",\"publisher\":{\"@id\":\"https:\/\/kleinmetals.kreativloft.ch\/fr\/#organization\"},\"potentialAction\":[{\"@type\":\"SearchAction\",\"target\":{\"@type\":\"EntryPoint\",\"urlTemplate\":\"https:\/\/kleinmetals.kreativloft.ch\/fr\/?s={search_term_string}\"},\"query-input\":{\"@type\":\"PropertyValueSpecification\",\"valueRequired\":true,\"valueName\":\"search_term_string\"}}],\"inLanguage\":\"fr-FR\"},{\"@type\":\"Organization\",\"@id\":\"https:\/\/kleinmetals.kreativloft.ch\/fr\/#organization\",\"name\":\"L.Klein SA\",\"url\":\"https:\/\/kleinmetals.kreativloft.ch\/fr\/\",\"logo\":{\"@type\":\"ImageObject\",\"inLanguage\":\"fr-FR\",\"@id\":\"https:\/\/kleinmetals.kreativloft.ch\/fr\/#\/schema\/logo\/image\/\",\"url\":\"https:\/\/kleinmetals.kreativloft.ch\/wp-content\/uploads\/L-Klein-SA-Logo.svg\",\"contentUrl\":\"https:\/\/kleinmetals.kreativloft.ch\/wp-content\/uploads\/L-Klein-SA-Logo.svg\",\"width\":275,\"height\":86,\"caption\":\"L.Klein SA\"},\"image\":{\"@id\":\"https:\/\/kleinmetals.kreativloft.ch\/fr\/#\/schema\/logo\/image\/\"},\"sameAs\":[\"https:\/\/www.linkedin.com\/company\/l.-klein-sa\/\"]}]}<\/script>\n<!-- \/ Yoast SEO plugin. -->","yoast_head_json":{"title":"CHRONIFER 465 KL - L.Klein SA - Premium Steel and Metals","robots":{"index":"noindex","follow":"follow","max-snippet":"max-snippet:-1","max-image-preview":"max-image-preview:large","max-video-preview":"max-video-preview:-1"},"og_locale":"fr_FR","og_type":"article","og_title":"CHRONIFER 465 KL - L.Klein SA - Premium Steel and Metals","og_description":"R\u00e9sum\u00e9 D\u00e9signation Klein: CHRONIFER 465 KL Classe de m\u00e9taux: acier \u00e0 durcissement structural Num\u00e9ro mati\u00e8re: 1.4614 Norme ASTM: A [&hellip;]","og_url":"https:\/\/kleinmetals.kreativloft.ch\/fr\/produkt\/chronifer-465-kl\/","og_site_name":"L.Klein SA - Premium Steel and Metals","article_modified_time":"2024-03-28T09:51:03+00:00","og_image":[{"width":1000,"height":1000,"url":"https:\/\/kleinmetals.kreativloft.ch\/wp-content\/uploads\/515-1.png","type":"image\/png"}],"schema":{"@context":"https:\/\/schema.org","@graph":[{"@type":"WebPage","@id":"https:\/\/kleinmetals.kreativloft.ch\/fr\/produkt\/chronifer-465-kl\/","url":"https:\/\/kleinmetals.kreativloft.ch\/fr\/produkt\/chronifer-465-kl\/","name":"CHRONIFER 465 KL - L.Klein SA - Premium Steel and Metals","isPartOf":{"@id":"https:\/\/kleinmetals.kreativloft.ch\/fr\/#website"},"primaryImageOfPage":{"@id":"https:\/\/kleinmetals.kreativloft.ch\/fr\/produkt\/chronifer-465-kl\/#primaryimage"},"image":{"@id":"https:\/\/kleinmetals.kreativloft.ch\/fr\/produkt\/chronifer-465-kl\/#primaryimage"},"thumbnailUrl":"https:\/\/kleinmetals.kreativloft.ch\/wp-content\/uploads\/515-1.png","datePublished":"2024-03-26T10:00:28+00:00","dateModified":"2024-03-28T09:51:03+00:00","breadcrumb":{"@id":"https:\/\/kleinmetals.kreativloft.ch\/fr\/produkt\/chronifer-465-kl\/#breadcrumb"},"inLanguage":"fr-FR","potentialAction":[{"@type":"ReadAction","target":["https:\/\/kleinmetals.kreativloft.ch\/fr\/produkt\/chronifer-465-kl\/"]}]},{"@type":"ImageObject","inLanguage":"fr-FR","@id":"https:\/\/kleinmetals.kreativloft.ch\/fr\/produkt\/chronifer-465-kl\/#primaryimage","url":"https:\/\/kleinmetals.kreativloft.ch\/wp-content\/uploads\/515-1.png","contentUrl":"https:\/\/kleinmetals.kreativloft.ch\/wp-content\/uploads\/515-1.png","width":1000,"height":1000},{"@type":"BreadcrumbList","@id":"https:\/\/kleinmetals.kreativloft.ch\/fr\/produkt\/chronifer-465-kl\/#breadcrumb","itemListElement":[{"@type":"ListItem","position":1,"name":"Startseite","item":"https:\/\/kleinmetals.kreativloft.ch\/fr\/"},{"@type":"ListItem","position":2,"name":"Produits","item":"https:\/\/kleinmetals.kreativloft.ch\/fr\/produits\/"},{"@type":"ListItem","position":3,"name":"CHRONIFER 465 KL"}]},{"@type":"WebSite","@id":"https:\/\/kleinmetals.kreativloft.ch\/fr\/#website","url":"https:\/\/kleinmetals.kreativloft.ch\/fr\/","name":"L.Klein AG Edelstaehle und Metalle","description":"Handel mit hochwertigen Edelst\u00e4hlen und metallischen Rohstoffen","publisher":{"@id":"https:\/\/kleinmetals.kreativloft.ch\/fr\/#organization"},"potentialAction":[{"@type":"SearchAction","target":{"@type":"EntryPoint","urlTemplate":"https:\/\/kleinmetals.kreativloft.ch\/fr\/?s={search_term_string}"},"query-input":{"@type":"PropertyValueSpecification","valueRequired":true,"valueName":"search_term_string"}}],"inLanguage":"fr-FR"},{"@type":"Organization","@id":"https:\/\/kleinmetals.kreativloft.ch\/fr\/#organization","name":"L.Klein SA","url":"https:\/\/kleinmetals.kreativloft.ch\/fr\/","logo":{"@type":"ImageObject","inLanguage":"fr-FR","@id":"https:\/\/kleinmetals.kreativloft.ch\/fr\/#\/schema\/logo\/image\/","url":"https:\/\/kleinmetals.kreativloft.ch\/wp-content\/uploads\/L-Klein-SA-Logo.svg","contentUrl":"https:\/\/kleinmetals.kreativloft.ch\/wp-content\/uploads\/L-Klein-SA-Logo.svg","width":275,"height":86,"caption":"L.Klein SA"},"image":{"@id":"https:\/\/kleinmetals.kreativloft.ch\/fr\/#\/schema\/logo\/image\/"},"sameAs":["https:\/\/www.linkedin.com\/company\/l.-klein-sa\/"]}]}},"_links":{"self":[{"href":"https:\/\/kleinmetals.kreativloft.ch\/fr\/wp-json\/wp\/v2\/product\/190532","targetHints":{"allow":["GET"]}}],"collection":[{"href":"https:\/\/kleinmetals.kreativloft.ch\/fr\/wp-json\/wp\/v2\/product"}],"about":[{"href":"https:\/\/kleinmetals.kreativloft.ch\/fr\/wp-json\/wp\/v2\/types\/product"}],"wp:featuredmedia":[{"embeddable":true,"href":"https:\/\/kleinmetals.kreativloft.ch\/fr\/wp-json\/wp\/v2\/media\/184212"}],"wp:attachment":[{"href":"https:\/\/kleinmetals.kreativloft.ch\/fr\/wp-json\/wp\/v2\/media?parent=190532"}],"wp:term":[{"taxonomy":"product_cat","embeddable":true,"href":"https:\/\/kleinmetals.kreativloft.ch\/fr\/wp-json\/wp\/v2\/product_cat?post=190532"},{"taxonomy":"product_tag","embeddable":true,"href":"https:\/\/kleinmetals.kreativloft.ch\/fr\/wp-json\/wp\/v2\/product_tag?post=190532"}],"curies":[{"name":"wp","href":"https:\/\/api.w.org\/{rel}","templated":true}]}}