{"id":190573,"date":"2024-03-26T11:01:43","date_gmt":"2024-03-26T10:01:43","guid":{"rendered":"https:\/\/kleinmetals.kreativloft.ch\/?post_type=product&#038;p=190573"},"modified":"2024-03-28T10:51:06","modified_gmt":"2024-03-28T09:51:06","slug":"chronifer-m-15-x","status":"publish","type":"product","link":"https:\/\/kleinmetals.kreativloft.ch\/fr\/produkt\/chronifer-m-15-x\/","title":{"rendered":"CHRONIFER M-15 X"},"content":{"rendered":"<table border=\"0\" width=\"100%\" cellspacing=\"0\" cellpadding=\"0\">\n<tbody>\n<tr>\n<td><strong>R\u00e9sum\u00e9<\/strong><\/td>\n<td><\/td>\n<\/tr>\n<tr>\n<td><\/td>\n<td><\/td>\n<\/tr>\n<tr>\n<td>D\u00e9signation Klein:<\/td>\n<td>CHRONIFER M-15 X<\/td>\n<\/tr>\n<tr>\n<td valign=\"top\">Classe de m\u00e9taux:<\/td>\n<td>Acier inoxydable martensitique<br \/>\ntrempable avec addition de N<\/td>\n<\/tr>\n<tr>\n<td>Num\u00e9ro mati\u00e8re:<\/td>\n<td>1.4057<\/td>\n<\/tr>\n<tr>\n<td>Norme DIN:<\/td>\n<td>X 17 CrNi 16-2<\/td>\n<\/tr>\n<tr>\n<td valign=\"top\">\u00c9laboration:<\/td>\n<td>VIM<br \/>\n+ Micro-Melt\u00aem\u00e9tallurgie des poudres<\/td>\n<\/tr>\n<tr>\n<td>Usinabilit\u00e9:<\/td>\n<td>de passable \u00e0 satisfaisante<\/td>\n<\/tr>\n<tr>\n<td>Capacit\u00e9 de durcissement:<\/td>\n<td>jusqu\u2019\u00e0 52-55 HRc<\/td>\n<\/tr>\n<tr>\n<td valign=\"top\">Aptitude au polissage:<\/td>\n<td>tr\u00e8s bien adapt\u00e9 au polissage<br \/>\nsp\u00e9culaire<\/td>\n<\/tr>\n<tr>\n<td valign=\"top\">R\u00e9sistance \u00e0 la corrosion:<\/td>\n<td>de satisfaisante \u00e0 bonne \u00e0 l\u2019\u00e9tat durci,<br \/>\npoli et passiv\u00e9<\/td>\n<\/tr>\n<tr>\n<td>Magn\u00e9tisme:<\/td>\n<td>magn\u00e9tique<\/td>\n<\/tr>\n<tr>\n<td valign=\"top\">Utilisations:<\/td>\n<td>instruments m\u00e9dicaux, chirurgicaux et<br \/>\ndentaires<\/td>\n<\/tr>\n<\/tbody>\n<\/table>\n<p>&nbsp;<\/p>\n","protected":false},"excerpt":{"rendered":"<p>R\u00e9sum\u00e9 D\u00e9signation Klein: CHRONIFER M-15 X Classe de m\u00e9taux: Acier inoxydable martensitique trempable avec addition de N Num\u00e9ro mati\u00e8re: [&hellip;]<\/p>\n","protected":false},"featured_media":184256,"template":"","meta":{"_acf_changed":false,"inline_featured_image":false},"product_cat":[9749,9754,9755,9756,9751,9773,842,9757],"product_tag":[],"class_list":{"0":"post-190573","1":"product","2":"type-product","3":"status-publish","4":"has-post-thumbnail","6":"product_cat-acier-inoxydable-2","7":"product_cat-acier-medical-2","8":"product_cat-instruments-acier-medical-2","9":"product_cat-martensitique-acier-inoxydable-2","10":"product_cat-materiaux-horlogerie-2","11":"product_cat-outils-a-couper-acier-medical-2","12":"product_cat-outils-a-couper","13":"product_cat-trempable-inoxydable-materiaux-horlogerie-2","14":"pa_ausfuehrung-etire","15":"pa_ausfuehrung-gewalzt-fr","16":"pa_ausfuehrung-lamine","17":"pa_ausfuehrung-meule","18":"pa_ausfuehrung-poudre","19":"pa_ausfuehrung-2-barres-2m","20":"pa_ausfuehrung-2-barres-3m","21":"pa_ausfuehrung-2-poudre","22":"pa_ausfuehrung-2-torche","23":"pa_durchmesser-0-000-2","24":"pa_durchmesser-0-250-2","25":"pa_durchmesser-0-400-2","26":"pa_durchmesser-0-800-2","27":"pa_durchmesser-1-000-2","28":"pa_durchmesser-1-100-2","29":"pa_durchmesser-1-150-3","30":"pa_durchmesser-1-200-3","31":"pa_durchmesser-1-300-3","32":"pa_durchmesser-1-400-2","33":"pa_durchmesser-1-500-3","34":"pa_durchmesser-1-570-3","35":"pa_durchmesser-1-600-3","36":"pa_durchmesser-1-650-3","37":"pa_durchmesser-1-700-3","38":"pa_durchmesser-1-750-3","39":"pa_durchmesser-1-800-3","40":"pa_durchmesser-10-000-3","41":"pa_durchmesser-10-200-3","42":"pa_durchmesser-11-000-3","43":"pa_durchmesser-11-500-2","44":"pa_durchmesser-12-000-2","45":"pa_durchmesser-12-200-3","46":"pa_durchmesser-13-000-3","47":"pa_durchmesser-13-200-3","48":"pa_durchmesser-14-000-3","49":"pa_durchmesser-15-000-2","50":"pa_durchmesser-15-870-3","51":"pa_durchmesser-16-000-3","52":"pa_durchmesser-17-000-3","53":"pa_durchmesser-17-200-2","54":"pa_durchmesser-18-000-3","55":"pa_durchmesser-2-000-3","56":"pa_durchmesser-2-100-3","57":"pa_durchmesser-2-200-3","58":"pa_durchmesser-2-350-3","59":"pa_durchmesser-2-400-2","60":"pa_durchmesser-2-500-3","61":"pa_durchmesser-2-650-2","62":"pa_durchmesser-2-700-2","63":"pa_durchmesser-2-800-2","64":"pa_durchmesser-20-000-2","65":"pa_durchmesser-21-000-3","66":"pa_durchmesser-25-400-3","67":"pa_durchmesser-28-000-3","68":"pa_durchmesser-3-000-3","69":"pa_durchmesser-3-100-3","70":"pa_durchmesser-3-200-3","71":"pa_durchmesser-3-500-2","72":"pa_durchmesser-3-600-2","73":"pa_durchmesser-30-000-3","74":"pa_durchmesser-31-750-3","75":"pa_durchmesser-4-000-2","76":"pa_durchmesser-4-200-3","77":"pa_durchmesser-4-500-2","78":"pa_durchmesser-4-600-2","79":"pa_durchmesser-4-800-2","80":"pa_durchmesser-5-000-2","81":"pa_durchmesser-5-100-2","82":"pa_durchmesser-5-200-2","83":"pa_durchmesser-5-500-2","84":"pa_durchmesser-5-600-2","85":"pa_durchmesser-6-000-2","86":"pa_durchmesser-6-100-2","87":"pa_durchmesser-6-200-3","88":"pa_durchmesser-6-350-2","89":"pa_durchmesser-6-500-2","90":"pa_durchmesser-7-000-2","91":"pa_durchmesser-7-100-2","92":"pa_durchmesser-8-000-2","93":"pa_durchmesser-8-100-3","94":"pa_durchmesser-8-200-2","95":"pa_durchmesser-9-000-3","96":"pa_durchmesser-9-100-2","97":"pa_toleranz-fg-6-fr","98":"pa_toleranz-fg-7-fr","99":"pa_toleranz-h-5-fr","100":"pa_toleranz-h-6-fr","101":"pa_toleranz-h-7-fr","102":"pa_toleranz-h-8-fr","103":"pa_toleranz-h-9-fr","104":"pa_toleranz-spec","106":"first","107":"instock","108":"purchasable","109":"product-type-variable"},"acf":[],"yoast_head":"<!-- This site is optimized with the Yoast SEO plugin v24.0 - https:\/\/yoast.com\/wordpress\/plugins\/seo\/ -->\n<title>CHRONIFER M-15 X - L.Klein SA - Premium Steel and Metals<\/title>\n<meta name=\"robots\" content=\"noindex, follow, max-snippet:-1, max-image-preview:large, max-video-preview:-1\" \/>\n<meta property=\"og:locale\" content=\"fr_FR\" \/>\n<meta property=\"og:type\" content=\"article\" \/>\n<meta property=\"og:title\" content=\"CHRONIFER M-15 X - L.Klein SA - Premium Steel and Metals\" \/>\n<meta property=\"og:description\" content=\"R\u00e9sum\u00e9 D\u00e9signation Klein: CHRONIFER M-15 X Classe de m\u00e9taux: Acier inoxydable martensitique trempable avec addition de N Num\u00e9ro mati\u00e8re: [&hellip;]\" \/>\n<meta property=\"og:url\" content=\"https:\/\/kleinmetals.kreativloft.ch\/fr\/produkt\/chronifer-m-15-x\/\" \/>\n<meta property=\"og:site_name\" content=\"L.Klein SA - Premium Steel and Metals\" \/>\n<meta property=\"article:modified_time\" content=\"2024-03-28T09:51:06+00:00\" \/>\n<meta property=\"og:image\" content=\"https:\/\/kleinmetals.kreativloft.ch\/wp-content\/uploads\/455-1-1.png\" \/>\n\t<meta property=\"og:image:width\" content=\"1000\" \/>\n\t<meta property=\"og:image:height\" content=\"1000\" \/>\n\t<meta property=\"og:image:type\" content=\"image\/png\" \/>\n<script type=\"application\/ld+json\" class=\"yoast-schema-graph\">{\"@context\":\"https:\/\/schema.org\",\"@graph\":[{\"@type\":\"WebPage\",\"@id\":\"https:\/\/kleinmetals.kreativloft.ch\/fr\/produkt\/chronifer-m-15-x\/\",\"url\":\"https:\/\/kleinmetals.kreativloft.ch\/fr\/produkt\/chronifer-m-15-x\/\",\"name\":\"CHRONIFER M-15 X - L.Klein SA - Premium Steel and Metals\",\"isPartOf\":{\"@id\":\"https:\/\/kleinmetals.kreativloft.ch\/fr\/#website\"},\"primaryImageOfPage\":{\"@id\":\"https:\/\/kleinmetals.kreativloft.ch\/fr\/produkt\/chronifer-m-15-x\/#primaryimage\"},\"image\":{\"@id\":\"https:\/\/kleinmetals.kreativloft.ch\/fr\/produkt\/chronifer-m-15-x\/#primaryimage\"},\"thumbnailUrl\":\"https:\/\/kleinmetals.kreativloft.ch\/wp-content\/uploads\/455-1-1.png\",\"datePublished\":\"2024-03-26T10:01:43+00:00\",\"dateModified\":\"2024-03-28T09:51:06+00:00\",\"breadcrumb\":{\"@id\":\"https:\/\/kleinmetals.kreativloft.ch\/fr\/produkt\/chronifer-m-15-x\/#breadcrumb\"},\"inLanguage\":\"fr-FR\",\"potentialAction\":[{\"@type\":\"ReadAction\",\"target\":[\"https:\/\/kleinmetals.kreativloft.ch\/fr\/produkt\/chronifer-m-15-x\/\"]}]},{\"@type\":\"ImageObject\",\"inLanguage\":\"fr-FR\",\"@id\":\"https:\/\/kleinmetals.kreativloft.ch\/fr\/produkt\/chronifer-m-15-x\/#primaryimage\",\"url\":\"https:\/\/kleinmetals.kreativloft.ch\/wp-content\/uploads\/455-1-1.png\",\"contentUrl\":\"https:\/\/kleinmetals.kreativloft.ch\/wp-content\/uploads\/455-1-1.png\",\"width\":1000,\"height\":1000},{\"@type\":\"BreadcrumbList\",\"@id\":\"https:\/\/kleinmetals.kreativloft.ch\/fr\/produkt\/chronifer-m-15-x\/#breadcrumb\",\"itemListElement\":[{\"@type\":\"ListItem\",\"position\":1,\"name\":\"Startseite\",\"item\":\"https:\/\/kleinmetals.kreativloft.ch\/fr\/\"},{\"@type\":\"ListItem\",\"position\":2,\"name\":\"Produits\",\"item\":\"https:\/\/kleinmetals.kreativloft.ch\/fr\/produits\/\"},{\"@type\":\"ListItem\",\"position\":3,\"name\":\"CHRONIFER M-15 X\"}]},{\"@type\":\"WebSite\",\"@id\":\"https:\/\/kleinmetals.kreativloft.ch\/fr\/#website\",\"url\":\"https:\/\/kleinmetals.kreativloft.ch\/fr\/\",\"name\":\"L.Klein AG Edelstaehle und Metalle\",\"description\":\"Handel mit hochwertigen Edelst\u00e4hlen und metallischen Rohstoffen\",\"publisher\":{\"@id\":\"https:\/\/kleinmetals.kreativloft.ch\/fr\/#organization\"},\"potentialAction\":[{\"@type\":\"SearchAction\",\"target\":{\"@type\":\"EntryPoint\",\"urlTemplate\":\"https:\/\/kleinmetals.kreativloft.ch\/fr\/?s={search_term_string}\"},\"query-input\":{\"@type\":\"PropertyValueSpecification\",\"valueRequired\":true,\"valueName\":\"search_term_string\"}}],\"inLanguage\":\"fr-FR\"},{\"@type\":\"Organization\",\"@id\":\"https:\/\/kleinmetals.kreativloft.ch\/fr\/#organization\",\"name\":\"L.Klein SA\",\"url\":\"https:\/\/kleinmetals.kreativloft.ch\/fr\/\",\"logo\":{\"@type\":\"ImageObject\",\"inLanguage\":\"fr-FR\",\"@id\":\"https:\/\/kleinmetals.kreativloft.ch\/fr\/#\/schema\/logo\/image\/\",\"url\":\"https:\/\/kleinmetals.kreativloft.ch\/wp-content\/uploads\/L-Klein-SA-Logo.svg\",\"contentUrl\":\"https:\/\/kleinmetals.kreativloft.ch\/wp-content\/uploads\/L-Klein-SA-Logo.svg\",\"width\":275,\"height\":86,\"caption\":\"L.Klein SA\"},\"image\":{\"@id\":\"https:\/\/kleinmetals.kreativloft.ch\/fr\/#\/schema\/logo\/image\/\"},\"sameAs\":[\"https:\/\/www.linkedin.com\/company\/l.-klein-sa\/\"]}]}<\/script>\n<!-- \/ Yoast SEO plugin. -->","yoast_head_json":{"title":"CHRONIFER M-15 X - L.Klein SA - Premium Steel and Metals","robots":{"index":"noindex","follow":"follow","max-snippet":"max-snippet:-1","max-image-preview":"max-image-preview:large","max-video-preview":"max-video-preview:-1"},"og_locale":"fr_FR","og_type":"article","og_title":"CHRONIFER M-15 X - L.Klein SA - Premium Steel and Metals","og_description":"R\u00e9sum\u00e9 D\u00e9signation Klein: CHRONIFER M-15 X Classe de m\u00e9taux: Acier inoxydable martensitique trempable avec addition de N Num\u00e9ro mati\u00e8re: [&hellip;]","og_url":"https:\/\/kleinmetals.kreativloft.ch\/fr\/produkt\/chronifer-m-15-x\/","og_site_name":"L.Klein SA - Premium Steel and Metals","article_modified_time":"2024-03-28T09:51:06+00:00","og_image":[{"width":1000,"height":1000,"url":"https:\/\/kleinmetals.kreativloft.ch\/wp-content\/uploads\/455-1-1.png","type":"image\/png"}],"schema":{"@context":"https:\/\/schema.org","@graph":[{"@type":"WebPage","@id":"https:\/\/kleinmetals.kreativloft.ch\/fr\/produkt\/chronifer-m-15-x\/","url":"https:\/\/kleinmetals.kreativloft.ch\/fr\/produkt\/chronifer-m-15-x\/","name":"CHRONIFER M-15 X - L.Klein SA - Premium Steel and Metals","isPartOf":{"@id":"https:\/\/kleinmetals.kreativloft.ch\/fr\/#website"},"primaryImageOfPage":{"@id":"https:\/\/kleinmetals.kreativloft.ch\/fr\/produkt\/chronifer-m-15-x\/#primaryimage"},"image":{"@id":"https:\/\/kleinmetals.kreativloft.ch\/fr\/produkt\/chronifer-m-15-x\/#primaryimage"},"thumbnailUrl":"https:\/\/kleinmetals.kreativloft.ch\/wp-content\/uploads\/455-1-1.png","datePublished":"2024-03-26T10:01:43+00:00","dateModified":"2024-03-28T09:51:06+00:00","breadcrumb":{"@id":"https:\/\/kleinmetals.kreativloft.ch\/fr\/produkt\/chronifer-m-15-x\/#breadcrumb"},"inLanguage":"fr-FR","potentialAction":[{"@type":"ReadAction","target":["https:\/\/kleinmetals.kreativloft.ch\/fr\/produkt\/chronifer-m-15-x\/"]}]},{"@type":"ImageObject","inLanguage":"fr-FR","@id":"https:\/\/kleinmetals.kreativloft.ch\/fr\/produkt\/chronifer-m-15-x\/#primaryimage","url":"https:\/\/kleinmetals.kreativloft.ch\/wp-content\/uploads\/455-1-1.png","contentUrl":"https:\/\/kleinmetals.kreativloft.ch\/wp-content\/uploads\/455-1-1.png","width":1000,"height":1000},{"@type":"BreadcrumbList","@id":"https:\/\/kleinmetals.kreativloft.ch\/fr\/produkt\/chronifer-m-15-x\/#breadcrumb","itemListElement":[{"@type":"ListItem","position":1,"name":"Startseite","item":"https:\/\/kleinmetals.kreativloft.ch\/fr\/"},{"@type":"ListItem","position":2,"name":"Produits","item":"https:\/\/kleinmetals.kreativloft.ch\/fr\/produits\/"},{"@type":"ListItem","position":3,"name":"CHRONIFER M-15 X"}]},{"@type":"WebSite","@id":"https:\/\/kleinmetals.kreativloft.ch\/fr\/#website","url":"https:\/\/kleinmetals.kreativloft.ch\/fr\/","name":"L.Klein AG Edelstaehle und Metalle","description":"Handel mit hochwertigen Edelst\u00e4hlen und metallischen Rohstoffen","publisher":{"@id":"https:\/\/kleinmetals.kreativloft.ch\/fr\/#organization"},"potentialAction":[{"@type":"SearchAction","target":{"@type":"EntryPoint","urlTemplate":"https:\/\/kleinmetals.kreativloft.ch\/fr\/?s={search_term_string}"},"query-input":{"@type":"PropertyValueSpecification","valueRequired":true,"valueName":"search_term_string"}}],"inLanguage":"fr-FR"},{"@type":"Organization","@id":"https:\/\/kleinmetals.kreativloft.ch\/fr\/#organization","name":"L.Klein SA","url":"https:\/\/kleinmetals.kreativloft.ch\/fr\/","logo":{"@type":"ImageObject","inLanguage":"fr-FR","@id":"https:\/\/kleinmetals.kreativloft.ch\/fr\/#\/schema\/logo\/image\/","url":"https:\/\/kleinmetals.kreativloft.ch\/wp-content\/uploads\/L-Klein-SA-Logo.svg","contentUrl":"https:\/\/kleinmetals.kreativloft.ch\/wp-content\/uploads\/L-Klein-SA-Logo.svg","width":275,"height":86,"caption":"L.Klein SA"},"image":{"@id":"https:\/\/kleinmetals.kreativloft.ch\/fr\/#\/schema\/logo\/image\/"},"sameAs":["https:\/\/www.linkedin.com\/company\/l.-klein-sa\/"]}]}},"_links":{"self":[{"href":"https:\/\/kleinmetals.kreativloft.ch\/fr\/wp-json\/wp\/v2\/product\/190573","targetHints":{"allow":["GET"]}}],"collection":[{"href":"https:\/\/kleinmetals.kreativloft.ch\/fr\/wp-json\/wp\/v2\/product"}],"about":[{"href":"https:\/\/kleinmetals.kreativloft.ch\/fr\/wp-json\/wp\/v2\/types\/product"}],"wp:featuredmedia":[{"embeddable":true,"href":"https:\/\/kleinmetals.kreativloft.ch\/fr\/wp-json\/wp\/v2\/media\/184256"}],"wp:attachment":[{"href":"https:\/\/kleinmetals.kreativloft.ch\/fr\/wp-json\/wp\/v2\/media?parent=190573"}],"wp:term":[{"taxonomy":"product_cat","embeddable":true,"href":"https:\/\/kleinmetals.kreativloft.ch\/fr\/wp-json\/wp\/v2\/product_cat?post=190573"},{"taxonomy":"product_tag","embeddable":true,"href":"https:\/\/kleinmetals.kreativloft.ch\/fr\/wp-json\/wp\/v2\/product_tag?post=190573"}],"curies":[{"name":"wp","href":"https:\/\/api.w.org\/{rel}","templated":true}]}}