{"id":191446,"date":"2024-03-26T11:21:57","date_gmt":"2024-03-26T10:21:57","guid":{"rendered":"https:\/\/kleinmetals.kreativloft.ch\/?post_type=product&#038;p=191446"},"modified":"2024-03-28T10:51:40","modified_gmt":"2024-03-28T09:51:40","slug":"aisi-316-l-decolletage-proj-70","status":"publish","type":"product","link":"https:\/\/kleinmetals.kreativloft.ch\/fr\/produkt\/aisi-316-l-decolletage-proj-70\/","title":{"rendered":"AISI 316 L DECOLLETAGE Proj. 70+"},"content":{"rendered":"<p><strong>R\u00e9sum\u00e9<\/strong><\/p>\n<table border=\"0\" width=\"100%\" cellspacing=\"0\" cellpadding=\"0\">\n<tbody>\n<tr>\n<td>D\u00e9nomination Klein:<\/td>\n<td>AISI 316 L DECOLLETAGE Proj. 70+<\/td>\n<\/tr>\n<tr>\n<td valign=\"top\">Classe de m\u00e9taux:<\/td>\n<td><\/td>\n<\/tr>\n<tr>\n<td valign=\"top\">Num\u00e9ro mati\u00e8re:<\/td>\n<td><\/td>\n<\/tr>\n<tr>\n<td>Norme EN:<\/td>\n<td><\/td>\n<\/tr>\n<tr>\n<td>RoHS 2 \u2013 2011\/65\/EU:<\/td>\n<td><\/td>\n<\/tr>\n<tr>\n<td>Usinabilit\u00e9:<\/td>\n<td><\/td>\n<\/tr>\n<tr>\n<td>Capacit\u00e9 de durcissement:<\/td>\n<td><\/td>\n<\/tr>\n<tr>\n<td valign=\"top\">Formage:<\/td>\n<td><\/td>\n<\/tr>\n<tr>\n<td valign=\"top\">Ecrouissage:<\/td>\n<td><\/td>\n<\/tr>\n<tr>\n<td valign=\"top\">Aptitude au polissage:<\/td>\n<td><\/td>\n<\/tr>\n<tr>\n<td>Magn\u00e9tisme:<\/td>\n<td><\/td>\n<\/tr>\n<tr>\n<td valign=\"top\">R\u00e9sistance \u00e0 la corrosion:<\/td>\n<td><\/td>\n<\/tr>\n<tr>\n<td valign=\"top\">Utilisations:<\/td>\n<td><\/td>\n<\/tr>\n<\/tbody>\n<\/table>\n","protected":false},"excerpt":{"rendered":"<p>R\u00e9sum\u00e9 D\u00e9nomination Klein: AISI 316 L DECOLLETAGE Proj. 70+ Classe de m\u00e9taux: Num\u00e9ro mati\u00e8re: Norme EN: RoHS 2 \u2013 [&hellip;]<\/p>\n","protected":false},"featured_media":185121,"template":"","meta":{"_acf_changed":false,"inline_featured_image":false},"product_cat":[808,9748,9750,9755,9752],"product_tag":[],"class_list":{"0":"post-191446","1":"product","2":"type-product","3":"status-publish","4":"has-post-thumbnail","6":"product_cat-acier-automates","7":"product_cat-acier-automates-2","8":"product_cat-austenitique-acier-inoxydable-2","9":"product_cat-instruments-acier-medical-2","10":"product_cat-resistant-a-la-corrosion-materiaux-horlogerie-2","11":"pa_ausfuehrung-meule","12":"pa_ausfuehrung-2-barres-3m","13":"pa_ausfuehrung-2-longueurs-spec","14":"pa_durchmesser-10-000-3","15":"pa_durchmesser-11-000-3","16":"pa_durchmesser-12-000-2","17":"pa_durchmesser-12-500-2","18":"pa_durchmesser-12-700-3","19":"pa_durchmesser-13-000-3","20":"pa_durchmesser-14-000-3","21":"pa_durchmesser-15-000-2","22":"pa_durchmesser-16-000-3","23":"pa_durchmesser-17-000-3","24":"pa_durchmesser-18-000-3","25":"pa_durchmesser-19-000-3","26":"pa_durchmesser-20-000-2","27":"pa_durchmesser-21-000-3","28":"pa_durchmesser-22-000-2","29":"pa_durchmesser-24-000-3","30":"pa_durchmesser-25-000-3","31":"pa_durchmesser-26-000-2","32":"pa_durchmesser-27-000-3","33":"pa_durchmesser-28-000-3","34":"pa_durchmesser-30-000-3","35":"pa_durchmesser-31-000-2","36":"pa_durchmesser-34-600-2","37":"pa_durchmesser-35-000-2","38":"pa_durchmesser-36-000-3","39":"pa_durchmesser-40-000-3","40":"pa_durchmesser-44-450-3","41":"pa_durchmesser-45-000-3","42":"pa_durchmesser-5-000-2","43":"pa_durchmesser-50-800-2","44":"pa_durchmesser-6-000-2","45":"pa_durchmesser-7-000-2","46":"pa_durchmesser-8-000-2","47":"pa_toleranz-h-6-fr","48":"pa_toleranz-h-7-fr","49":"pa_toleranz-h-8-fr","50":"pa_toleranz-spec-fr","51":"pa_toleranz-spec","53":"first","54":"instock","55":"purchasable","56":"product-type-variable"},"acf":[],"yoast_head":"<!-- This site is optimized with the Yoast SEO plugin v24.0 - https:\/\/yoast.com\/wordpress\/plugins\/seo\/ -->\n<title>AISI 316 L DECOLLETAGE Proj. 70+ - L.Klein SA - Premium Steel and Metals<\/title>\n<meta name=\"robots\" content=\"noindex, follow, max-snippet:-1, max-image-preview:large, max-video-preview:-1\" \/>\n<meta property=\"og:locale\" content=\"fr_FR\" \/>\n<meta property=\"og:type\" content=\"article\" \/>\n<meta property=\"og:title\" content=\"AISI 316 L DECOLLETAGE Proj. 70+ - L.Klein SA - Premium Steel and Metals\" \/>\n<meta property=\"og:description\" content=\"R\u00e9sum\u00e9 D\u00e9nomination Klein: AISI 316 L DECOLLETAGE Proj. 70+ Classe de m\u00e9taux: Num\u00e9ro mati\u00e8re: Norme EN: RoHS 2 \u2013 [&hellip;]\" \/>\n<meta property=\"og:url\" content=\"https:\/\/kleinmetals.kreativloft.ch\/fr\/produkt\/aisi-316-l-decolletage-proj-70\/\" \/>\n<meta property=\"og:site_name\" content=\"L.Klein SA - Premium Steel and Metals\" \/>\n<meta property=\"article:modified_time\" content=\"2024-03-28T09:51:40+00:00\" \/>\n<meta property=\"og:image\" content=\"https:\/\/kleinmetals.kreativloft.ch\/wp-content\/uploads\/550-1.png\" \/>\n\t<meta property=\"og:image:width\" content=\"1000\" \/>\n\t<meta property=\"og:image:height\" content=\"1000\" \/>\n\t<meta property=\"og:image:type\" content=\"image\/png\" \/>\n<script type=\"application\/ld+json\" class=\"yoast-schema-graph\">{\"@context\":\"https:\/\/schema.org\",\"@graph\":[{\"@type\":\"WebPage\",\"@id\":\"https:\/\/kleinmetals.kreativloft.ch\/fr\/produkt\/aisi-316-l-decolletage-proj-70\/\",\"url\":\"https:\/\/kleinmetals.kreativloft.ch\/fr\/produkt\/aisi-316-l-decolletage-proj-70\/\",\"name\":\"AISI 316 L DECOLLETAGE Proj. 70+ - L.Klein SA - Premium Steel and Metals\",\"isPartOf\":{\"@id\":\"https:\/\/kleinmetals.kreativloft.ch\/fr\/#website\"},\"primaryImageOfPage\":{\"@id\":\"https:\/\/kleinmetals.kreativloft.ch\/fr\/produkt\/aisi-316-l-decolletage-proj-70\/#primaryimage\"},\"image\":{\"@id\":\"https:\/\/kleinmetals.kreativloft.ch\/fr\/produkt\/aisi-316-l-decolletage-proj-70\/#primaryimage\"},\"thumbnailUrl\":\"https:\/\/kleinmetals.kreativloft.ch\/wp-content\/uploads\/550-1.png\",\"datePublished\":\"2024-03-26T10:21:57+00:00\",\"dateModified\":\"2024-03-28T09:51:40+00:00\",\"breadcrumb\":{\"@id\":\"https:\/\/kleinmetals.kreativloft.ch\/fr\/produkt\/aisi-316-l-decolletage-proj-70\/#breadcrumb\"},\"inLanguage\":\"fr-FR\",\"potentialAction\":[{\"@type\":\"ReadAction\",\"target\":[\"https:\/\/kleinmetals.kreativloft.ch\/fr\/produkt\/aisi-316-l-decolletage-proj-70\/\"]}]},{\"@type\":\"ImageObject\",\"inLanguage\":\"fr-FR\",\"@id\":\"https:\/\/kleinmetals.kreativloft.ch\/fr\/produkt\/aisi-316-l-decolletage-proj-70\/#primaryimage\",\"url\":\"https:\/\/kleinmetals.kreativloft.ch\/wp-content\/uploads\/550-1.png\",\"contentUrl\":\"https:\/\/kleinmetals.kreativloft.ch\/wp-content\/uploads\/550-1.png\",\"width\":1000,\"height\":1000},{\"@type\":\"BreadcrumbList\",\"@id\":\"https:\/\/kleinmetals.kreativloft.ch\/fr\/produkt\/aisi-316-l-decolletage-proj-70\/#breadcrumb\",\"itemListElement\":[{\"@type\":\"ListItem\",\"position\":1,\"name\":\"Startseite\",\"item\":\"https:\/\/kleinmetals.kreativloft.ch\/fr\/\"},{\"@type\":\"ListItem\",\"position\":2,\"name\":\"Produits\",\"item\":\"https:\/\/kleinmetals.kreativloft.ch\/fr\/produits\/\"},{\"@type\":\"ListItem\",\"position\":3,\"name\":\"AISI 316 L DECOLLETAGE Proj. 70+\"}]},{\"@type\":\"WebSite\",\"@id\":\"https:\/\/kleinmetals.kreativloft.ch\/fr\/#website\",\"url\":\"https:\/\/kleinmetals.kreativloft.ch\/fr\/\",\"name\":\"L.Klein AG Edelstaehle und Metalle\",\"description\":\"Handel mit hochwertigen Edelst\u00e4hlen und metallischen Rohstoffen\",\"publisher\":{\"@id\":\"https:\/\/kleinmetals.kreativloft.ch\/fr\/#organization\"},\"potentialAction\":[{\"@type\":\"SearchAction\",\"target\":{\"@type\":\"EntryPoint\",\"urlTemplate\":\"https:\/\/kleinmetals.kreativloft.ch\/fr\/?s={search_term_string}\"},\"query-input\":{\"@type\":\"PropertyValueSpecification\",\"valueRequired\":true,\"valueName\":\"search_term_string\"}}],\"inLanguage\":\"fr-FR\"},{\"@type\":\"Organization\",\"@id\":\"https:\/\/kleinmetals.kreativloft.ch\/fr\/#organization\",\"name\":\"L.Klein SA\",\"url\":\"https:\/\/kleinmetals.kreativloft.ch\/fr\/\",\"logo\":{\"@type\":\"ImageObject\",\"inLanguage\":\"fr-FR\",\"@id\":\"https:\/\/kleinmetals.kreativloft.ch\/fr\/#\/schema\/logo\/image\/\",\"url\":\"https:\/\/kleinmetals.kreativloft.ch\/wp-content\/uploads\/L-Klein-SA-Logo.svg\",\"contentUrl\":\"https:\/\/kleinmetals.kreativloft.ch\/wp-content\/uploads\/L-Klein-SA-Logo.svg\",\"width\":275,\"height\":86,\"caption\":\"L.Klein SA\"},\"image\":{\"@id\":\"https:\/\/kleinmetals.kreativloft.ch\/fr\/#\/schema\/logo\/image\/\"},\"sameAs\":[\"https:\/\/www.linkedin.com\/company\/l.-klein-sa\/\"]}]}<\/script>\n<!-- \/ Yoast SEO plugin. -->","yoast_head_json":{"title":"AISI 316 L DECOLLETAGE Proj. 70+ - L.Klein SA - Premium Steel and Metals","robots":{"index":"noindex","follow":"follow","max-snippet":"max-snippet:-1","max-image-preview":"max-image-preview:large","max-video-preview":"max-video-preview:-1"},"og_locale":"fr_FR","og_type":"article","og_title":"AISI 316 L DECOLLETAGE Proj. 70+ - L.Klein SA - Premium Steel and Metals","og_description":"R\u00e9sum\u00e9 D\u00e9nomination Klein: AISI 316 L DECOLLETAGE Proj. 70+ Classe de m\u00e9taux: Num\u00e9ro mati\u00e8re: Norme EN: RoHS 2 \u2013 [&hellip;]","og_url":"https:\/\/kleinmetals.kreativloft.ch\/fr\/produkt\/aisi-316-l-decolletage-proj-70\/","og_site_name":"L.Klein SA - Premium Steel and Metals","article_modified_time":"2024-03-28T09:51:40+00:00","og_image":[{"width":1000,"height":1000,"url":"https:\/\/kleinmetals.kreativloft.ch\/wp-content\/uploads\/550-1.png","type":"image\/png"}],"schema":{"@context":"https:\/\/schema.org","@graph":[{"@type":"WebPage","@id":"https:\/\/kleinmetals.kreativloft.ch\/fr\/produkt\/aisi-316-l-decolletage-proj-70\/","url":"https:\/\/kleinmetals.kreativloft.ch\/fr\/produkt\/aisi-316-l-decolletage-proj-70\/","name":"AISI 316 L DECOLLETAGE Proj. 70+ - L.Klein SA - Premium Steel and Metals","isPartOf":{"@id":"https:\/\/kleinmetals.kreativloft.ch\/fr\/#website"},"primaryImageOfPage":{"@id":"https:\/\/kleinmetals.kreativloft.ch\/fr\/produkt\/aisi-316-l-decolletage-proj-70\/#primaryimage"},"image":{"@id":"https:\/\/kleinmetals.kreativloft.ch\/fr\/produkt\/aisi-316-l-decolletage-proj-70\/#primaryimage"},"thumbnailUrl":"https:\/\/kleinmetals.kreativloft.ch\/wp-content\/uploads\/550-1.png","datePublished":"2024-03-26T10:21:57+00:00","dateModified":"2024-03-28T09:51:40+00:00","breadcrumb":{"@id":"https:\/\/kleinmetals.kreativloft.ch\/fr\/produkt\/aisi-316-l-decolletage-proj-70\/#breadcrumb"},"inLanguage":"fr-FR","potentialAction":[{"@type":"ReadAction","target":["https:\/\/kleinmetals.kreativloft.ch\/fr\/produkt\/aisi-316-l-decolletage-proj-70\/"]}]},{"@type":"ImageObject","inLanguage":"fr-FR","@id":"https:\/\/kleinmetals.kreativloft.ch\/fr\/produkt\/aisi-316-l-decolletage-proj-70\/#primaryimage","url":"https:\/\/kleinmetals.kreativloft.ch\/wp-content\/uploads\/550-1.png","contentUrl":"https:\/\/kleinmetals.kreativloft.ch\/wp-content\/uploads\/550-1.png","width":1000,"height":1000},{"@type":"BreadcrumbList","@id":"https:\/\/kleinmetals.kreativloft.ch\/fr\/produkt\/aisi-316-l-decolletage-proj-70\/#breadcrumb","itemListElement":[{"@type":"ListItem","position":1,"name":"Startseite","item":"https:\/\/kleinmetals.kreativloft.ch\/fr\/"},{"@type":"ListItem","position":2,"name":"Produits","item":"https:\/\/kleinmetals.kreativloft.ch\/fr\/produits\/"},{"@type":"ListItem","position":3,"name":"AISI 316 L DECOLLETAGE Proj. 70+"}]},{"@type":"WebSite","@id":"https:\/\/kleinmetals.kreativloft.ch\/fr\/#website","url":"https:\/\/kleinmetals.kreativloft.ch\/fr\/","name":"L.Klein AG Edelstaehle und Metalle","description":"Handel mit hochwertigen Edelst\u00e4hlen und metallischen Rohstoffen","publisher":{"@id":"https:\/\/kleinmetals.kreativloft.ch\/fr\/#organization"},"potentialAction":[{"@type":"SearchAction","target":{"@type":"EntryPoint","urlTemplate":"https:\/\/kleinmetals.kreativloft.ch\/fr\/?s={search_term_string}"},"query-input":{"@type":"PropertyValueSpecification","valueRequired":true,"valueName":"search_term_string"}}],"inLanguage":"fr-FR"},{"@type":"Organization","@id":"https:\/\/kleinmetals.kreativloft.ch\/fr\/#organization","name":"L.Klein SA","url":"https:\/\/kleinmetals.kreativloft.ch\/fr\/","logo":{"@type":"ImageObject","inLanguage":"fr-FR","@id":"https:\/\/kleinmetals.kreativloft.ch\/fr\/#\/schema\/logo\/image\/","url":"https:\/\/kleinmetals.kreativloft.ch\/wp-content\/uploads\/L-Klein-SA-Logo.svg","contentUrl":"https:\/\/kleinmetals.kreativloft.ch\/wp-content\/uploads\/L-Klein-SA-Logo.svg","width":275,"height":86,"caption":"L.Klein SA"},"image":{"@id":"https:\/\/kleinmetals.kreativloft.ch\/fr\/#\/schema\/logo\/image\/"},"sameAs":["https:\/\/www.linkedin.com\/company\/l.-klein-sa\/"]}]}},"_links":{"self":[{"href":"https:\/\/kleinmetals.kreativloft.ch\/fr\/wp-json\/wp\/v2\/product\/191446","targetHints":{"allow":["GET"]}}],"collection":[{"href":"https:\/\/kleinmetals.kreativloft.ch\/fr\/wp-json\/wp\/v2\/product"}],"about":[{"href":"https:\/\/kleinmetals.kreativloft.ch\/fr\/wp-json\/wp\/v2\/types\/product"}],"wp:featuredmedia":[{"embeddable":true,"href":"https:\/\/kleinmetals.kreativloft.ch\/fr\/wp-json\/wp\/v2\/media\/185121"}],"wp:attachment":[{"href":"https:\/\/kleinmetals.kreativloft.ch\/fr\/wp-json\/wp\/v2\/media?parent=191446"}],"wp:term":[{"taxonomy":"product_cat","embeddable":true,"href":"https:\/\/kleinmetals.kreativloft.ch\/fr\/wp-json\/wp\/v2\/product_cat?post=191446"},{"taxonomy":"product_tag","embeddable":true,"href":"https:\/\/kleinmetals.kreativloft.ch\/fr\/wp-json\/wp\/v2\/product_tag?post=191446"}],"curies":[{"name":"wp","href":"https:\/\/api.w.org\/{rel}","templated":true}]}}