{"id":191954,"date":"2024-03-26T11:36:51","date_gmt":"2024-03-26T10:36:51","guid":{"rendered":"https:\/\/kleinmetals.kreativloft.ch\/?post_type=product&#038;p=191954"},"modified":"2024-03-28T10:51:47","modified_gmt":"2024-03-28T09:51:47","slug":"finemac","status":"publish","type":"product","link":"https:\/\/kleinmetals.kreativloft.ch\/fr\/produkt\/finemac\/","title":{"rendered":"Finemac"},"content":{"rendered":"<p><strong>R\u00e9sum\u00e9<\/strong><\/p>\n<table border=\"0\" width=\"100%\" cellspacing=\"0\" cellpadding=\"0\">\n<tbody>\n<tr>\n<td>D\u00e9nomination Klein:<\/td>\n<td>Finemac<\/td>\n<\/tr>\n<tr>\n<td valign=\"top\">Classe de m\u00e9taux:<\/td>\n<td><\/td>\n<\/tr>\n<tr>\n<td valign=\"top\">Num\u00e9ro mati\u00e8re:<\/td>\n<td><\/td>\n<\/tr>\n<tr>\n<td>Norme EN:<\/td>\n<td><\/td>\n<\/tr>\n<tr>\n<td>RoHS 2 \u2013 2011\/65\/EU:<\/td>\n<td><\/td>\n<\/tr>\n<tr>\n<td>Usinabilit\u00e9:<\/td>\n<td><\/td>\n<\/tr>\n<tr>\n<td>Capacit\u00e9 de durcissement:<\/td>\n<td><\/td>\n<\/tr>\n<tr>\n<td valign=\"top\">Formage:<\/td>\n<td><\/td>\n<\/tr>\n<tr>\n<td valign=\"top\">Ecrouissage:<\/td>\n<td><\/td>\n<\/tr>\n<tr>\n<td valign=\"top\">Aptitude au polissage:<\/td>\n<td><\/td>\n<\/tr>\n<tr>\n<td>Magn\u00e9tisme:<\/td>\n<td><\/td>\n<\/tr>\n<tr>\n<td valign=\"top\">R\u00e9sistance \u00e0 la corrosion:<\/td>\n<td><\/td>\n<\/tr>\n<tr>\n<td valign=\"top\">Utilisations:<\/td>\n<td><\/td>\n<\/tr>\n<\/tbody>\n<\/table>\n","protected":false},"excerpt":{"rendered":"<p>R\u00e9sum\u00e9 D\u00e9nomination Klein: Finemac Classe de m\u00e9taux: Num\u00e9ro mati\u00e8re: Norme EN: RoHS 2 \u2013 2011\/65\/EU: Usinabilit\u00e9: Capacit\u00e9 de durcissement: [&hellip;]<\/p>\n","protected":false},"featured_media":185664,"template":"","meta":{"_acf_changed":false,"inline_featured_image":false},"product_cat":[9769,9748,9761,9751,844,9775],"product_tag":[],"class_list":{"0":"post-191954","1":"product","2":"type-product","3":"status-publish","4":"has-post-thumbnail","6":"product_cat-acier-argent-2","7":"product_cat-acier-automates-2","8":"product_cat-acier-trempe-automates-2","9":"product_cat-materiaux-horlogerie-2","10":"product_cat-nouveaux-produits","11":"product_cat-nouveaux-produits-2","12":"pa_ausfuehrung-etire","13":"pa_ausfuehrung-meule","14":"pa_ausfuehrung-2-barres-2m","15":"pa_ausfuehrung-2-barres-3m","16":"pa_ausfuehrung-2-torche","17":"pa_durchmesser-0-402-2","18":"pa_durchmesser-0-500-3","19":"pa_durchmesser-1-000-2","20":"pa_durchmesser-11-000-3","21":"pa_durchmesser-2-000-3","22":"pa_durchmesser-2-500-3","23":"pa_durchmesser-3-000-3","24":"pa_durchmesser-3-500-2","25":"pa_durchmesser-4-000-2","26":"pa_durchmesser-5-000-2","27":"pa_durchmesser-5-500-2","28":"pa_durchmesser-6-000-2","29":"pa_durchmesser-6-500-2","30":"pa_durchmesser-7-000-2","31":"pa_durchmesser-8-000-2","32":"pa_durchmesser-8-500-2","33":"pa_durchmesser-9-000-3","34":"pa_toleranz-h-5-fr","35":"pa_toleranz-h-6-fr","36":"pa_toleranz-h-7-fr","37":"pa_toleranz-spec","39":"first","40":"instock","41":"purchasable","42":"product-type-variable"},"acf":[],"yoast_head":"<!-- This site is optimized with the Yoast SEO plugin v24.0 - https:\/\/yoast.com\/wordpress\/plugins\/seo\/ -->\n<title>Finemac - L.Klein SA - Premium Steel and Metals<\/title>\n<meta name=\"robots\" content=\"noindex, follow, max-snippet:-1, max-image-preview:large, max-video-preview:-1\" \/>\n<meta property=\"og:locale\" content=\"fr_FR\" \/>\n<meta property=\"og:type\" content=\"article\" \/>\n<meta property=\"og:title\" content=\"Finemac - L.Klein SA - Premium Steel and Metals\" \/>\n<meta property=\"og:description\" content=\"R\u00e9sum\u00e9 D\u00e9nomination Klein: Finemac Classe de m\u00e9taux: Num\u00e9ro mati\u00e8re: Norme EN: RoHS 2 \u2013 2011\/65\/EU: Usinabilit\u00e9: Capacit\u00e9 de durcissement: [&hellip;]\" \/>\n<meta property=\"og:url\" content=\"https:\/\/kleinmetals.kreativloft.ch\/fr\/produkt\/finemac\/\" \/>\n<meta property=\"og:site_name\" content=\"L.Klein SA - Premium Steel and Metals\" \/>\n<meta property=\"article:modified_time\" content=\"2024-03-28T09:51:47+00:00\" \/>\n<meta property=\"og:image\" content=\"https:\/\/kleinmetals.kreativloft.ch\/wp-content\/uploads\/104-2-1.png\" \/>\n\t<meta property=\"og:image:width\" content=\"1000\" \/>\n\t<meta property=\"og:image:height\" content=\"1000\" \/>\n\t<meta property=\"og:image:type\" content=\"image\/png\" \/>\n<script type=\"application\/ld+json\" class=\"yoast-schema-graph\">{\"@context\":\"https:\/\/schema.org\",\"@graph\":[{\"@type\":\"WebPage\",\"@id\":\"https:\/\/kleinmetals.kreativloft.ch\/fr\/produkt\/finemac\/\",\"url\":\"https:\/\/kleinmetals.kreativloft.ch\/fr\/produkt\/finemac\/\",\"name\":\"Finemac - L.Klein SA - Premium Steel and Metals\",\"isPartOf\":{\"@id\":\"https:\/\/kleinmetals.kreativloft.ch\/fr\/#website\"},\"primaryImageOfPage\":{\"@id\":\"https:\/\/kleinmetals.kreativloft.ch\/fr\/produkt\/finemac\/#primaryimage\"},\"image\":{\"@id\":\"https:\/\/kleinmetals.kreativloft.ch\/fr\/produkt\/finemac\/#primaryimage\"},\"thumbnailUrl\":\"https:\/\/kleinmetals.kreativloft.ch\/wp-content\/uploads\/104-2-1.png\",\"datePublished\":\"2024-03-26T10:36:51+00:00\",\"dateModified\":\"2024-03-28T09:51:47+00:00\",\"breadcrumb\":{\"@id\":\"https:\/\/kleinmetals.kreativloft.ch\/fr\/produkt\/finemac\/#breadcrumb\"},\"inLanguage\":\"fr-FR\",\"potentialAction\":[{\"@type\":\"ReadAction\",\"target\":[\"https:\/\/kleinmetals.kreativloft.ch\/fr\/produkt\/finemac\/\"]}]},{\"@type\":\"ImageObject\",\"inLanguage\":\"fr-FR\",\"@id\":\"https:\/\/kleinmetals.kreativloft.ch\/fr\/produkt\/finemac\/#primaryimage\",\"url\":\"https:\/\/kleinmetals.kreativloft.ch\/wp-content\/uploads\/104-2-1.png\",\"contentUrl\":\"https:\/\/kleinmetals.kreativloft.ch\/wp-content\/uploads\/104-2-1.png\",\"width\":1000,\"height\":1000},{\"@type\":\"BreadcrumbList\",\"@id\":\"https:\/\/kleinmetals.kreativloft.ch\/fr\/produkt\/finemac\/#breadcrumb\",\"itemListElement\":[{\"@type\":\"ListItem\",\"position\":1,\"name\":\"Startseite\",\"item\":\"https:\/\/kleinmetals.kreativloft.ch\/fr\/\"},{\"@type\":\"ListItem\",\"position\":2,\"name\":\"Produits\",\"item\":\"https:\/\/kleinmetals.kreativloft.ch\/fr\/produits\/\"},{\"@type\":\"ListItem\",\"position\":3,\"name\":\"Finemac\"}]},{\"@type\":\"WebSite\",\"@id\":\"https:\/\/kleinmetals.kreativloft.ch\/fr\/#website\",\"url\":\"https:\/\/kleinmetals.kreativloft.ch\/fr\/\",\"name\":\"L.Klein AG Edelstaehle und Metalle\",\"description\":\"Handel mit hochwertigen Edelst\u00e4hlen und metallischen Rohstoffen\",\"publisher\":{\"@id\":\"https:\/\/kleinmetals.kreativloft.ch\/fr\/#organization\"},\"potentialAction\":[{\"@type\":\"SearchAction\",\"target\":{\"@type\":\"EntryPoint\",\"urlTemplate\":\"https:\/\/kleinmetals.kreativloft.ch\/fr\/?s={search_term_string}\"},\"query-input\":{\"@type\":\"PropertyValueSpecification\",\"valueRequired\":true,\"valueName\":\"search_term_string\"}}],\"inLanguage\":\"fr-FR\"},{\"@type\":\"Organization\",\"@id\":\"https:\/\/kleinmetals.kreativloft.ch\/fr\/#organization\",\"name\":\"L.Klein SA\",\"url\":\"https:\/\/kleinmetals.kreativloft.ch\/fr\/\",\"logo\":{\"@type\":\"ImageObject\",\"inLanguage\":\"fr-FR\",\"@id\":\"https:\/\/kleinmetals.kreativloft.ch\/fr\/#\/schema\/logo\/image\/\",\"url\":\"https:\/\/kleinmetals.kreativloft.ch\/wp-content\/uploads\/L-Klein-SA-Logo.svg\",\"contentUrl\":\"https:\/\/kleinmetals.kreativloft.ch\/wp-content\/uploads\/L-Klein-SA-Logo.svg\",\"width\":275,\"height\":86,\"caption\":\"L.Klein SA\"},\"image\":{\"@id\":\"https:\/\/kleinmetals.kreativloft.ch\/fr\/#\/schema\/logo\/image\/\"},\"sameAs\":[\"https:\/\/www.linkedin.com\/company\/l.-klein-sa\/\"]}]}<\/script>\n<!-- \/ Yoast SEO plugin. -->","yoast_head_json":{"title":"Finemac - L.Klein SA - Premium Steel and Metals","robots":{"index":"noindex","follow":"follow","max-snippet":"max-snippet:-1","max-image-preview":"max-image-preview:large","max-video-preview":"max-video-preview:-1"},"og_locale":"fr_FR","og_type":"article","og_title":"Finemac - L.Klein SA - Premium Steel and Metals","og_description":"R\u00e9sum\u00e9 D\u00e9nomination Klein: Finemac Classe de m\u00e9taux: Num\u00e9ro mati\u00e8re: Norme EN: RoHS 2 \u2013 2011\/65\/EU: Usinabilit\u00e9: Capacit\u00e9 de durcissement: [&hellip;]","og_url":"https:\/\/kleinmetals.kreativloft.ch\/fr\/produkt\/finemac\/","og_site_name":"L.Klein SA - Premium Steel and Metals","article_modified_time":"2024-03-28T09:51:47+00:00","og_image":[{"width":1000,"height":1000,"url":"https:\/\/kleinmetals.kreativloft.ch\/wp-content\/uploads\/104-2-1.png","type":"image\/png"}],"schema":{"@context":"https:\/\/schema.org","@graph":[{"@type":"WebPage","@id":"https:\/\/kleinmetals.kreativloft.ch\/fr\/produkt\/finemac\/","url":"https:\/\/kleinmetals.kreativloft.ch\/fr\/produkt\/finemac\/","name":"Finemac - L.Klein SA - Premium Steel and Metals","isPartOf":{"@id":"https:\/\/kleinmetals.kreativloft.ch\/fr\/#website"},"primaryImageOfPage":{"@id":"https:\/\/kleinmetals.kreativloft.ch\/fr\/produkt\/finemac\/#primaryimage"},"image":{"@id":"https:\/\/kleinmetals.kreativloft.ch\/fr\/produkt\/finemac\/#primaryimage"},"thumbnailUrl":"https:\/\/kleinmetals.kreativloft.ch\/wp-content\/uploads\/104-2-1.png","datePublished":"2024-03-26T10:36:51+00:00","dateModified":"2024-03-28T09:51:47+00:00","breadcrumb":{"@id":"https:\/\/kleinmetals.kreativloft.ch\/fr\/produkt\/finemac\/#breadcrumb"},"inLanguage":"fr-FR","potentialAction":[{"@type":"ReadAction","target":["https:\/\/kleinmetals.kreativloft.ch\/fr\/produkt\/finemac\/"]}]},{"@type":"ImageObject","inLanguage":"fr-FR","@id":"https:\/\/kleinmetals.kreativloft.ch\/fr\/produkt\/finemac\/#primaryimage","url":"https:\/\/kleinmetals.kreativloft.ch\/wp-content\/uploads\/104-2-1.png","contentUrl":"https:\/\/kleinmetals.kreativloft.ch\/wp-content\/uploads\/104-2-1.png","width":1000,"height":1000},{"@type":"BreadcrumbList","@id":"https:\/\/kleinmetals.kreativloft.ch\/fr\/produkt\/finemac\/#breadcrumb","itemListElement":[{"@type":"ListItem","position":1,"name":"Startseite","item":"https:\/\/kleinmetals.kreativloft.ch\/fr\/"},{"@type":"ListItem","position":2,"name":"Produits","item":"https:\/\/kleinmetals.kreativloft.ch\/fr\/produits\/"},{"@type":"ListItem","position":3,"name":"Finemac"}]},{"@type":"WebSite","@id":"https:\/\/kleinmetals.kreativloft.ch\/fr\/#website","url":"https:\/\/kleinmetals.kreativloft.ch\/fr\/","name":"L.Klein AG Edelstaehle und Metalle","description":"Handel mit hochwertigen Edelst\u00e4hlen und metallischen Rohstoffen","publisher":{"@id":"https:\/\/kleinmetals.kreativloft.ch\/fr\/#organization"},"potentialAction":[{"@type":"SearchAction","target":{"@type":"EntryPoint","urlTemplate":"https:\/\/kleinmetals.kreativloft.ch\/fr\/?s={search_term_string}"},"query-input":{"@type":"PropertyValueSpecification","valueRequired":true,"valueName":"search_term_string"}}],"inLanguage":"fr-FR"},{"@type":"Organization","@id":"https:\/\/kleinmetals.kreativloft.ch\/fr\/#organization","name":"L.Klein SA","url":"https:\/\/kleinmetals.kreativloft.ch\/fr\/","logo":{"@type":"ImageObject","inLanguage":"fr-FR","@id":"https:\/\/kleinmetals.kreativloft.ch\/fr\/#\/schema\/logo\/image\/","url":"https:\/\/kleinmetals.kreativloft.ch\/wp-content\/uploads\/L-Klein-SA-Logo.svg","contentUrl":"https:\/\/kleinmetals.kreativloft.ch\/wp-content\/uploads\/L-Klein-SA-Logo.svg","width":275,"height":86,"caption":"L.Klein SA"},"image":{"@id":"https:\/\/kleinmetals.kreativloft.ch\/fr\/#\/schema\/logo\/image\/"},"sameAs":["https:\/\/www.linkedin.com\/company\/l.-klein-sa\/"]}]}},"_links":{"self":[{"href":"https:\/\/kleinmetals.kreativloft.ch\/fr\/wp-json\/wp\/v2\/product\/191954","targetHints":{"allow":["GET"]}}],"collection":[{"href":"https:\/\/kleinmetals.kreativloft.ch\/fr\/wp-json\/wp\/v2\/product"}],"about":[{"href":"https:\/\/kleinmetals.kreativloft.ch\/fr\/wp-json\/wp\/v2\/types\/product"}],"wp:featuredmedia":[{"embeddable":true,"href":"https:\/\/kleinmetals.kreativloft.ch\/fr\/wp-json\/wp\/v2\/media\/185664"}],"wp:attachment":[{"href":"https:\/\/kleinmetals.kreativloft.ch\/fr\/wp-json\/wp\/v2\/media?parent=191954"}],"wp:term":[{"taxonomy":"product_cat","embeddable":true,"href":"https:\/\/kleinmetals.kreativloft.ch\/fr\/wp-json\/wp\/v2\/product_cat?post=191954"},{"taxonomy":"product_tag","embeddable":true,"href":"https:\/\/kleinmetals.kreativloft.ch\/fr\/wp-json\/wp\/v2\/product_tag?post=191954"}],"curies":[{"name":"wp","href":"https:\/\/api.w.org\/{rel}","templated":true}]}}